{"id":145486,"date":"2024-11-29T12:22:38","date_gmt":"2024-11-29T11:22:38","guid":{"rendered":"https:\/\/www.mallorcaguru.es\/regions-vinicoles-mallorca\/"},"modified":"2026-01-20T12:25:26","modified_gmt":"2026-01-20T11:25:26","slug":"regions-vinicoles-mallorca","status":"publish","type":"page","link":"https:\/\/www.mallorcaguru.es\/ca\/regions-vinicoles-mallorca\/","title":{"rendered":"Regions Vin\u00edcoles Mallorca"},"content":{"rendered":"\t\t<div data-elementor-type=\"wp-post\" data-elementor-id=\"145486\" class=\"elementor elementor-145486 elementor-144912\" data-elementor-post-type=\"page\">\n\t\t\t\t\t\t<section class=\"elementor-section elementor-top-section elementor-element elementor-element-7f1a399e elementor-section-boxed elementor-section-height-default elementor-section-height-default\" data-id=\"7f1a399e\" data-element_type=\"section\" data-e-type=\"section\">\n\t\t\t\t\t\t<div class=\"elementor-container elementor-column-gap-default\">\n\t\t\t\t\t<div class=\"elementor-column elementor-col-100 elementor-top-column elementor-element elementor-element-23f53454\" data-id=\"23f53454\" data-element_type=\"column\" data-e-type=\"column\">\n\t\t\t<div class=\"elementor-widget-wrap elementor-element-populated\">\n\t\t\t\t\t\t<div class=\"elementor-element elementor-element-a10b1e elementor-widget elementor-widget-text-editor\" data-id=\"a10b1e\" data-element_type=\"widget\" data-e-type=\"widget\" data-widget_type=\"text-editor.default\">\n\t\t\t\t<div class=\"elementor-widget-container\">\n\t\t\t\t\t\t\t\t\t<h2 style=\"padding-left: 40px;\"><span style=\"font-size: 14pt;\">Regions Vin\u00edcoles Mallorca<\/span><\/h2>\n<p><\/p>\n<h3 style=\"padding-left: 40px;\">La hist\u00f2ria de la vinificaci\u00f3 a Mallorca<\/h3>\n<p><\/p>\n<p style=\"padding-left: 40px;\">La hist\u00f2ria de la vinificaci\u00f3 a Mallorca es remunta a l\u2019antiguitat, resseguint una rica tradici\u00f3 que s\u2019entrella\u00e7a amb l\u2019evoluci\u00f3 cultural i agr\u00edcola de l\u2019illa. La viticultura probablement va ser introdu\u00efda pels fenicis i m\u00e9s tard ampliada pels romans, que van recon\u00e8ixer la terra f\u00e8rtil i el clima favorable de l\u2019illa. Al llarg dels segles, l\u2019elaboraci\u00f3 del vi es va integrar profundament en les pr\u00e0ctiques agr\u00edcoles de Mallorca. La influ\u00e8ncia morisca va deixar empremta amb t\u00e8cniques de reg avan\u00e7ades que van impulsar el cultiu de la vinya, malgrat les restriccions isl\u00e0miques al consum d\u2019alcohol.<br \/>\nDespr\u00e9s de la reconquesta cristiana al segle XIII, les vinyes van florir com a part del boom vitivin\u00edcola mediterrani m\u00e9s ampli. No obstant aix\u00f2, la ind\u00fastria es va enfrontar a reptes, especialment durant l\u2019esclat de la fil\u00b7loxera a finals del segle XIX, que va devastar vinyes d\u2019arreu d\u2019Europa, inclosa Mallorca. Aix\u00f2 va provocar una transformaci\u00f3 important i gaireb\u00e9 va provocar l\u2019enfonsament de la tradici\u00f3 vitivin\u00edcola a l\u2019illa. La recuperaci\u00f3 va ser lenta, per\u00f2 a mitjans del segle XX es van comen\u00e7ar a fer esfor\u00e7os per reviure les varietats tradicionals de ra\u00efm i millorar la qualitat.<br \/>\nAvui dia, Mallorca acull nombroses vinyes i cellers que produeixen vins que reflecteixen el terroir \u00fanic de l\u2019illa. El ressorgiment es caracteritza per centrar-se en varietats de ra\u00efm aut\u00f2ctones com Manto Negro i Callet, que es celebren pels seus diferents perfils de sabor. Aquests vins capturen l\u2019ess\u00e8ncia de Mallorca, unint el llegat hist\u00f2ric de l\u2019illa amb la innovaci\u00f3 moderna.<\/p>\n<p><\/p>\n<p style=\"padding-left: 40px;\">Les varietats de ra\u00efm \u00faniques de Malllorca nodreixen un patrimoni vitivin\u00edcola distintiu, caracteritzat per les seves varietats \u00faniques que contribueixen a la creixent reputaci\u00f3 de l\u2019illa en la comunitat vin\u00edcola internacional. Els diversos microclimes de l\u2019illa i els diversos tipus de s\u00f2ls creen un entorn ideal per a la viticultura, permetent que les varietats de ra\u00efm aut\u00f2ctones floreixin i confereixen caracter\u00edstiques singulars als vins mallorquins. Entre les varietats aut\u00f2ctones m\u00e9s destacades hi ha Manto Negro, un ra\u00efm negre que s\u2019utilitza sovint com a component principal en les c\u00e8lebres mescles vermelles de l\u2019illa.<br \/>\nAquesta varietat prospera al s\u00f2l predominantment calcari de Mallorca, oferint vins de textura suau, cos mitj\u00e0 i sabors que van des de fruites vermelles fins a matisos terrosos, sovint acompanyats d\u2019un toc d\u2019esp\u00e8cies. Un altre ra\u00efm imprescindible \u00e9s el Callet, conegut per produir negres lleugers i arom\u00e0tics amb tanins elegants. Aquesta varietat ha vist un ressorgiment a les vinyes locals i \u00e9s apreciada per la seva capacitat per produir vins amb un aut\u00e8ntic sentit del lloc, que encarnen el clima c\u00e0lid i mediterrani. Pel que fa al vi blanc, el ra\u00efm Moll, tamb\u00e9 conegut com Prensal Blanc, \u00e9s apreciat per la seva acidesa brillant i notes c\u00edtriques, que el fan perfecte per a blancs frescos i arom\u00e0tics que reflecteixen l\u2019ambient assolellat de Mallorca. Aquestes varietats aut\u00f2ctones no nom\u00e9s mostren la dedicaci\u00f3 de l\u2019illa a preservar la seva identitat vin\u00edcola sin\u00f3 que tamb\u00e9 ofereixen als aficionats al vi un viatge sensorial \u00fanic que defineix l\u2019ess\u00e8ncia del terroir mallorqu\u00ed.<\/p>\n<p><\/p>\n<p style=\"padding-left: 40px;\"><img decoding=\"async\" class=\"alignleft wp-image-144933 size-thumbnail\" title=\"Regions Vin\u00edcoles Mallorca\" src=\"https:\/\/www.mallorcaguru.es\/wp-content\/uploads\/2024\/11\/DO-Binissalem-Mallorca--150x150.png\" sizes=\"(max-width: 150px) 100vw, 150px\" srcset=\"https:\/\/www.mallorcaguru.es\/wp-content\/uploads\/2024\/11\/DO-Binissalem-Mallorca--150x150.png 150w, https:\/\/www.mallorcaguru.es\/wp-content\/uploads\/2024\/11\/DO-Binissalem-Mallorca--780x780.png 780w\" alt=\"Regions Vin\u00edcoles Mallorca\" width=\"150\" height=\"150\" data-src=\"https:\/\/www.mallorcaguru.es\/wp-content\/uploads\/2024\/11\/DO-Binissalem-Mallorca--150x150.png\" data-srcset=\"https:\/\/www.mallorcaguru.es\/wp-content\/uploads\/2024\/11\/DO-Binissalem-Mallorca--150x150.png 150w, https:\/\/www.mallorcaguru.es\/wp-content\/uploads\/2024\/11\/DO-Binissalem-Mallorca--780x780.png 780w\" \/>La\u00a0<strong>DO Binissalem<\/strong>, establerta l\u2019any 1990 situada al centre de Mallorca, \u00e9s potser la m\u00e9s reconeguda. Aquesta regi\u00f3 \u00e9s coneguda pel seu s\u00f2l ric en pedra calc\u00e0ria i els estius calorosos i secs, ideals per produir vins negres robusts, especialment del ra\u00efm aut\u00f2cton Manto Negro. Binissalem tamb\u00e9 produeix excel\u00b7lents blancs, sovint utilitzant el ra\u00efm aut\u00f2cton Moll, Prensal Blanc. Els cellers destacats que dinamitzen el panorama vitivin\u00edcola de Mallorca s\u00f3n Bodegas Jos\u00e9 L. Ferrer Binissalem i Maci\u00e0 Batle Santa Maria del Cam\u00ed, tots dos molt arrelats a la tradici\u00f3 per\u00f2 oberts a les t\u00e8cniques modernes.<\/p>\n<p><\/p>\n<p style=\"padding-left: 40px;\"><img decoding=\"async\" class=\"alignleft wp-image-144927 size-thumbnail\" title=\"Regions Vin\u00edcoles Mallorca\" src=\"https:\/\/www.mallorcaguru.es\/wp-content\/uploads\/2024\/11\/DO-Pla-Y-Llevant-Mallorca--150x150.png\" sizes=\"(max-width: 150px) 100vw, 150px\" srcset=\"https:\/\/www.mallorcaguru.es\/wp-content\/uploads\/2024\/11\/DO-Pla-Y-Llevant-Mallorca--150x150.png 150w, https:\/\/www.mallorcaguru.es\/wp-content\/uploads\/2024\/11\/DO-Pla-Y-Llevant-Mallorca--780x780.png 780w\" alt=\"Regions Vin\u00edcoles Mallorca\" width=\"150\" height=\"150\" data-src=\"https:\/\/www.mallorcaguru.es\/wp-content\/uploads\/2024\/11\/DO-Pla-Y-Llevant-Mallorca--150x150.png\" data-srcset=\"https:\/\/www.mallorcaguru.es\/wp-content\/uploads\/2024\/11\/DO-Pla-Y-Llevant-Mallorca--150x150.png 150w, https:\/\/www.mallorcaguru.es\/wp-content\/uploads\/2024\/11\/DO-Pla-Y-Llevant-Mallorca--780x780.png 780w\" \/>La\u00a0<strong>DO Pla i Llevant<\/strong>, establerta l\u2019any 1999 a la costa est de l\u2019illa i la zona central de l\u2019illa, mostra una barreja de varietats tradicionals i combinacions innovadores que reflecteixen la diversitat del territori de la regi\u00f3. Aqu\u00ed s\u2019elaboren tant negres com blancs, destacant Callet i Fogoneu entre els negres, mentre que Moscatel i Macabeu brillen en els blancs.<\/p>\n<p><\/p>\n<p style=\"padding-left: 40px;\">Els vins de Mallorca es produeixen fora de les zones de les dues denominacions de vi reconegudes els vins produ\u00efts en qualsevol d\u2019aquestes zones estan autoritzats a utilitzar la denominaci\u00f3 de<strong>\u00a0DO Mallorca<\/strong>, molts d\u2019aquests s\u00f3n de m\u00e9s qualitat, tamb\u00e9 hi ha vinyes dins de les denominacions que no en s\u00f3n membres. tamb\u00e9 produeixen vins de major qualitat optant per no incorporar-se a la denominaci\u00f3 perqu\u00e8 treballen amb varietats de ra\u00efm menys tradicionals no permeses per la denominaci\u00f3.<\/p>\n<p><\/p>\n<p style=\"padding-left: 40px;\"><img fetchpriority=\"high\" decoding=\"async\" class=\"size-full wp-image-144921 aligncenter\" title=\"Regions Vin\u00edcoles Mallorca\" src=\"https:\/\/www.mallorcaguru.es\/wp-content\/smush-avif\/2024\/11\/images.png.avif\" sizes=\"(max-width: 442px) 100vw, 442px\" srcset=\"https:\/\/www.mallorcaguru.es\/wp-content\/smush-avif\/2024\/11\/images.png.avif 442w, https:\/\/www.mallorcaguru.es\/wp-content\/smush-avif\/2024\/11\/images-300x77.png.avif 300w\" alt=\"Regions Vin\u00edcoles Mallorca\" width=\"442\" height=\"114\" data-src=\"https:\/\/www.mallorcaguru.es\/wp-content\/smush-avif\/2024\/11\/images.png.avif\" data-srcset=\"https:\/\/www.mallorcaguru.es\/wp-content\/smush-avif\/2024\/11\/images.png.avif 442w, https:\/\/www.mallorcaguru.es\/wp-content\/smush-avif\/2024\/11\/images-300x77.png.avif 300w\" data-smush-avif-fallback=\"{&quot;data-src&quot;:&quot;https:\\\/\\\/www.mallorcaguru.es\\\/wp-content\\\/smush-avif\\\/2024\\\/11\\\/images.png.avif&quot;,&quot;data-srcset&quot;:&quot;https:\\\/\\\/www.mallorcaguru.es\\\/wp-content\\\/smush-avif\\\/2024\\\/11\\\/images.png.avif 442w, https:\\\/\\\/www.mallorcaguru.es\\\/wp-content\\\/smush-avif\\\/2024\\\/11\\\/images-300x77.png.avif 300w&quot;}\" \/><\/p>\n<p><\/p>\n<p style=\"padding-left: 40px;\">La sostenibilitat s\u2019ha convertit en una pedra angular de la ind\u00fastria vitivin\u00edcola de Mallorca, ja que els viticultors de l\u2019illa adopten cada cop m\u00e9s pr\u00e0ctiques ecol\u00f2giques per preservar l\u2019entorn \u00fanic i millorar la qualitat dels seus vins. Els en\u00f2legs s\u00f3n molt conscients del delicat equilibri necessari per mantenir la rica biodiversitat de l\u2019illa alhora que produeixen vins d\u2019alta qualitat que reflecteixen el terroir caracter\u00edstic. Moltes vinyes mallorquines han optat per m\u00e8todes d\u2019agricultura ecol\u00f2gica, eliminant l\u2019\u00fas de productes qu\u00edmics sint\u00e8tics per afavorir la salut del s\u00f2l i les vinyes. En adoptar la viticultura ecol\u00f2gica, asseguren que es respecta l\u2019ecosistema natural, afavorint el creixement d\u2019insectes i plantes beneficioses que contribueixen a un entorn de vinya equilibrat.<br \/>\nLa gesti\u00f3 de l\u2019aigua \u00e9s un altre aspecte cr\u00edtic, donats els recursos h\u00eddrics limitats de l\u2019illa. Els cellers estan invertint en sistemes de reg avan\u00e7ats que minimitzen els residus i optimitzen l\u2019\u00fas de l\u2019aigua, assegurant que les vinyes rebin la quantitat adequada d\u2019hidrataci\u00f3 sense esgotar les reserves d\u2019aigua locals. A m\u00e9s, l\u2019\u00e8mfasi en les fonts d\u2019energia renovables, com els panells solars, ha perm\u00e8s a algunes vinyes reduir significativament la seva petjada de carboni, alineant les seves operacions amb objectius ambientals m\u00e9s amplis. A m\u00e9s, hi ha un comprom\u00eds creixent per reduir els residus i fomentar el reciclatge, tant a la producci\u00f3 de vi com a la comunitat en general. Amb l\u2019adopci\u00f3 d\u2019aquestes pr\u00e0ctiques sostenibles, la ind\u00fastria vitivin\u00edcola de Mallorca s\u2019esfor\u00e7a per protegir els seus paisatges naturals alhora que continua produint vins excepcionals que es poden assaborir tant a nivell local com internacional.<\/p>\n<p><\/p>\n<hr \/>\n<p><\/p>\n<p style=\"padding-left: 40px;\">Si ets un apassionat dels vins mallorquins i vols viure entre les vinyes i gaudir del paisatge \u00fanic que ofereixen les regions vin\u00edcoles de Mallorca i potser cultivar vinyes pr\u00f2pies als s\u00f2ls f\u00e8rtils i un paisatge favorable de l\u2019illa la nostra selecci\u00f3 de propietats en venda dins del les denominacions es troben als enlla\u00e7os a les denominacions seg\u00fcents.<\/p>\n<p><\/p>\n<p style=\"padding-left: 40px;\"><a href=\"https:\/\/www.mallorcaguru.es\/ca\/\u00e0rea\/denominacio-dorigen-vi-binissalem-mallorca\/\" target=\"_blank\" rel=\"noopener\"><img loading=\"lazy\" decoding=\"async\" class=\"aligncenter wp-image-144941\" title=\"Regions Vin\u00edcoles Mallorca\" src=\"https:\/\/www.mallorcaguru.es\/wp-content\/smush-avif\/2024\/11\/1257808-300x104.jpg.avif\" sizes=\"(max-width: 251px) 100vw, 251px\" srcset=\"https:\/\/www.mallorcaguru.es\/wp-content\/smush-avif\/2024\/11\/1257808-300x104.jpg.avif 300w, https:\/\/www.mallorcaguru.es\/wp-content\/smush-avif\/2024\/11\/1257808-592x208.jpg.avif 592w, https:\/\/www.mallorcaguru.es\/wp-content\/smush-avif\/2024\/11\/1257808-496x172.jpg.avif 496w, https:\/\/www.mallorcaguru.es\/wp-content\/smush-avif\/2024\/11\/1257808.jpg.avif 600w\" alt=\"Regions Vin\u00edcoles Mallorca\" width=\"251\" height=\"87\" data-src=\"https:\/\/www.mallorcaguru.es\/wp-content\/smush-avif\/2024\/11\/1257808-300x104.jpg.avif\" data-srcset=\"https:\/\/www.mallorcaguru.es\/wp-content\/smush-avif\/2024\/11\/1257808-300x104.jpg.avif 300w, https:\/\/www.mallorcaguru.es\/wp-content\/smush-avif\/2024\/11\/1257808-592x208.jpg.avif 592w, https:\/\/www.mallorcaguru.es\/wp-content\/smush-avif\/2024\/11\/1257808-496x172.jpg.avif 496w, https:\/\/www.mallorcaguru.es\/wp-content\/smush-avif\/2024\/11\/1257808.jpg.avif 600w\" data-smush-avif-fallback=\"{&quot;data-src&quot;:&quot;https:\\\/\\\/www.mallorcaguru.es\\\/wp-content\\\/smush-avif\\\/2024\\\/11\\\/1257808-300x104.jpg.avif&quot;,&quot;data-srcset&quot;:&quot;https:\\\/\\\/www.mallorcaguru.es\\\/wp-content\\\/smush-avif\\\/2024\\\/11\\\/1257808-300x104.jpg.avif 300w, https:\\\/\\\/www.mallorcaguru.es\\\/wp-content\\\/smush-avif\\\/2024\\\/11\\\/1257808-592x208.jpg.avif 592w, https:\\\/\\\/www.mallorcaguru.es\\\/wp-content\\\/smush-avif\\\/2024\\\/11\\\/1257808-496x172.jpg.avif 496w, https:\\\/\\\/www.mallorcaguru.es\\\/wp-content\\\/smush-avif\\\/2024\\\/11\\\/1257808.jpg.avif 600w&quot;}\" \/><\/a><\/p>\n<p><\/p>\n<p style=\"padding-left: 40px;\"><a href=\"https:\/\/www.mallorcaguru.es\/ca\/\u00e0rea\/denominacio-dorigen-pla-i-llevant\/\" target=\"_blank\" rel=\"noopener\"><img loading=\"lazy\" decoding=\"async\" class=\"aligncenter wp-image-144946 size-medium\" title=\"Regions Vin\u00edcoles Mallorca\" src=\"https:\/\/www.mallorcaguru.es\/wp-content\/smush-avif\/2024\/11\/DO_3-300x233.jpg.avif\" sizes=\"(max-width: 300px) 100vw, 300px\" srcset=\"https:\/\/www.mallorcaguru.es\/wp-content\/smush-avif\/2024\/11\/DO_3-300x233.jpg.avif 300w, https:\/\/www.mallorcaguru.es\/wp-content\/smush-avif\/2024\/11\/DO_3.jpg.avif 470w\" alt=\"Regions Vin\u00edcoles Mallorca\" width=\"300\" height=\"233\" data-src=\"https:\/\/www.mallorcaguru.es\/wp-content\/smush-avif\/2024\/11\/DO_3-300x233.jpg.avif\" data-srcset=\"https:\/\/www.mallorcaguru.es\/wp-content\/smush-avif\/2024\/11\/DO_3-300x233.jpg.avif 300w, https:\/\/www.mallorcaguru.es\/wp-content\/smush-avif\/2024\/11\/DO_3.jpg.avif 470w\" data-smush-avif-fallback=\"{&quot;data-src&quot;:&quot;https:\\\/\\\/www.mallorcaguru.es\\\/wp-content\\\/smush-avif\\\/2024\\\/11\\\/DO_3-300x233.jpg.avif&quot;,&quot;data-srcset&quot;:&quot;https:\\\/\\\/www.mallorcaguru.es\\\/wp-content\\\/smush-avif\\\/2024\\\/11\\\/DO_3-300x233.jpg.avif 300w, https:\\\/\\\/www.mallorcaguru.es\\\/wp-content\\\/smush-avif\\\/2024\\\/11\\\/DO_3.jpg.avif 470w&quot;}\" \/><\/a><\/p>\n<p><\/p>\n<p style=\"padding-left: 40px;\">\n\t\t\t\t\t\t\t\t<\/div>\n\t\t\t\t<\/div>\n\t\t\t\t\t<\/div>\n\t\t<\/div>\n\t\t\t\t\t<\/div>\n\t\t<\/section>\n\t\t\t\t<\/div>\n\t\t","protected":false},"excerpt":{"rendered":"<p>Regions Vin\u00edcoles Mallorca La hist\u00f2ria de la vinificaci\u00f3 a Mallorca La hist\u00f2ria de la vinificaci\u00f3 a Mallorca es remunta a l\u2019antiguitat, resseguint una rica tradici\u00f3 que s\u2019entrella\u00e7a amb l\u2019evoluci\u00f3 cultural i agr\u00edcola de l\u2019illa. La viticultura probablement va ser introdu\u00efda pels fenicis i m\u00e9s tard ampliada pels romans, que van recon\u00e8ixer la terra f\u00e8rtil i [&hellip;]<\/p>\n","protected":false},"author":1,"featured_media":144917,"parent":0,"menu_order":0,"comment_status":"closed","ping_status":"closed","template":"elementor_theme","meta":{"footnotes":""},"categories":[3339],"tags":[],"class_list":["post-145486","page","type-page","status-publish","has-post-thumbnail","hentry","category-articles-de-publicacions-generals"],"_links":{"self":[{"href":"https:\/\/www.mallorcaguru.es\/ca\/wp-json\/wp\/v2\/pages\/145486","targetHints":{"allow":["GET"]}}],"collection":[{"href":"https:\/\/www.mallorcaguru.es\/ca\/wp-json\/wp\/v2\/pages"}],"about":[{"href":"https:\/\/www.mallorcaguru.es\/ca\/wp-json\/wp\/v2\/types\/page"}],"author":[{"embeddable":true,"href":"https:\/\/www.mallorcaguru.es\/ca\/wp-json\/wp\/v2\/users\/1"}],"replies":[{"embeddable":true,"href":"https:\/\/www.mallorcaguru.es\/ca\/wp-json\/wp\/v2\/comments?post=145486"}],"version-history":[{"count":0,"href":"https:\/\/www.mallorcaguru.es\/ca\/wp-json\/wp\/v2\/pages\/145486\/revisions"}],"wp:featuredmedia":[{"embeddable":true,"href":"https:\/\/www.mallorcaguru.es\/ca\/wp-json\/wp\/v2\/media\/144917"}],"wp:attachment":[{"href":"https:\/\/www.mallorcaguru.es\/ca\/wp-json\/wp\/v2\/media?parent=145486"}],"wp:term":[{"taxonomy":"category","embeddable":true,"href":"https:\/\/www.mallorcaguru.es\/ca\/wp-json\/wp\/v2\/categories?post=145486"},{"taxonomy":"post_tag","embeddable":true,"href":"https:\/\/www.mallorcaguru.es\/ca\/wp-json\/wp\/v2\/tags?post=145486"}],"curies":[{"name":"wp","href":"https:\/\/api.w.org\/{rel}","templated":true}]}}