{"id":34899,"date":"2022-07-15T15:22:51","date_gmt":"2022-07-15T13:22:51","guid":{"rendered":"https:\/\/www.mallorcaguru.es\/guia-per-a-compradors-dimmobles-a-mallorca\/"},"modified":"2026-01-20T12:37:50","modified_gmt":"2026-01-20T11:37:50","slug":"guia-per-a-compradors-dimmobles-a-mallorca","status":"publish","type":"page","link":"https:\/\/www.mallorcaguru.es\/ca\/guia-per-a-compradors-dimmobles-a-mallorca\/","title":{"rendered":"Guia per a compradors d&#8217;immobles a Mallorca"},"content":{"rendered":"\t\t<div data-elementor-type=\"wp-post\" data-elementor-id=\"34899\" class=\"elementor elementor-34899 elementor-30512\" data-elementor-post-type=\"page\">\n\t\t\t\t\t\t<section class=\"elementor-section elementor-top-section elementor-element elementor-element-4873c352 elementor-section-boxed elementor-section-height-default elementor-section-height-default\" data-id=\"4873c352\" data-element_type=\"section\" data-e-type=\"section\">\n\t\t\t\t\t\t<div class=\"elementor-container elementor-column-gap-default\">\n\t\t\t\t\t<div class=\"elementor-column elementor-col-100 elementor-top-column elementor-element elementor-element-3868393e\" data-id=\"3868393e\" data-element_type=\"column\" data-e-type=\"column\">\n\t\t\t<div class=\"elementor-widget-wrap elementor-element-populated\">\n\t\t\t\t\t\t<div class=\"elementor-element elementor-element-4b6aaca6 elementor-widget elementor-widget-text-editor\" data-id=\"4b6aaca6\" data-element_type=\"widget\" data-e-type=\"widget\" data-widget_type=\"text-editor.default\">\n\t\t\t\t<div class=\"elementor-widget-container\">\n\t\t\t\t\t\t\t\t\t<p style=\"padding-left: 40px;\"><strong><span style=\"font-size: 12pt;\">Guia per a compradors d&#8217;immobles a Mallorca<\/span><\/strong><\/p>\n<p>&nbsp;<\/p>\n<p style=\"padding-left: 40px;\">Comprar una propietat a Mallorca pot ser complex amb molts elements diferents a tenir en compte, estem aqu\u00ed per ajudar-vos.<\/p>\n<p><strong><span style=\"font-size: 12pt;\">En comprar una propietat a Mallorca com a ciutad\u00e0 d&#8217;un estat membre de la UE. <\/span><\/strong><\/p>\n<p>&nbsp;<\/p>\n<p style=\"padding-left: 40px;\">Per comprar una propietat i obrir un compte bancari per als c\u00e0rrecs per impostos locals i factures de serveis necessitareu un <strong>NIE <\/strong>m\u00e9s formalment conegut com a <b>N\u00famero d&#8217;identitat d&#8217;estranger<\/b>.<\/p>\n<p>El <b>NIE<\/b> \u00e9s un n\u00famero d&#8217;identificaci\u00f3 fiscal que serveix per identificar-te i registrar els impostos pagats a l&#8217;Administraci\u00f3 Tribut\u00e0ria espanyola.<\/p>\n<p><\/p>\n<p style=\"padding-left: 40px;\">Les sol\u00b7licituds es poden fer als consolats espanyols del pa\u00eds d&#8217;origen del comprador, per un representant a Espanya o personalment.<\/p>\n<p><\/p>\n<p style=\"padding-left: 40px;\">Es requereix una adre\u00e7a a Espanya per a les notificacions durant el per\u00edode de presentaci\u00f3 de la sol\u00b7licitud, per la qual cosa, si no podeu proporcionar i adre\u00e7ar-vos contractar un representant acreditat com un advocat o una empresa que ofereixi aquest servei normalment \u00e9s l&#8217;opci\u00f3 m\u00e9s senzilla.<\/p>\n<p><\/p>\n<hr style=\"padding-left: 40px;\" \/><\/p>\n<p style=\"padding-left: 40px;\"><strong>Comprar una propietat a Mallorca com a ciutad\u00e0 d&#8217;un estat no membre de la UE, que inclou ciutadans del Regne Unit.<\/strong><\/p>\n<p><\/p>\n<p style=\"padding-left: 40px;\">Tamb\u00e9 \u00e9s necessari el <strong>NIE<\/strong>, ja que el proc\u00e9s pot ser m\u00e9s complex es recomana utilitzar els serveis d&#8217;un advocat o d&#8217;un representant acreditat.<\/p>\n<p><\/p>\n<p style=\"padding-left: 40px;\"><strong>Necessites un perm\u00eds militar espanyol per comprar una propietat a Mallorca?<\/strong><\/p>\n<p><\/p>\n<p style=\"padding-left: 40px;\">El <strong>perm\u00eds militar espanyol<\/strong> es va originar en una llei aprovada l&#8217;any 1975 en relaci\u00f3 a zones o instal\u00b7lacions d&#8217;inter\u00e8s per a la defensa nacional. Aquesta llei obligava als compradors estrangers que volguessin adquirir un immoble en algunes regions d&#8217;Espanya a obtenir un perm\u00eds del Ministeri de Defensa per realitzar qualsevol transacci\u00f3, Mallorca i totes les Illes Balears estan incloses a la llista de regions militars. cal un perm\u00eds.<\/p>\n<p><\/p>\n<p style=\"padding-left: 40px;\">Tot i que la llei data de fa m\u00e9s de 45 anys, actualment encara est\u00e0 vigent en m\u00e9s de 1.500 municipis d&#8217;Espanya que es troben dins de les \u201c\u00c0rees d&#8217;acc\u00e9s restringit a l&#8217;estranger\u201d especificades a la llei de 1975. L&#8217;1 de gener de 2021, el Regne Unit va abandonar oficialment la Uni\u00f3 Europea i els seus ciutadans es van convertir en ciutadans no comunitaris.<\/p>\n<p><\/p>\n<p style=\"padding-left: 40px;\">No obstant aix\u00f2, \u00e9s important destacar que nom\u00e9s cal sol\u00b7licitar aquest perm\u00eds si el comprador estranger vol adquirir un immoble en s\u00f2l r\u00fastic ja que la llei no s&#8217;aplica a la compra d&#8217;una casa, apartament, xalet registrat com a urb\u00e0 o terreny empadronada com a urbana.<\/p>\n<p><\/p>\n<p style=\"padding-left: 40px;\">Tot i que no \u00e9s complicat obtenir un <strong>perm\u00eds militar espanyol<\/strong> un cop presentats tots els tr\u00e0mits, un sol\u00b7licitant estranger podria trigar fins a quatre mesos a rebre-lo. D&#8217;aqu\u00ed la import\u00e0ncia d&#8217;iniciar el proc\u00e9s el m\u00e9s aviat possible per estar a temps de comprar la propietat en el temps requerit.<\/p>\n<p><\/p>\n<p style=\"padding-left: 40px;\">El <strong>perm\u00eds militar<\/strong> s&#8217;aplica fins i tot a aquells que ja tenen una propietat a Espanya per\u00f2 no s\u00f3n ciutadans de la UE, si ven una casa a Espanya per comprar una altra propietat i no s\u00f3n ciutadans d&#8217;un estat de la UE, \u00e9s possible que necessiteu un <strong>perm\u00eds militar <\/strong>per comprar.<\/p>\n<p><\/p>\n<hr style=\"padding-left: 40px;\" \/>\n<h2 style=\"padding-left: 40px;\"><strong><span style=\"font-size: 12pt;\">Urbana v R\u00fastic<\/span><\/strong><\/h2>\n<p><\/p>\n<p style=\"padding-left: 40px;\">Tant els immobles urbans com els r\u00fastics de Mallorca tenen una normativa urban\u00edstica diferent, en general, la normativa urban\u00edstica que s&#8217;aplica a les finques r\u00fastiques \u00e9s m\u00e9s complexa.<\/p>\n<p><\/p>\n<p style=\"padding-left: 40px;\">Moltes propietats r\u00fastiques s\u00f3n en part il\u00b7legals o tenen elements il\u00b7legals.<\/p>\n<p><\/p>\n<p style=\"padding-left: 40px;\">Per a m\u00e9s informaci\u00f3, consulteu<\/p>\n<h3 style=\"padding-left: 40px;\"><a href=\"https:\/\/www.mallorcaguru.es\/ca\/legalitzacio-de-la-propietat-rustica-a-mallorca\/\" target=\"_blank\" rel=\"noopener\"><strong><span style=\"font-size: 12pt;\">Legalitzaci\u00f3 de la propietat r\u00fastica a Mallorca<\/span><\/strong><\/a><\/h3>\n<p><\/p>\n<p style=\"padding-left: 40px;\">El mateix es pot dir de les propietats urbanes, per\u00f2 normalment les solucions s\u00f3n m\u00e9s f\u00e0cils.<\/p>\n<p><\/p>\n<hr style=\"padding-left: 40px;\" \/>\n<h3 style=\"padding-left: 40px;\"><strong><span style=\"font-size: 12pt;\">Els documents b\u00e0sics requerits pel comprador i el seu advocat en la venda d&#8217;una propietat. <\/span><\/strong><\/h3>\n<p><\/p>\n<p style=\"padding-left: 40px;\">La documentaci\u00f3 per a la venda d&#8217;algunes propietats \u00e9s molt m\u00e9s complexa.<\/p>\n<p><\/p>\n<p style=\"padding-left: 40px;\">Molts advocats requeriran la majoria dels documents seg\u00fcents abans d&#8217;escriure i signar una opci\u00f3 de venda, pel comprador i el venedor.<\/p>\n<p><\/p>\n<p style=\"padding-left: 40px;\">Poden acordar excepte nom\u00e9s l&#8217;escriptura de propietat i els documents catastrals per als immobles de gran antiguitat, o que hagin estat propietaris durant molts anys de la mateixa fam\u00edlia que no tinguin cap papera resentida.<\/p>\n<p><\/p>\n<p style=\"padding-left: 40px;\">Una opci\u00f3 de venda inclou detalls que s&#8217;han acordat entre comprador i venedor quant als documents pendents necessaris per a una venda, estableix un termini perqu\u00e8 el venedor els produeixi i una quantitat com a dip\u00f2sit per a la venda que retira la propietat del mercat. Aquestes s\u00f3n una guia general, explicacions m\u00e9s detallades de finques r\u00fastiques, projectes, obra nova, contacteu amb nosaltres.<\/p>\n<h3 style=\"padding-left: 40px;\"><span style=\"font-size: 12pt;\"><strong>Obligatori *<\/strong><\/span><\/h3>\n<p><\/p>\n<p style=\"padding-left: 40px;\">1) <strong>Escritura<\/strong> de propietat i, en el cas d&#8217;her\u00e8ncia, documentaci\u00f3 de canvi de titularitat.<\/p>\n<p><\/p>\n<p style=\"padding-left: 40px;\">) Document de <strong>registre catastral<\/strong> de la finca <strong>Nota Simple<\/strong>.<\/p>\n<p><\/p>\n<p style=\"padding-left: 40px;\">3) \u00daltim rebut de l&#8217;<strong>IB<\/strong> de l&#8217;ajuntament. (Propietat Urbana)<strong>Impost sobre B\u00e9ns Immobles<\/strong>.<\/p>\n<p><\/p>\n<p style=\"padding-left: 40px;\">4) \u00daltim rebut dels impostos sobre basuras. (Propietat Urbana) <strong>Impost de Recogida de Basuras<\/strong>.<\/p>\n<p><\/p>\n<p style=\"padding-left: 40px;\">5) Contractes a nom del propietari per aigua, electricitat, gas, tel\u00e8fon&#8230; No a nom d&#8217;un llogater. 6) Factures finals de qualsevol servei, aigua, llum, gas, tel\u00e8fon a nom del propietari no a nom d&#8217;un llogater.<\/p>\n<p><\/p>\n<p style=\"padding-left: 40px;\">7) <a href=\"https:\/\/www.mallorcaguru.es\/ca\/cedula-de-habitabilidad\/\" target=\"_blank\" rel=\"noopener\"><strong>Certificat d&#8217;Habitabilidad<\/strong><\/a> vigent des de la data d&#8217;expedici\u00f3. La c\u00e8dula t\u00e9 una vig\u00e8ncia de deu anys en qu\u00e8 consta que l&#8217;immoble est\u00e0 reconegut com a espai habitable, indica el nombre de persones que hi poden habitar. A les finques r\u00fastiques sense el certificat es pot denegar la connexi\u00f3 al subministrament el\u00e8ctric, per\u00f2 una finca r\u00fastica amb c\u00e8dula no afecta la seva legalitat una finca r\u00fastica amb el certificat encara pot ser totalment o parcialment il\u00b7legal. Tamb\u00e9 coneguda com a <strong>C\u00e9dula<\/strong>. Cases antigues que mai no han tingut una <strong>c\u00e8dula<\/strong> que \u00e9s com\u00fa als pobles. La f\u00f3rmula \u00e9s sol\u00b7licitar retrospectivament una \u201c<strong>Cedula Carrencia<\/strong>\u201d \u00d7 Aix\u00f2 normalment requereix que un arquitecte presenti la documentaci\u00f3 a l&#8217;ajuntament corresponent i pot trigar algun temps.<\/p>\n<p><\/p>\n<p style=\"padding-left: 40px;\">8)<a href=\"https:\/\/www.mallorcaguru.es\/ca\/certificat-deficiencia-energetica-epc\/\" target=\"_blank\" rel=\"noopener\"> <strong>Certificado de Energia<\/strong><\/a>, un certificat que calcula la quantitat d&#8217;energia utilitzada per una propietat cada any amb una qualificaci\u00f3 d&#8217;A a F. En el cas d&#8217;edificis per reformar aix\u00f2 no \u00e9s obligatori, per\u00f2 la majoria dels advocats dels compradors en voldran una c\u00f2pia i ho tindran en compte. \u00e9s obligatori. \u00d7<\/p>\n<p><\/p>\n<p style=\"padding-left: 40px;\">9) <strong>Certificat de no hi ha infraccions urban\u00edstiques<\/strong>, una notificaci\u00f3 o certificat de l&#8217;ajuntament que no hi ha impostos locals, multes o expedients pendents per infraccions urban\u00edstiques contra la propietat. Amb finques r\u00fastiques aquest pot ser un <strong>Certificat Urban\u00edstic<\/strong> una revisi\u00f3 dels pl\u00e0nols i sol\u00b7licituds de llic\u00e8ncies d&#8217;edificaci\u00f3 per part de l&#8217;ajuntament que demostri que la finca s&#8217;ha constru\u00eft tal com s&#8217;indica a les sol\u00b7licituds de llic\u00e8ncia i que l&#8217;ajuntament accepta que la llic\u00e8ncia s&#8217;ha realitzat correctament i que la finca \u00e9s legal en el seu moment. forma.<\/p>\n<p><\/p>\n<p style=\"padding-left: 40px;\">10)<strong>Expedient de Domini <\/strong>per canvi de llei el 2015. En comprar amb hipoteca els m2 descrits en el document de <strong>Registre Cadastral<\/strong> de l&#8217;immoble, han de coincidir amb els m2 descrits en l&#8217;<strong>Escritura<\/strong>. O el notari no pot vendre legalment la propietat. Cal un estudi topogr\u00e0fic per resoldre aix\u00f2. Tanmateix, no s&#8217;aplica quan no es requereix una hipoteca<\/p>\n<p><\/p>\n<p style=\"padding-left: 40px;\">11) <strong>Un certificat d&#8217;antiguitat<\/strong>, un certificat de l&#8217;antiguitat d&#8217;una casa \u00e9s el document legal i oficial que indica la data en qu\u00e8 es va acabar la construcci\u00f3 de l&#8217;habitatge. A l&#8217;hora de comprar una propietat per reformar aix\u00f2 \u00e9s especialment important, ja que la informaci\u00f3 es recull a partir de fotografies a\u00e8ries a partir de 1956. L&#8217;ajuntament pot limitar la reforma de parts d&#8217;un immoble si no es pot demostrar que sigui una data preexistent a la qual es modifiquen les lleis urban\u00edstiques que afecten el nivell d&#8217;ocupaci\u00f3 perm\u00e8s en solars urbans i r\u00fastics.<\/p>\n<p><\/p>\n<p style=\"padding-left: 40px;\"><strong>Apartaments<\/strong><\/p>\n<p><\/p>\n<p style=\"padding-left: 40px;\">12) Nom\u00e9s aplicable als apartaments, la <strong>ITE<\/strong> \u00e9s una enquesta de les condicions d&#8217;un edifici d&#8217;apartaments sencer. La comunitat de ve\u00efns ha de sol\u00b7licitar i despr\u00e9s actuar sobre els resultats de l&#8217;enquesta o ser multada. S&#8217;aplica als edificis de m\u00e9s de 50 anys d&#8217;antiguitat.<\/p>\n<p><\/p>\n<p style=\"padding-left: 40px;\">13) Apartaments en comunitats de propietaris, certificat del president o administrador de la comunitat on consti que l&#8217;actual propietari ha fet tots els pagaments fins al moment i no t\u00e9 cap quota pendent a pagar a la comunitat.<\/p>\n<p><\/p>\n<p style=\"padding-left: 40px;\">Si est\u00e0s comprant un immoble reformat, \u00e9s possible que el propietari tamb\u00e9 t&#8217;hagi de facilitar la llic\u00e8ncia concedida per a l&#8217;obra de reforma i el <strong>Certificat fin d&#8217;obra.<\/strong><\/p>\n<p><\/p>\n<p style=\"padding-left: 40px;\">Si esteu comprant una propietat que est\u00e0 registrada per a una activitat determinada, com ara una llic\u00e8ncia com a <strong>ETV<\/strong> de lloguer de vacances, o com a botiga, cafeteria o hotel, el propietari haur\u00e0 de proporcionar m\u00e9s documentaci\u00f3 requerida pel vostre advocat.<\/p>\n<p><\/p>\n<p style=\"padding-left: 40px;\">\u00d7 Tingueu en compte en el cas de 7) i 8) aquests certificats es poden anul\u00b7lar quan un immoble es troba en mal estat i no disposa de bany o cuina, \u00e9s a dir, no \u00e9s un habitatge habitable, per\u00f2 aix\u00f2 s&#8217;ha de fer constar en el contracte d&#8217;opci\u00f3 de compra.<\/p>\n<p><\/p>\n<p style=\"padding-left: 40px;\">Per\u00f2 llavors el focus s&#8217;ha de centrar en 9), 10) i 11) Acreditar que l&#8217;immoble no t\u00e9 multes pendents ni problemes urban\u00edstics i que els m2 inscrits tant en les escriptures com en el registre s\u00f3n correctes. I la prova de la legalitat de totes les parts de la construcci\u00f3 \u00e9s vital si voleu sol\u00b7licitar llic\u00e8ncia urban\u00edstica.<\/p>\n<p><\/p>\n<p style=\"padding-left: 40px;\">En cas de dubte, sempre \u00e9s possible fer un <strong>informe<\/strong> a l&#8217;ajuntament associat a l&#8217;immoble sobre qualsevol projecte que vulgueu realitzar, un <strong>Informe<\/strong> \u00e9s un llistat de preguntes que un <strong>Arquitecte T\u00e8cnic<\/strong> o <strong>Aparejador<\/strong> fa a l&#8217;ajuntament.<\/p>\n<p><\/p>\n<p style=\"padding-left: 40px;\">L&#8217;<strong>Informe <\/strong>us donar\u00e0 una guia de les possibilitats i us explicar\u00e0 all\u00f2 que potser no \u00e9s possible. Depenent del nombre de detalls i del tipus de consulta, els costos d&#8217;elaboraci\u00f3 d&#8217;una informaci\u00f3 comencen a menys de 500\u20ac per a una consulta verbal, un cost relativament baix per a una informaci\u00f3 molt valuosa.<\/p>\n<p><\/p>\n<p style=\"padding-left: 40px;\">Per obtenir m\u00e9s informaci\u00f3 sobre els costos de compra d&#8217;impostos i taxes, aix\u00ed com la compra de propietats r\u00fastiques, projectes i propietats per reformar<\/p>\n<p><\/p>\n<p style=\"padding-left: 40px;\">Contacta amb nosaltres si tens dubtes sobre la compra d&#8217;una propietat a Mallorca.<\/p>\n\t\t\t\t\t\t\t\t<\/div>\n\t\t\t\t<\/div>\n\t\t\t\t<div class=\"elementor-element elementor-element-ed628bc elementor-share-buttons--shape-circle elementor-share-buttons--view-icon-text elementor-share-buttons--skin-gradient elementor-grid-0 elementor-share-buttons--color-official elementor-widget elementor-widget-share-buttons\" data-id=\"ed628bc\" data-element_type=\"widget\" data-e-type=\"widget\" data-widget_type=\"share-buttons.default\">\n\t\t\t\t<div class=\"elementor-widget-container\">\n\t\t\t\t\t\t\t<div class=\"elementor-grid\" role=\"list\">\n\t\t\t\t\t\t\t\t<div class=\"elementor-grid-item\" role=\"listitem\">\n\t\t\t\t\t\t<div class=\"elementor-share-btn elementor-share-btn_print\" role=\"button\" tabindex=\"0\" aria-label=\"Share on print\">\n\t\t\t\t\t\t\t\t\t\t\t\t\t\t\t<span class=\"elementor-share-btn__icon\">\n\t\t\t\t\t\t\t\t<i class=\"fas fa-print\" aria-hidden=\"true\"><\/i>\t\t\t\t\t\t\t<\/span>\n\t\t\t\t\t\t\t\t\t\t\t\t\t\t\t\t\t\t\t\t\t\t<div class=\"elementor-share-btn__text\">\n\t\t\t\t\t\t\t\t\t\t\t\t\t\t\t\t\t\t\t<span class=\"elementor-share-btn__title\">\n\t\t\t\t\t\t\t\t\t\tPrint\t\t\t\t\t\t\t\t\t<\/span>\n\t\t\t\t\t\t\t\t\t\t\t\t\t\t\t\t\t<\/div>\n\t\t\t\t\t\t\t\t\t\t\t\t\t<\/div>\n\t\t\t\t\t<\/div>\n\t\t\t\t\t\t\t\t\t<div class=\"elementor-grid-item\" role=\"listitem\">\n\t\t\t\t\t\t<div class=\"elementor-share-btn elementor-share-btn_email\" role=\"button\" tabindex=\"0\" aria-label=\"Share on email\">\n\t\t\t\t\t\t\t\t\t\t\t\t\t\t\t<span class=\"elementor-share-btn__icon\">\n\t\t\t\t\t\t\t\t<i class=\"fas fa-envelope\" aria-hidden=\"true\"><\/i>\t\t\t\t\t\t\t<\/span>\n\t\t\t\t\t\t\t\t\t\t\t\t\t\t\t\t\t\t\t\t\t\t<div class=\"elementor-share-btn__text\">\n\t\t\t\t\t\t\t\t\t\t\t\t\t\t\t\t\t\t\t<span class=\"elementor-share-btn__title\">\n\t\t\t\t\t\t\t\t\t\tEmail\t\t\t\t\t\t\t\t\t<\/span>\n\t\t\t\t\t\t\t\t\t\t\t\t\t\t\t\t\t<\/div>\n\t\t\t\t\t\t\t\t\t\t\t\t\t<\/div>\n\t\t\t\t\t<\/div>\n\t\t\t\t\t\t\t\t\t<div class=\"elementor-grid-item\" role=\"listitem\">\n\t\t\t\t\t\t<div class=\"elementor-share-btn elementor-share-btn_whatsapp\" role=\"button\" tabindex=\"0\" aria-label=\"Share on whatsapp\">\n\t\t\t\t\t\t\t\t\t\t\t\t\t\t\t<span class=\"elementor-share-btn__icon\">\n\t\t\t\t\t\t\t\t<i class=\"fab fa-whatsapp\" aria-hidden=\"true\"><\/i>\t\t\t\t\t\t\t<\/span>\n\t\t\t\t\t\t\t\t\t\t\t\t\t\t\t\t\t\t\t\t\t\t<div class=\"elementor-share-btn__text\">\n\t\t\t\t\t\t\t\t\t\t\t\t\t\t\t\t\t\t\t<span class=\"elementor-share-btn__title\">\n\t\t\t\t\t\t\t\t\t\tWhatsApp\t\t\t\t\t\t\t\t\t<\/span>\n\t\t\t\t\t\t\t\t\t\t\t\t\t\t\t\t\t<\/div>\n\t\t\t\t\t\t\t\t\t\t\t\t\t<\/div>\n\t\t\t\t\t<\/div>\n\t\t\t\t\t\t<\/div>\n\t\t\t\t\t\t<\/div>\n\t\t\t\t<\/div>\n\t\t\t\t\t<\/div>\n\t\t<\/div>\n\t\t\t\t\t<\/div>\n\t\t<\/section>\n\t\t\t\t<section class=\"elementor-section elementor-top-section elementor-element elementor-element-5b2b9eb elementor-section-boxed elementor-section-height-default elementor-section-height-default\" data-id=\"5b2b9eb\" data-element_type=\"section\" data-e-type=\"section\">\n\t\t\t\t\t\t<div class=\"elementor-container elementor-column-gap-default\">\n\t\t\t\t\t<div class=\"elementor-column elementor-col-100 elementor-top-column elementor-element elementor-element-d0d110e\" data-id=\"d0d110e\" data-element_type=\"column\" data-e-type=\"column\">\n\t\t\t<div class=\"elementor-widget-wrap\">\n\t\t\t\t\t\t\t<\/div>\n\t\t<\/div>\n\t\t\t\t\t<\/div>\n\t\t<\/section>\n\t\t\t\t<section class=\"elementor-section elementor-top-section elementor-element elementor-element-f84ca2b elementor-section-boxed elementor-section-height-default elementor-section-height-default\" data-id=\"f84ca2b\" data-element_type=\"section\" data-e-type=\"section\">\n\t\t\t\t\t\t<div class=\"elementor-container elementor-column-gap-default\">\n\t\t\t\t\t<div class=\"elementor-column elementor-col-100 elementor-top-column elementor-element elementor-element-776af17\" data-id=\"776af17\" data-element_type=\"column\" data-e-type=\"column\">\n\t\t\t<div class=\"elementor-widget-wrap elementor-element-populated\">\n\t\t\t\t\t\t<div class=\"elementor-element elementor-element-aa1b5e4 elementor-button-align-center elementor-widget elementor-widget-form\" data-id=\"aa1b5e4\" data-element_type=\"widget\" data-e-type=\"widget\" data-settings=\"{&quot;step_next_label&quot;:&quot;Seg\\u00fcent&quot;,&quot;step_previous_label&quot;:&quot;Anterior&quot;,&quot;button_width&quot;:&quot;100&quot;,&quot;step_type&quot;:&quot;number_text&quot;,&quot;step_icon_shape&quot;:&quot;circle&quot;}\" data-widget_type=\"form.default\">\n\t\t\t\t<div class=\"elementor-widget-container\">\n\t\t\t\t\t\t\t<form class=\"elementor-form\" method=\"post\" id=\"buyer_form_id\" name=\"Nou formulari\" aria-label=\"Nou formulari\">\n\t\t\t<input type=\"hidden\" name=\"post_id\" value=\"34899\"\/>\n\t\t\t<input type=\"hidden\" name=\"form_id\" value=\"aa1b5e4\"\/>\n\t\t\t<input type=\"hidden\" name=\"referer_title\" value=\"\" \/>\n\n\t\t\t\n\t\t\t<div class=\"elementor-form-fields-wrapper elementor-labels-above\">\n\t\t\t\t\t\t\t\t<div class=\"elementor-field-type-text elementor-field-group elementor-column elementor-field-group-name elementor-col-100 elementor-field-required elementor-mark-required\">\n\t\t\t\t\t\t\t\t\t\t\t\t<label for=\"form-field-name\" class=\"elementor-field-label\">\n\t\t\t\t\t\t\t\tNom\t\t\t\t\t\t\t<\/label>\n\t\t\t\t\t\t\t\t\t\t\t\t\t\t<input size=\"1\" type=\"text\" name=\"form_fields[name]\" id=\"form-field-name\" class=\"elementor-field elementor-size-sm  elementor-field-textual\" placeholder=\"Nom\" required=\"required\">\n\t\t\t\t\t\t\t\t\t\t\t<\/div>\n\t\t\t\t\t\t\t\t<div class=\"elementor-field-type-email elementor-field-group elementor-column elementor-field-group-email elementor-col-100 elementor-field-required elementor-mark-required\">\n\t\t\t\t\t\t\t\t\t\t\t\t<label for=\"form-field-email\" class=\"elementor-field-label\">\n\t\t\t\t\t\t\t\tCorreu electr\u00f2nic\t\t\t\t\t\t\t<\/label>\n\t\t\t\t\t\t\t\t\t\t\t\t\t\t<input size=\"1\" type=\"email\" name=\"form_fields[email]\" id=\"form-field-email\" class=\"elementor-field elementor-size-sm  elementor-field-textual\" placeholder=\"Correu electr\u00f2nic\" required=\"required\">\n\t\t\t\t\t\t\t\t\t\t\t<\/div>\n\t\t\t\t\t\t\t\t<div class=\"elementor-field-type-textarea elementor-field-group elementor-column elementor-field-group-message elementor-col-100 elementor-field-required elementor-mark-required\">\n\t\t\t\t\t\t\t\t\t\t\t\t<label for=\"form-field-message\" class=\"elementor-field-label\">\n\t\t\t\t\t\t\t\tMissatge\t\t\t\t\t\t\t<\/label>\n\t\t\t\t\t\t<textarea class=\"elementor-field-textual elementor-field  elementor-size-sm\" name=\"form_fields[message]\" id=\"form-field-message\" rows=\"4\" placeholder=\"Missatge\" required=\"required\"><\/textarea>\t\t\t\t<\/div>\n\t\t\t\t\t\t\t\t<div class=\"elementor-field-type-recaptcha_v3 elementor-field-group elementor-column elementor-field-group-field_83c936f elementor-col-100 recaptcha_v3-bottomleft\">\n\t\t\t\t\t<div class=\"elementor-field\" id=\"form-field-field_83c936f\"><div class=\"elementor-g-recaptcha\" data-sitekey=\"6LfB2wsrAAAAAKxW-7DAZzyFvPSFGz6YuwjeIhdo\" data-type=\"v3\" data-action=\"Form\" data-badge=\"bottomleft\" data-size=\"invisible\"><\/div><\/div>\t\t\t\t<\/div>\n\t\t\t\t\t\t\t\t<div class=\"elementor-field-group elementor-column elementor-field-type-submit elementor-col-100 e-form__buttons\">\n\t\t\t\t\t<button class=\"elementor-button elementor-size-sm\" type=\"submit\" id=\"Buyers30032025\">\n\t\t\t\t\t\t<span class=\"elementor-button-content-wrapper\">\n\t\t\t\t\t\t\t\t\t\t\t\t\t\t\t\t\t\t\t\t\t\t<span class=\"elementor-button-text\">Envieu<\/span>\n\t\t\t\t\t\t\t\t\t\t\t\t\t<\/span>\n\t\t\t\t\t<\/button>\n\t\t\t\t<\/div>\n\t\t\t<\/div>\n\t\t<\/form>\n\t\t\t\t\t\t<\/div>\n\t\t\t\t<\/div>\n\t\t\t\t\t<\/div>\n\t\t<\/div>\n\t\t\t\t\t<\/div>\n\t\t<\/section>\n\t\t\t\t<\/div>\n\t\t","protected":false},"excerpt":{"rendered":"<p>Guia per a compradors d&#8217;immobles a Mallorca &nbsp; Comprar una propietat a Mallorca pot ser complex amb molts elements diferents a tenir en compte, estem aqu\u00ed per ajudar-vos. En comprar una propietat a Mallorca com a ciutad\u00e0 d&#8217;un estat membre de la UE. &nbsp; Per comprar una propietat i obrir un compte bancari per als [&hellip;]<\/p>\n","protected":false},"author":1,"featured_media":34628,"parent":0,"menu_order":1,"comment_status":"closed","ping_status":"closed","template":"elementor_theme","meta":{"footnotes":""},"categories":[3339],"tags":[],"class_list":["post-34899","page","type-page","status-publish","has-post-thumbnail","hentry","category-articles-de-publicacions-generals"],"_links":{"self":[{"href":"https:\/\/www.mallorcaguru.es\/ca\/wp-json\/wp\/v2\/pages\/34899","targetHints":{"allow":["GET"]}}],"collection":[{"href":"https:\/\/www.mallorcaguru.es\/ca\/wp-json\/wp\/v2\/pages"}],"about":[{"href":"https:\/\/www.mallorcaguru.es\/ca\/wp-json\/wp\/v2\/types\/page"}],"author":[{"embeddable":true,"href":"https:\/\/www.mallorcaguru.es\/ca\/wp-json\/wp\/v2\/users\/1"}],"replies":[{"embeddable":true,"href":"https:\/\/www.mallorcaguru.es\/ca\/wp-json\/wp\/v2\/comments?post=34899"}],"version-history":[{"count":0,"href":"https:\/\/www.mallorcaguru.es\/ca\/wp-json\/wp\/v2\/pages\/34899\/revisions"}],"wp:featuredmedia":[{"embeddable":true,"href":"https:\/\/www.mallorcaguru.es\/ca\/wp-json\/wp\/v2\/media\/34628"}],"wp:attachment":[{"href":"https:\/\/www.mallorcaguru.es\/ca\/wp-json\/wp\/v2\/media?parent=34899"}],"wp:term":[{"taxonomy":"category","embeddable":true,"href":"https:\/\/www.mallorcaguru.es\/ca\/wp-json\/wp\/v2\/categories?post=34899"},{"taxonomy":"post_tag","embeddable":true,"href":"https:\/\/www.mallorcaguru.es\/ca\/wp-json\/wp\/v2\/tags?post=34899"}],"curies":[{"name":"wp","href":"https:\/\/api.w.org\/{rel}","templated":true}]}}