{"id":355798,"date":"2026-05-09T16:47:34","date_gmt":"2026-05-09T14:47:34","guid":{"rendered":"https:\/\/www.mallorcaguru.es\/inicieu-sessio-i-registreu-vos\/"},"modified":"2026-05-09T17:46:50","modified_gmt":"2026-05-09T15:46:50","slug":"inicieu-sessio-i-registreu-vos","status":"publish","type":"page","link":"https:\/\/www.mallorcaguru.es\/ca\/inicieu-sessio-i-registreu-vos\/","title":{"rendered":"Inicieu sessi\u00f3 i registreu-vos"},"content":{"rendered":"\t\t<div data-elementor-type=\"wp-page\" data-elementor-id=\"355798\" class=\"elementor elementor-355798 elementor-355686\" data-elementor-post-type=\"page\">\n\t\t\t\t<div class=\"elementor-element elementor-element-6733de4 e-flex e-con-boxed e-con e-parent\" data-id=\"6733de4\" data-element_type=\"container\" data-e-type=\"container\">\n\t\t\t\t\t<div class=\"e-con-inner\">\n\t\t\t\t<div class=\"elementor-element elementor-element-71b6db7 elementor-widget elementor-widget-houzez_elementor_page_title\" data-id=\"71b6db7\" data-element_type=\"widget\" data-e-type=\"widget\" data-widget_type=\"houzez_elementor_page_title.default\">\n\t\t\t\t<div class=\"elementor-widget-container\">\n\t\t\t\t\t\n<div class=\"breadcrumb-wrap\" role=\"navigation\">\n\t<nav>\n\t\t<ol class=\"breadcrumb\"><li class=\"breadcrumb-item breadcrumb-item-home\"><i class=\"houzez-icon icon-house\"><\/i><a href=\"https:\/\/www.mallorcaguru.es\/ca\/\/\">Inicial<\/a><\/li><li class=\"breadcrumb-item active\">Pages<\/li><\/ol>\t<\/nav>\n<\/div><!-- breadcrumb-wrap --> \n        <div class=\"d-flex align-items-center\">\n            <div class=\"page-title flex-grow-1\" role=\"heading\" aria-level=\"1\">\n\t<h1>Inicieu sessi\u00f3 i registreu-vos<\/h1>\n<\/div><!-- page-title -->\n \n        <\/div><!-- d-flex -->  \n        \t\t\t\t<\/div>\n\t\t\t\t<\/div>\n\t\t\t\t<div class=\"elementor-element elementor-element-e7ba98d elementor-widget elementor-widget-text-editor\" data-id=\"e7ba98d\" data-element_type=\"widget\" data-e-type=\"widget\" data-widget_type=\"text-editor.default\">\n\t\t\t\t\t\t\t\t\t<h2 style=\"padding-left: 40px;\"><strong><span style=\"font-size: 12pt;\">Creeu un compte d&#8217;usuari amb nosaltres<\/span><\/strong><\/h2><p style=\"padding-left: 40px; text-align: center;\">Podeu desar els vostres resultats de cerca i les vostres propietats preferides, i visualitzar-los a la pestanya de visitants del men\u00fa principal.<\/p><p style=\"padding-left: 40px; text-align: center;\"><strong>O utilitzeu el men\u00fa de visitants seg\u00fcent.<\/strong><\/p><p style=\"padding-left: 40px;\">Si guardeu les vostres cerques, el nostre lloc web recordar\u00e0 els criteris amb qu\u00e8 heu cercat i us enviar\u00e0 una alerta per correu electr\u00f2nic quan s&#8217;afegeixi una propietat nova que compleixi els vostres criteris.<\/p><p style=\"padding-left: 40px; text-align: center;\">Quan h\u00e0giu desat les vostres cerques i afegit propietats a les vostres propietats preferides, podreu comparar les propietats que heu desat. <\/p><p style=\"text-align: center;\"><strong>Simplement feu clic a la icona seg\u00fcent per crear el vostre compte.<\/strong><\/p>\t\t\t\t\t\t\t\t<\/div>\n\t\t\t\t\t<\/div>\n\t\t\t\t<\/div>\n\t\t<div class=\"elementor-element elementor-element-a7ff4be e-flex e-con-boxed e-con e-parent\" data-id=\"a7ff4be\" data-element_type=\"container\" data-e-type=\"container\">\n\t\t\t\t\t<div class=\"e-con-inner\">\n\t\t\t\t<div class=\"elementor-element elementor-element-ab16c06 elementor-widget elementor-widget-houzez-login-modal\" data-id=\"ab16c06\" data-element_type=\"widget\" data-e-type=\"widget\" data-widget_type=\"houzez-login-modal.default\">\n\t\t\t\t<div class=\"elementor-widget-container\">\n\t\t\t\t\t\t\t\n\t\t\t\t\t<div class=\"login-register\">\t\n\t\t\t\t\t\t\t\t<div class=\"login-link\">\n\t\t\t\t\t<a class=\"btn btn-icon-login-register dropdown-toggle\" \n\t\t\t\t\t\t   href=\"#\" \n\t\t\t\t\t\t   data-bs-toggle=\"modal\" \n\t\t\t\t\t\t   data-bs-target=\"#login-register-form\"\n\t\t\t\t\t\t   role=\"menuitem\">\n\t\t\t\t\t\t<i class=\"houzez-icon icon-single-neutral-circle\" aria-hidden=\"true\"><\/i>\n\t\t\t\t\t<\/a>\n\t\t\t\t<\/div>\n\t\t\t\t\t\t\t<\/div>\n\t\t\t\t\t\t<\/div>\n\t\t\t\t<\/div>\n\t\t\t\t\t<\/div>\n\t\t\t\t<\/div>\n\t\t\t\t<\/div>\n\t\t","protected":false},"excerpt":{"rendered":"<p>Home Creeu un compte d&#8217;usuari amb nosaltres Podeu desar els vostres resultats de cerca i les vostres propietats preferides, i visualitzar-los a la pestanya de visitants del men\u00fa principal. O utilitzeu el men\u00fa de visitants seg\u00fcent. Si guardeu les vostres cerques, el nostre lloc web recordar\u00e0 els criteris amb qu\u00e8 heu cercat i us enviar\u00e0 [&hellip;]<\/p>\n","protected":false},"author":1,"featured_media":128167,"parent":0,"menu_order":0,"comment_status":"closed","ping_status":"closed","template":"elementor_header_footer","meta":{"footnotes":""},"categories":[3918],"tags":[],"class_list":["post-355798","page","type-page","status-publish","has-post-thumbnail","hentry","category-pagines-principals"],"_links":{"self":[{"href":"https:\/\/www.mallorcaguru.es\/ca\/wp-json\/wp\/v2\/pages\/355798","targetHints":{"allow":["GET"]}}],"collection":[{"href":"https:\/\/www.mallorcaguru.es\/ca\/wp-json\/wp\/v2\/pages"}],"about":[{"href":"https:\/\/www.mallorcaguru.es\/ca\/wp-json\/wp\/v2\/types\/page"}],"author":[{"embeddable":true,"href":"https:\/\/www.mallorcaguru.es\/ca\/wp-json\/wp\/v2\/users\/1"}],"replies":[{"embeddable":true,"href":"https:\/\/www.mallorcaguru.es\/ca\/wp-json\/wp\/v2\/comments?post=355798"}],"version-history":[{"count":0,"href":"https:\/\/www.mallorcaguru.es\/ca\/wp-json\/wp\/v2\/pages\/355798\/revisions"}],"wp:featuredmedia":[{"embeddable":true,"href":"https:\/\/www.mallorcaguru.es\/ca\/wp-json\/wp\/v2\/media\/128167"}],"wp:attachment":[{"href":"https:\/\/www.mallorcaguru.es\/ca\/wp-json\/wp\/v2\/media?parent=355798"}],"wp:term":[{"taxonomy":"category","embeddable":true,"href":"https:\/\/www.mallorcaguru.es\/ca\/wp-json\/wp\/v2\/categories?post=355798"},{"taxonomy":"post_tag","embeddable":true,"href":"https:\/\/www.mallorcaguru.es\/ca\/wp-json\/wp\/v2\/tags?post=355798"}],"curies":[{"name":"wp","href":"https:\/\/api.w.org\/{rel}","templated":true}]}}