{"id":4846,"date":"2016-03-10T18:52:12","date_gmt":"2016-03-10T17:52:12","guid":{"rendered":"https:\/\/www.mallorcaguru.es\/privadesa\/"},"modified":"2025-09-07T16:18:49","modified_gmt":"2025-09-07T14:18:49","slug":"politica-de-privadesa-mallorca-property-guru","status":"publish","type":"page","link":"https:\/\/www.mallorcaguru.es\/ca\/politica-de-privadesa-mallorca-property-guru\/","title":{"rendered":"Privadesa"},"content":{"rendered":"<h1><span style=\"font-size: 14pt;\"><strong>Pol\u00edtica de Privacitat i Codi de Propietat Intel\u00b7lectual: <\/strong><\/span><\/h1>\n<h2><span style=\"font-size: 12pt;\"><strong>Mallorca Property Guru<\/strong><\/span><\/h2>\n<p>Mallorca Property Guru \u00e9s propietari dels seg\u00fcents noms de domini:<\/p>\n<p>www.fastighetermallorcaportal.com<\/p>\n<p>www.immobilienmallorcaportal.com<\/p>\n<p>www.mallorcapropertyportal.com<\/p>\n<p>El contingut textual i gr\u00e0fic (inclosos logotips, v\u00eddeos i fotografies) del lloc \u00e9s propietat exclusiva de Mallorca Property Guru tret que s&#8217;indiqui el contrari. Queda prohibida qualsevol reproducci\u00f3 total o parcial del contingut, feta a partir dels elements del lloc sense autoritzaci\u00f3 expressa, en el sentit del Codi de Propietat Intel\u00b7lectual ratificat pel Tractat de Copyright (WCT) de l&#8217;Organitzaci\u00f3 Mundial de la Propietat Intel\u00b7lectual (OMPI).<\/p>\n<p>A <strong>Mallorca Property Guru<\/strong>, una de les nostres principals prioritats \u00e9s la privadesa dels nostres visitants. Aquest document de Pol\u00edtica de privadesa cont\u00e9 tipus d&#8217;informaci\u00f3 recopilada i registrada per <strong>Mallorca Property Guru<\/strong> i com la fem servir. Tal com exigeix \u200b\u200bla normativa de galetes de la UE, hi ha m\u00e9s informaci\u00f3 disponible a <a href=\"https:\/\/commission.europa.eu\/cookies-policy_es\" target=\"_blank\" rel=\"noopener\">The EU Internet Handbook<\/a><\/p>\n<p>Si tens preguntes addicionals o necessites m\u00e9s informaci\u00f3 sobre la nostra Pol\u00edtica de privadesa, no dubtis a contactar amb nosaltres per correu electr\u00f2nic a .<\/p>\n<p><strong>Fitxers de registre<\/strong>:<strong>Mallorca Property Guru<\/strong> segueix un procediment est\u00e0ndard d&#8217;\u00fas de fitxers de registre. Aquests fitxers registren els visitants quan visiten llocs web. Totes les empreses d&#8217;allotjament ho fan i una part de l&#8217;an\u00e0lisi dels serveis d&#8217;allotjament. La informaci\u00f3 recollida pels fitxers de registre inclou adreces de protocol d&#8217;Internet (IP), tipus de navegador, prove\u00efdor de serveis d&#8217;Internet (ISP), segell de data i hora, p\u00e0gines de refer\u00e8ncia\/sortida i possiblement el nombre de clics. Aquests no estan vinculats a cap informaci\u00f3 que sigui identificable personalment. La finalitat de la informaci\u00f3 \u00e9s analitzar tend\u00e8ncies, administrar el lloc, fer un seguiment del moviment dels usuaris al lloc web i recopilar informaci\u00f3 demogr\u00e0fica.<\/p>\n<p><strong>Cookies i Web Beacons<\/strong>: Com qualsevol altre lloc web, Mallorca Property Guru utilitza \u2018cookies\u2019. Aquestes cookies s&#8217;utilitzen per emmagatzemar informaci\u00f3, incloses les prefer\u00e8ncies dels visitants i les p\u00e0gines del lloc web a les quals el visitant ha accedit o ha visitat. La informaci\u00f3 s&#8217;utilitza per optimitzar l&#8217;experi\u00e8ncia dels usuaris mitjan\u00e7ant la personalitzaci\u00f3 del contingut de la nostra p\u00e0gina web en funci\u00f3 del tipus de navegador dels visitants i\/o altra informaci\u00f3.<\/p>\n<p>Els nostres <strong>socis publicitaris<\/strong> Alguns dels anunciants del nostre lloc poden utilitzar cookies i balises web. Els nostres socis publicitaris inclouen:<\/p>\n<ul>\n<li>Google<\/li>\n<li>Google Adsence<\/li>\n<\/ul>\n<p>Cadascun dels nostres socis publicitaris t\u00e9 la seva pr\u00f2pia Pol\u00edtica de privadesa per al seu lloc web. Per facilitar l&#8217;acc\u00e9s, aqu\u00ed es mant\u00e9 un recurs actualitzat i hiperenlla\u00e7at:<\/p>\n<p><strong>Pol\u00edtiques de privadesa<\/strong>: podeu consultar aquesta llista per trobar la Pol\u00edtica de privadesa de cadascun dels socis publicitaris de Mallorca Property Guru.<\/p>\n<p>Els servidors d&#8217;anuncis o xarxes publicit\u00e0ries de tercers utilitzen tecnologies com galetes, JavaScript o balises web que s&#8217;utilitzen en els seus respectius anuncis i enlla\u00e7os que apareixen a Mallorca Property Guru, que s&#8217;envien directament al navegador dels usuaris. Reben autom\u00e0ticament la vostra adre\u00e7a IP quan aix\u00f2 succeeix. Aquestes tecnologies s&#8217;utilitzen per mesurar l&#8217;efic\u00e0cia de les seves campanyes publicit\u00e0ries i\/o per personalitzar el contingut publicitari que veieu als llocs web que visiteu.<\/p>\n<p>Tingueu en compte que Mallorca Property Guru no t\u00e9 acc\u00e9s ni control sobre aquestes cookies que fan servir anunciants de tercers.<\/p>\n<p><strong>Pol\u00edtiques de privadesa de tercers<\/strong><\/p>\n<p>La Pol\u00edtica de privadesa de Mallorca Property Guru no s&#8217;aplica a altres anunciants o llocs web. Per tant, us aconsellem que consulteu les respectives Pol\u00edtiques de privadesa d&#8217;aquests servidors d&#8217;anuncis de tercers per obtenir informaci\u00f3 m\u00e9s detallada. Pot incloure les seves pr\u00e0ctiques i instruccions sobre com desactivar determinades opcions. Podeu trobar una llista completa d&#8217;aquestes pol\u00edtiques de privadesa i els seus enlla\u00e7os aqu\u00ed: Enlla\u00e7os de la pol\u00edtica de privadesa.<\/p>\n<p>Podeu optar per desactivar les cookies mitjan\u00e7ant les opcions individuals del vostre navegador. Per con\u00e8ixer informaci\u00f3 m\u00e9s detallada sobre la gesti\u00f3 de galetes amb navegadors web espec\u00edfics, es pot trobar als llocs web respectius dels navegadors. Qu\u00e8 s\u00f3n les cookies?<\/p>\n<p><strong>Informaci\u00f3 infantil<\/strong><\/p>\n<p>Una altra part de la nostra prioritat \u00e9s afegir protecci\u00f3 als nens mentre utilitzen Internet. Animem als pares i tutors a observar, participar i\/o supervisar i guiar la seva activitat en l\u00ednia.<\/p>\n<p>Mallorca Property Guru no recull conscientment cap informaci\u00f3 personal identificable de menors de 13 anys. Si creieu que el vostre fill ha proporcionat aquest tipus d&#8217;informaci\u00f3 al nostre lloc web, us recomanem que us poseu en contacte amb nosaltres immediatament i farem tot el possible per eliminar r\u00e0pidament aquesta informaci\u00f3 dels nostres registres.<\/p>\n<p><strong>Nom\u00e9s pol\u00edtica de privadesa en l\u00ednia<\/strong><\/p>\n<p>Aquesta pol\u00edtica de privadesa nom\u00e9s s&#8217;aplica a les nostres activitats en l\u00ednia i \u00e9s v\u00e0lida per als visitants del nostre lloc web pel que fa a la informaci\u00f3 que van compartir i\/o recopilar a Mallorca Property Guru. Aquesta pol\u00edtica no \u00e9s aplicable a cap informaci\u00f3 recollida fora de l\u00ednia o a trav\u00e9s de canals diferents d&#8217;aquest lloc web.<\/p>\n<p><strong>Consentiment<\/strong>: en utilitzar el nostre lloc web, accepteu la nostra Pol\u00edtica de privadesa i accepteu els seus Termes i Condicions.<\/p>\n<p>La nostra <a href=\"https:\/\/www.mallorcaguru.es\/ca\/termes-i-condicions\/\" target=\"_blank\" rel=\"noopener\">pol\u00edtica de Termes i Condicions<\/a><\/p>\n<p>La nostra <a href=\"https:\/\/www.mallorcaguru.es\/ca\/declaracio-daccessibilitat\/\" target=\"_blank\" rel=\"noopener\">Declaraci\u00f3 d&#8217;Accessibilitat<\/a><\/p>\n","protected":false},"excerpt":{"rendered":"<p>Pol\u00edtica de Privacitat i Codi de Propietat Intel\u00b7lectual: Mallorca Property Guru Mallorca Property Guru \u00e9s propietari dels seg\u00fcents noms de domini: www.fastighetermallorcaportal.com www.immobilienmallorcaportal.com www.mallorcapropertyportal.com El contingut textual i gr\u00e0fic (inclosos logotips, v\u00eddeos i fotografies) del lloc \u00e9s propietat exclusiva de Mallorca Property Guru tret que s&#8217;indiqui el contrari. Queda prohibida qualsevol reproducci\u00f3 total o parcial [&hellip;]<\/p>\n","protected":false},"author":1,"featured_media":0,"parent":0,"menu_order":26,"comment_status":"closed","ping_status":"closed","template":"template\/template-page.php","meta":{"footnotes":""},"categories":[3913],"tags":[],"class_list":["post-4846","page","type-page","status-publish","hentry","category-usuari"],"_links":{"self":[{"href":"https:\/\/www.mallorcaguru.es\/ca\/wp-json\/wp\/v2\/pages\/4846","targetHints":{"allow":["GET"]}}],"collection":[{"href":"https:\/\/www.mallorcaguru.es\/ca\/wp-json\/wp\/v2\/pages"}],"about":[{"href":"https:\/\/www.mallorcaguru.es\/ca\/wp-json\/wp\/v2\/types\/page"}],"author":[{"embeddable":true,"href":"https:\/\/www.mallorcaguru.es\/ca\/wp-json\/wp\/v2\/users\/1"}],"replies":[{"embeddable":true,"href":"https:\/\/www.mallorcaguru.es\/ca\/wp-json\/wp\/v2\/comments?post=4846"}],"version-history":[{"count":0,"href":"https:\/\/www.mallorcaguru.es\/ca\/wp-json\/wp\/v2\/pages\/4846\/revisions"}],"wp:attachment":[{"href":"https:\/\/www.mallorcaguru.es\/ca\/wp-json\/wp\/v2\/media?parent=4846"}],"wp:term":[{"taxonomy":"category","embeddable":true,"href":"https:\/\/www.mallorcaguru.es\/ca\/wp-json\/wp\/v2\/categories?post=4846"},{"taxonomy":"post_tag","embeddable":true,"href":"https:\/\/www.mallorcaguru.es\/ca\/wp-json\/wp\/v2\/tags?post=4846"}],"curies":[{"name":"wp","href":"https:\/\/api.w.org\/{rel}","templated":true}]}}