{"id":145488,"date":"2024-11-29T12:22:38","date_gmt":"2024-11-29T11:22:38","guid":{"rendered":"https:\/\/www.mallorcaguru.es\/weinregionen-mallorca\/"},"modified":"2026-01-20T12:25:49","modified_gmt":"2026-01-20T11:25:49","slug":"weinregionen-mallorca","status":"publish","type":"page","link":"https:\/\/www.mallorcaguru.es\/de\/weinregionen-mallorca\/","title":{"rendered":"Weinregionen Mallorca"},"content":{"rendered":"\t\t<div data-elementor-type=\"wp-post\" data-elementor-id=\"145488\" class=\"elementor elementor-145488 elementor-144912\" data-elementor-post-type=\"page\">\n\t\t\t\t\t\t<section class=\"elementor-section elementor-top-section elementor-element elementor-element-7f1a399e elementor-section-boxed elementor-section-height-default elementor-section-height-default\" data-id=\"7f1a399e\" data-element_type=\"section\" data-e-type=\"section\">\n\t\t\t\t\t\t<div class=\"elementor-container elementor-column-gap-default\">\n\t\t\t\t\t<div class=\"elementor-column elementor-col-100 elementor-top-column elementor-element elementor-element-23f53454\" data-id=\"23f53454\" data-element_type=\"column\" data-e-type=\"column\">\n\t\t\t<div class=\"elementor-widget-wrap elementor-element-populated\">\n\t\t\t\t\t\t<div class=\"elementor-element elementor-element-a10b1e elementor-widget elementor-widget-text-editor\" data-id=\"a10b1e\" data-element_type=\"widget\" data-e-type=\"widget\" data-widget_type=\"text-editor.default\">\n\t\t\t\t<div class=\"elementor-widget-container\">\n\t\t\t\t\t\t\t\t\t<h2 style=\"padding-left: 40px;\">Weinregionen Mallorca<\/h2>\n<p><\/p>\n<h3 style=\"padding-left: 40px;\">Die Geschichte des Weinbaus auf Mallorca<\/h3>\n<p><\/p>\n<p style=\"padding-left: 40px;\">Die Geschichte des Weinbaus auf Mallorca reicht bis in die Antike zur\u00fcck und zeichnet eine reiche Tradition nach, die mit der kulturellen und landwirtschaftlichen Entwicklung der Insel verflochten ist. Der Weinbau wurde wahrscheinlich von den Ph\u00f6niziern eingef\u00fchrt und sp\u00e4ter von den R\u00f6mern ausgeweitet, die das fruchtbare Land und das g\u00fcnstige Klima der Insel erkannten. Im Laufe der Jahrhunderte wurde der Weinbau tief in die landwirtschaftlichen Praktiken Mallorcas eingebettet. Der maurische Einfluss hinterlie\u00df seine Spuren in Form fortschrittlicher Bew\u00e4sserungstechniken, die den Weinanbau trotz islamischer Beschr\u00e4nkungen des Alkoholkonsums f\u00f6rderten.<br \/>\nNach der christlichen R\u00fcckeroberung im 13. Jahrhundert bl\u00fchten die Weinberge als Teil des breiteren mediterranen Weinbaubooms auf. Die Branche stand jedoch vor Herausforderungen, insbesondere w\u00e4hrend des Ausbruchs der Reblaus im sp\u00e4ten 19. Jahrhundert, die Weinreben in ganz Europa, einschlie\u00dflich Mallorca, verw\u00fcstete. Dies l\u00f6ste einen bedeutenden Wandel aus und f\u00fchrte beinahe zum Zusammenbruch der Weinbautradition auf der Insel. Die Erholung verlief langsam, doch Mitte des 20. Jahrhunderts begannen Bem\u00fchungen, traditionelle Rebsorten wiederzubeleben und die Qualit\u00e4t zu verbessern, Wirkung zu zeigen.<br \/>\nHeute gibt es auf Mallorca zahlreiche Weinberge und Weing\u00fcter, die Weine produzieren, die das einzigartige Terroir der Insel widerspiegeln. Die Wiederbelebung ist durch einen Fokus auf einheimische Rebsorten wie Manto Negro und Callet gekennzeichnet, die f\u00fcr ihr ausgepr\u00e4gtes Geschmacksprofil gefeiert werden. Diese Weine fangen die Essenz Mallorcas ein und verbinden das historische Erbe der Insel mit moderner Innovation.<\/p>\n<p><\/p>\n<p style=\"padding-left: 40px;\">Die einzigartigen Rebsorten Mallorcas pflegen ein unverwechselbares Weinbauerbe, das durch seine einzigartigen Rebsorten gekennzeichnet ist, die zum wachsenden Ruf der Insel in der internationalen Weingemeinschaft beitragen. Die vielf\u00e4ltigen Mikroklimata und unterschiedlichen Bodenarten der Insel schaffen ein ideales Umfeld f\u00fcr den Weinbau, in dem einheimische Rebsorten gedeihen und mallorquinische Weine einzigartige Eigenschaften erhalten. Zu den herausragenden einheimischen Sorten geh\u00f6rt Manto Negro, eine rote Rebsorte, die oft als Hauptbestandteil der ber\u00fchmten Rotweinmischungen der Insel verwendet wird.<br \/>\nDiese Sorte gedeiht auf Mallorcas \u00fcberwiegend kalkhaltigem Boden und bietet Weine mit weicher Textur, mittlerem K\u00f6rper und Aromen, die von roten Fr\u00fcchten bis zu erdigen Untert\u00f6nen reichen, oft begleitet von einem Hauch von Gew\u00fcrzen. Eine weitere wichtige Rebsorte ist Callet, die f\u00fcr die Herstellung leichter, aromatischer Rotweine mit eleganten Tanninen bekannt ist. Diese Sorte erlebt in den \u00f6rtlichen Weinbergen ein Comeback und wird f\u00fcr ihre F\u00e4higkeit gesch\u00e4tzt, Weine mit einem echten Gef\u00fchl f\u00fcr den Ort zu produzieren, die das warme, mediterrane Klima verk\u00f6rpern. Bei Wei\u00dfweinen wird die seltene Moll-Traube, auch bekannt als Prensal Blanc, f\u00fcr ihre leuchtende S\u00e4ure und Zitrusnoten gesch\u00e4tzt, was sie perfekt f\u00fcr frische, aromatische Wei\u00dfweine macht, die Mallorcas sonnige Umgebung widerspiegeln. Diese einheimischen Sorten zeigen nicht nur das Engagement der Insel, ihre weinbauliche Identit\u00e4t zu bewahren, sondern bieten Weinliebhabern auch eine einzigartige Sinnesreise, die die Essenz des mallorquinischen Terroirs definiert.<\/p>\n<p><\/p>\n<p style=\"padding-left: 40px;\"><img decoding=\"async\" class=\"alignleft wp-image-144933 size-thumbnail\" title=\"Weinregionen Mallorca\" src=\"https:\/\/www.mallorcaguru.es\/wp-content\/uploads\/2024\/11\/DO-Binissalem-Mallorca--150x150.png\" sizes=\"(max-width: 150px) 100vw, 150px\" srcset=\"https:\/\/www.mallorcaguru.es\/wp-content\/uploads\/2024\/11\/DO-Binissalem-Mallorca--150x150.png 150w, https:\/\/www.mallorcaguru.es\/wp-content\/uploads\/2024\/11\/DO-Binissalem-Mallorca--780x780.png 780w\" alt=\"Weinregionen Mallorca\" width=\"150\" height=\"150\" data-src=\"https:\/\/www.mallorcaguru.es\/wp-content\/uploads\/2024\/11\/DO-Binissalem-Mallorca--150x150.png\" data-srcset=\"https:\/\/www.mallorcaguru.es\/wp-content\/uploads\/2024\/11\/DO-Binissalem-Mallorca--150x150.png 150w, https:\/\/www.mallorcaguru.es\/wp-content\/uploads\/2024\/11\/DO-Binissalem-Mallorca--780x780.png 780w\" \/>Die 1990 im Zentrum Mallorcas gegr\u00fcndete\u00a0<strong>DO Binissalem<\/strong>\u00a0ist vielleicht die bekannteste. Diese Region ist bekannt f\u00fcr ihren kalkhaltigen Boden und ihre hei\u00dfen, trockenen Sommer, die ideal f\u00fcr die Herstellung kr\u00e4ftiger Rotweine sind, insbesondere aus der einheimischen Manto Negro-Traube. Binissalem produziert auch hervorragende Wei\u00dfweine, oft unter Verwendung der einheimischen Moll-Traube Prensal Blanc. Zu den bemerkenswerten Weing\u00fctern, die Mallorcas Weinszene beleben, geh\u00f6ren Bodegas Jos\u00e9 L. Ferrer Binissalem und Maci\u00e0 Batle Santa Maria del Cam\u00ed, die beide tief in der Tradition verwurzelt und doch offen f\u00fcr moderne Techniken sind.<\/p>\n<p><\/p>\n<p style=\"padding-left: 40px;\"><img decoding=\"async\" class=\"alignleft wp-image-144927 size-thumbnail\" title=\"Weinregionen Mallorca\" src=\"https:\/\/www.mallorcaguru.es\/wp-content\/uploads\/2024\/11\/DO-Pla-Y-Llevant-Mallorca--150x150.png\" sizes=\"(max-width: 150px) 100vw, 150px\" srcset=\"https:\/\/www.mallorcaguru.es\/wp-content\/uploads\/2024\/11\/DO-Pla-Y-Llevant-Mallorca--150x150.png 150w, https:\/\/www.mallorcaguru.es\/wp-content\/uploads\/2024\/11\/DO-Pla-Y-Llevant-Mallorca--780x780.png 780w\" alt=\"Weinregionen Mallorca\" width=\"150\" height=\"150\" data-src=\"https:\/\/www.mallorcaguru.es\/wp-content\/uploads\/2024\/11\/DO-Pla-Y-Llevant-Mallorca--150x150.png\" data-srcset=\"https:\/\/www.mallorcaguru.es\/wp-content\/uploads\/2024\/11\/DO-Pla-Y-Llevant-Mallorca--150x150.png 150w, https:\/\/www.mallorcaguru.es\/wp-content\/uploads\/2024\/11\/DO-Pla-Y-Llevant-Mallorca--780x780.png 780w\" \/>Die 1999 an der Ostk\u00fcste und im Zentrum der Insel gegr\u00fcndete\u00a0<strong>DO Pla i Llevant<\/strong>\u00a0pr\u00e4sentiert eine Mischung aus traditionellen Rebsorten und innovativen Mischungen, die das vielf\u00e4ltige Terroir der Region widerspiegeln. Hier werden sowohl Rot- als auch Wei\u00dfweine produziert, wobei Callet und Fogoneu bei den Rotweinen hervorstechen, w\u00e4hrend Moscatel und Macabeo bei den Wei\u00dfweinen gl\u00e4nzen.<\/p>\n<p><\/p>\n<p style=\"padding-left: 40px;\">Mallorca-Weine werden au\u00dferhalb der Gebiete der beiden anerkannten Weinbaugebiete produziert. Die in einem dieser Gebiete produzierten Weine d\u00fcrfen die Bezeichnung\u00a0<strong>DO Mallorca<\/strong>\u00a0verwenden. Viele davon sind von h\u00f6herer Qualit\u00e4t. Es gibt auch Weinberge innerhalb der Anbaugebiete, die keine Mitglieder sind und auch qualitativ hochwertigere Weine produzieren, sich aber gegen den Beitritt zum Anbaugebiet entscheiden, weil sie mit weniger traditionellen Rebsorten arbeiten, die von der Anbaugebietsbezeichnung nicht zugelassen sind.<\/p>\n<p><\/p>\n<p style=\"padding-left: 40px;\"><img fetchpriority=\"high\" decoding=\"async\" class=\"size-full wp-image-144921 aligncenter\" title=\"Weinregionen Mallorca\" src=\"https:\/\/www.mallorcaguru.es\/wp-content\/smush-avif\/2024\/11\/images.png.avif\" sizes=\"(max-width: 442px) 100vw, 442px\" srcset=\"https:\/\/www.mallorcaguru.es\/wp-content\/smush-avif\/2024\/11\/images.png.avif 442w, https:\/\/www.mallorcaguru.es\/wp-content\/smush-avif\/2024\/11\/images-300x77.png.avif 300w\" alt=\"Weinregionen Mallorca\" width=\"442\" height=\"114\" data-src=\"https:\/\/www.mallorcaguru.es\/wp-content\/smush-avif\/2024\/11\/images.png.avif\" data-srcset=\"https:\/\/www.mallorcaguru.es\/wp-content\/smush-avif\/2024\/11\/images.png.avif 442w, https:\/\/www.mallorcaguru.es\/wp-content\/smush-avif\/2024\/11\/images-300x77.png.avif 300w\" data-smush-avif-fallback=\"{&quot;data-src&quot;:&quot;https:\\\/\\\/www.mallorcaguru.es\\\/wp-content\\\/smush-avif\\\/2024\\\/11\\\/images.png.avif&quot;,&quot;data-srcset&quot;:&quot;https:\\\/\\\/www.mallorcaguru.es\\\/wp-content\\\/smush-avif\\\/2024\\\/11\\\/images.png.avif 442w, https:\\\/\\\/www.mallorcaguru.es\\\/wp-content\\\/smush-avif\\\/2024\\\/11\\\/images-300x77.png.avif 300w&quot;}\" \/><\/p>\n<p><\/p>\n<p style=\"padding-left: 40px;\">Nachhaltigkeit ist zu einem Eckpfeiler der mallorquinischen Weinindustrie geworden, da Winzer auf der Insel zunehmend umweltfreundliche Praktiken anwenden, um die einzigartige Umwelt zu bewahren und die Qualit\u00e4t ihrer Weine zu verbessern. Winzer sind sich des empfindlichen Gleichgewichts bewusst, das erforderlich ist, um die reiche Artenvielfalt der Insel zu erhalten und gleichzeitig hochwertige Weine zu produzieren, die das unverwechselbare Terroir widerspiegeln. Viele Weinberge auf Mallorca haben auf biologische Anbaumethoden umgestellt und verzichten auf den Einsatz synthetischer Chemikalien, um ges\u00fcndere B\u00f6den und Reben zu f\u00f6rdern. Durch den Einsatz des biologischen Weinbaus stellen sie sicher, dass das nat\u00fcrliche \u00d6kosystem respektiert wird, und f\u00f6rdern das Wachstum n\u00fctzlicher Insekten und Pflanzen, die zu einer ausgewogenen Weinbergumgebung beitragen.<br \/>\nDas Wassermanagement ist angesichts der begrenzten Wasserressourcen der Insel ein weiterer kritischer Aspekt. Weing\u00fcter investieren in fortschrittliche Bew\u00e4sserungssysteme, die Abfall minimieren und den Wasserverbrauch optimieren und sicherstellen, dass die Reben genau die richtige Menge an Feuchtigkeit erhalten, ohne die lokalen Wasserreserven zu ersch\u00f6pfen. Dar\u00fcber hinaus konnten einige Weing\u00fcter durch die Nutzung erneuerbarer Energiequellen wie Sonnenkollektoren ihren CO2-Fu\u00dfabdruck erheblich reduzieren und ihre Betriebe an umfassenderen Umweltzielen ausrichten. Dar\u00fcber hinaus gibt es ein wachsendes Engagement f\u00fcr die Abfallreduzierung und die F\u00f6rderung des Recyclings, sowohl innerhalb der Weinproduktion als auch in der breiteren Gemeinschaft. Durch die Einf\u00fchrung dieser nachhaltigen Praktiken bem\u00fcht sich die Weinindustrie Mallorcas, ihre nat\u00fcrlichen Landschaften zu sch\u00fctzen und gleichzeitig weiterhin au\u00dfergew\u00f6hnliche Weine zu produzieren, die sowohl lokal als auch international genossen werden k\u00f6nnen.<\/p>\n<p><\/p>\n<hr \/>\n<p><\/p>\n<p style=\"padding-left: 40px;\">Wenn Sie ein Liebhaber mallorquinischer Weine sind und in den Weinbergen leben und die einzigartige Landschaft genie\u00dfen m\u00f6chten, die die Weinregionen Mallorcas bieten, und vielleicht Ihre eigenen Weinreben in den fruchtbaren B\u00f6den und der g\u00fcnstigen Landschaft der Insel anbauen m\u00f6chten, finden Sie unsere Auswahl an zum Verkauf stehenden Immobilien innerhalb der Herkunftsbezeichnungen in den Links zu den Herkunftsbezeichnungen unten.<\/p>\n<p><\/p>\n<p style=\"padding-left: 40px;\"><a href=\"https:\/\/www.mallorcaguru.es\/de\/bereich\/herkunftsbezeichnung-binissalem-wein-mallorca\/\" target=\"_blank\" rel=\"noopener\"><img loading=\"lazy\" decoding=\"async\" class=\"aligncenter wp-image-144941\" title=\"Weinregionen Mallorca\" src=\"https:\/\/www.mallorcaguru.es\/wp-content\/smush-avif\/2024\/11\/1257808-300x104.jpg.avif\" sizes=\"(max-width: 251px) 100vw, 251px\" srcset=\"https:\/\/www.mallorcaguru.es\/wp-content\/smush-avif\/2024\/11\/1257808-300x104.jpg.avif 300w, https:\/\/www.mallorcaguru.es\/wp-content\/smush-avif\/2024\/11\/1257808-592x208.jpg.avif 592w, https:\/\/www.mallorcaguru.es\/wp-content\/smush-avif\/2024\/11\/1257808-496x172.jpg.avif 496w, https:\/\/www.mallorcaguru.es\/wp-content\/smush-avif\/2024\/11\/1257808.jpg.avif 600w\" alt=\"Weinregionen Mallorca\" width=\"251\" height=\"87\" data-src=\"https:\/\/www.mallorcaguru.es\/wp-content\/smush-avif\/2024\/11\/1257808-300x104.jpg.avif\" data-srcset=\"https:\/\/www.mallorcaguru.es\/wp-content\/smush-avif\/2024\/11\/1257808-300x104.jpg.avif 300w, https:\/\/www.mallorcaguru.es\/wp-content\/smush-avif\/2024\/11\/1257808-592x208.jpg.avif 592w, https:\/\/www.mallorcaguru.es\/wp-content\/smush-avif\/2024\/11\/1257808-496x172.jpg.avif 496w, https:\/\/www.mallorcaguru.es\/wp-content\/smush-avif\/2024\/11\/1257808.jpg.avif 600w\" data-smush-avif-fallback=\"{&quot;data-src&quot;:&quot;https:\\\/\\\/www.mallorcaguru.es\\\/wp-content\\\/smush-avif\\\/2024\\\/11\\\/1257808-300x104.jpg.avif&quot;,&quot;data-srcset&quot;:&quot;https:\\\/\\\/www.mallorcaguru.es\\\/wp-content\\\/smush-avif\\\/2024\\\/11\\\/1257808-300x104.jpg.avif 300w, https:\\\/\\\/www.mallorcaguru.es\\\/wp-content\\\/smush-avif\\\/2024\\\/11\\\/1257808-592x208.jpg.avif 592w, https:\\\/\\\/www.mallorcaguru.es\\\/wp-content\\\/smush-avif\\\/2024\\\/11\\\/1257808-496x172.jpg.avif 496w, https:\\\/\\\/www.mallorcaguru.es\\\/wp-content\\\/smush-avif\\\/2024\\\/11\\\/1257808.jpg.avif 600w&quot;}\" \/><\/a><\/p>\n<p><\/p>\n<p style=\"padding-left: 40px;\"><a href=\"https:\/\/www.mallorcaguru.es\/de\/bereich\/herkunftsbezeichnung-pla-und-llevant-wein-mallorca\/\" target=\"_blank\" rel=\"noopener\"><img loading=\"lazy\" decoding=\"async\" class=\"aligncenter wp-image-144946 size-medium\" title=\"Weinregionen Mallorca\" src=\"https:\/\/www.mallorcaguru.es\/wp-content\/smush-avif\/2024\/11\/DO_3-300x233.jpg.avif\" sizes=\"(max-width: 300px) 100vw, 300px\" srcset=\"https:\/\/www.mallorcaguru.es\/wp-content\/smush-avif\/2024\/11\/DO_3-300x233.jpg.avif 300w, https:\/\/www.mallorcaguru.es\/wp-content\/smush-avif\/2024\/11\/DO_3.jpg.avif 470w\" alt=\"Weinregionen Mallorca\" width=\"300\" height=\"233\" data-src=\"https:\/\/www.mallorcaguru.es\/wp-content\/smush-avif\/2024\/11\/DO_3-300x233.jpg.avif\" data-srcset=\"https:\/\/www.mallorcaguru.es\/wp-content\/smush-avif\/2024\/11\/DO_3-300x233.jpg.avif 300w, https:\/\/www.mallorcaguru.es\/wp-content\/smush-avif\/2024\/11\/DO_3.jpg.avif 470w\" data-smush-avif-fallback=\"{&quot;data-src&quot;:&quot;https:\\\/\\\/www.mallorcaguru.es\\\/wp-content\\\/smush-avif\\\/2024\\\/11\\\/DO_3-300x233.jpg.avif&quot;,&quot;data-srcset&quot;:&quot;https:\\\/\\\/www.mallorcaguru.es\\\/wp-content\\\/smush-avif\\\/2024\\\/11\\\/DO_3-300x233.jpg.avif 300w, https:\\\/\\\/www.mallorcaguru.es\\\/wp-content\\\/smush-avif\\\/2024\\\/11\\\/DO_3.jpg.avif 470w&quot;}\" \/><\/a><\/p>\n\t\t\t\t\t\t\t\t<\/div>\n\t\t\t\t<\/div>\n\t\t\t\t\t<\/div>\n\t\t<\/div>\n\t\t\t\t\t<\/div>\n\t\t<\/section>\n\t\t\t\t<\/div>\n\t\t","protected":false},"excerpt":{"rendered":"<p>Weinregionen Mallorca Die Geschichte des Weinbaus auf Mallorca Die Geschichte des Weinbaus auf Mallorca reicht bis in die Antike zur\u00fcck und zeichnet eine reiche Tradition nach, die mit der kulturellen und landwirtschaftlichen Entwicklung der Insel verflochten ist. Der Weinbau wurde wahrscheinlich von den Ph\u00f6niziern eingef\u00fchrt und sp\u00e4ter von den R\u00f6mern ausgeweitet, die das fruchtbare Land [&hellip;]<\/p>\n","protected":false},"author":1,"featured_media":144918,"parent":0,"menu_order":0,"comment_status":"closed","ping_status":"closed","template":"elementor_theme","meta":{"footnotes":""},"categories":[3340],"tags":[],"class_list":["post-145488","page","type-page","status-publish","has-post-thumbnail","hentry","category-allgemeine-beitraege-artikel"],"_links":{"self":[{"href":"https:\/\/www.mallorcaguru.es\/de\/wp-json\/wp\/v2\/pages\/145488","targetHints":{"allow":["GET"]}}],"collection":[{"href":"https:\/\/www.mallorcaguru.es\/de\/wp-json\/wp\/v2\/pages"}],"about":[{"href":"https:\/\/www.mallorcaguru.es\/de\/wp-json\/wp\/v2\/types\/page"}],"author":[{"embeddable":true,"href":"https:\/\/www.mallorcaguru.es\/de\/wp-json\/wp\/v2\/users\/1"}],"replies":[{"embeddable":true,"href":"https:\/\/www.mallorcaguru.es\/de\/wp-json\/wp\/v2\/comments?post=145488"}],"version-history":[{"count":0,"href":"https:\/\/www.mallorcaguru.es\/de\/wp-json\/wp\/v2\/pages\/145488\/revisions"}],"wp:featuredmedia":[{"embeddable":true,"href":"https:\/\/www.mallorcaguru.es\/de\/wp-json\/wp\/v2\/media\/144918"}],"wp:attachment":[{"href":"https:\/\/www.mallorcaguru.es\/de\/wp-json\/wp\/v2\/media?parent=145488"}],"wp:term":[{"taxonomy":"category","embeddable":true,"href":"https:\/\/www.mallorcaguru.es\/de\/wp-json\/wp\/v2\/categories?post=145488"},{"taxonomy":"post_tag","embeddable":true,"href":"https:\/\/www.mallorcaguru.es\/de\/wp-json\/wp\/v2\/tags?post=145488"}],"curies":[{"name":"wp","href":"https:\/\/api.w.org\/{rel}","templated":true}]}}