{"id":175610,"date":"2025-03-27T14:21:36","date_gmt":"2025-03-27T13:21:36","guid":{"rendered":"https:\/\/www.mallorcaguru.es\/erklaerung-zur-barrierefreiheit\/"},"modified":"2025-09-07T14:05:34","modified_gmt":"2025-09-07T12:05:34","slug":"erklaerung-zur-barrierefreiheit","status":"publish","type":"page","link":"https:\/\/www.mallorcaguru.es\/de\/erklaerung-zur-barrierefreiheit\/","title":{"rendered":"Erkl\u00e4rung zur Barrierefreiheit"},"content":{"rendered":"\r\n<p>&nbsp;<\/p>\r\n\r\n\r\n\r\n<h2>Erkl\u00e4rung zur Barrierefreiheit<\/h2>\r\n<h2>Mallorca Property Guru<\/h2>\r\n<p>Mallorca Property Guru setzt sich daf\u00fcr ein, die digitale Zug\u00e4nglichkeit f\u00fcr Menschen mit Behinderungen zu gew\u00e4hrleisten. Wir verbessern kontinuierlich das Benutzererlebnis f\u00fcr alle und wenden die entsprechenden Barrierefreiheitsstandards an.<\/p>\r\n<h3><span style=\"font-size: 12pt;\"><strong>Conformance status<\/strong><\/span><\/h3>\r\n<p>Die Web Content Accessibility Guidelines (WCAG) definieren Anforderungen an Designer und Entwickler, um die Zug\u00e4nglichkeit f\u00fcr Menschen mit Behinderungen zu verbessern.<\/p>\r\n<p>Es definiert drei Konformit\u00e4tsstufen: Stufe A, Stufe AA und Stufe AAA.<\/p>\r\n<p>Mallorca Property Guru ist st\u00e4ndig bem\u00fcht, die Zug\u00e4nglichkeit seiner Website und Dienste zu verbessern, da wir davon \u00fcberzeugt sind, dass es unsere gemeinsame moralische Verpflichtung ist, Menschen mit Behinderungen eine nahtlose, zug\u00e4ngliche und ungehinderte Nutzung zu erm\u00f6glichen.<\/p>\r\n<p>Wir sind bestrebt, alle Seiten und Inhalte auf https:\/\/www.mallorcaguru.es\/ barrierefrei zu gestalten, einige Inhalte erf\u00fcllen jedoch m\u00f6glicherweise noch nicht die h\u00f6chsten Barrierefreiheitsstandards.<\/p>\r\n<p>Dies k\u00f6nnte auf Schwierigkeiten bei der Ermittlung der am besten geeigneten technologischen L\u00f6sung zur\u00fcckzuf\u00fchren sein.<\/p>\r\n<p>Wir k\u00f6nnen diese Erkl\u00e4rung regelm\u00e4\u00dfig \u00fcberarbeiten, um Verbesserungen oder \u00c4nderungen unserer Zug\u00e4nglichkeitspraktiken zu ber\u00fccksichtigen.<\/p>\r\n<h3><span style=\"font-size: 12pt;\"><strong>Feedback<\/strong><\/span><\/h3>\r\n<p>Wir freuen uns \u00fcber Ihr Feedback zur Zug\u00e4nglichkeit der Website von Mallorca Property Guru. Bitte informieren Sie uns, wenn Sie auf unserer Website auf Barrieren sto\u00dfen:<\/p>\r\n<p>Bitte f\u00fcgen Sie als Betreff Ihrer E-Mail \u201eErkl\u00e4rung zur Barrierefreiheit\u201c hinzu.<\/p>\r\n<p>E-Mail: info@mallorcaguru.es<\/p>\r\n<p>Wir versuchen, innerhalb von 3\u20135 Werktagen auf Feedback zu antworten.<\/p>\r\n<p>Diese Erkl\u00e4rung wurde am 27.03.2025 erstellt.<\/p>\r\n<p>&nbsp;<\/p>\r\n","protected":false},"excerpt":{"rendered":"<p>&nbsp; Erkl\u00e4rung zur Barrierefreiheit Mallorca Property Guru Mallorca Property Guru setzt sich daf\u00fcr ein, die digitale Zug\u00e4nglichkeit f\u00fcr Menschen mit Behinderungen zu gew\u00e4hrleisten. Wir verbessern kontinuierlich das Benutzererlebnis f\u00fcr alle und wenden die entsprechenden Barrierefreiheitsstandards an. Conformance status Die Web Content Accessibility Guidelines (WCAG) definieren Anforderungen an Designer und Entwickler, um die Zug\u00e4nglichkeit f\u00fcr Menschen [&hellip;]<\/p>\n","protected":false},"author":1,"featured_media":270241,"parent":0,"menu_order":0,"comment_status":"closed","ping_status":"closed","template":"","meta":{"footnotes":""},"categories":[3914],"tags":[],"class_list":["post-175610","page","type-page","status-publish","has-post-thumbnail","hentry","category-benutzer"],"_links":{"self":[{"href":"https:\/\/www.mallorcaguru.es\/de\/wp-json\/wp\/v2\/pages\/175610","targetHints":{"allow":["GET"]}}],"collection":[{"href":"https:\/\/www.mallorcaguru.es\/de\/wp-json\/wp\/v2\/pages"}],"about":[{"href":"https:\/\/www.mallorcaguru.es\/de\/wp-json\/wp\/v2\/types\/page"}],"author":[{"embeddable":true,"href":"https:\/\/www.mallorcaguru.es\/de\/wp-json\/wp\/v2\/users\/1"}],"replies":[{"embeddable":true,"href":"https:\/\/www.mallorcaguru.es\/de\/wp-json\/wp\/v2\/comments?post=175610"}],"version-history":[{"count":0,"href":"https:\/\/www.mallorcaguru.es\/de\/wp-json\/wp\/v2\/pages\/175610\/revisions"}],"wp:featuredmedia":[{"embeddable":true,"href":"https:\/\/www.mallorcaguru.es\/de\/wp-json\/wp\/v2\/media\/270241"}],"wp:attachment":[{"href":"https:\/\/www.mallorcaguru.es\/de\/wp-json\/wp\/v2\/media?parent=175610"}],"wp:term":[{"taxonomy":"category","embeddable":true,"href":"https:\/\/www.mallorcaguru.es\/de\/wp-json\/wp\/v2\/categories?post=175610"},{"taxonomy":"post_tag","embeddable":true,"href":"https:\/\/www.mallorcaguru.es\/de\/wp-json\/wp\/v2\/tags?post=175610"}],"curies":[{"name":"wp","href":"https:\/\/api.w.org\/{rel}","templated":true}]}}