{"id":355800,"date":"2026-05-09T16:47:34","date_gmt":"2026-05-09T14:47:34","guid":{"rendered":"https:\/\/www.mallorcaguru.es\/login-registrieren\/"},"modified":"2026-05-09T17:47:15","modified_gmt":"2026-05-09T15:47:15","slug":"login-registrieren","status":"publish","type":"page","link":"https:\/\/www.mallorcaguru.es\/de\/login-registrieren\/","title":{"rendered":"Login Registrieren"},"content":{"rendered":"\t\t<div data-elementor-type=\"wp-page\" data-elementor-id=\"355800\" class=\"elementor elementor-355800 elementor-355686\" data-elementor-post-type=\"page\">\n\t\t\t\t<div class=\"elementor-element elementor-element-6733de4 e-flex e-con-boxed e-con e-parent\" data-id=\"6733de4\" data-element_type=\"container\" data-e-type=\"container\">\n\t\t\t\t\t<div class=\"e-con-inner\">\n\t\t\t\t<div class=\"elementor-element elementor-element-71b6db7 elementor-widget elementor-widget-houzez_elementor_page_title\" data-id=\"71b6db7\" data-element_type=\"widget\" data-e-type=\"widget\" data-widget_type=\"houzez_elementor_page_title.default\">\n\t\t\t\t<div class=\"elementor-widget-container\">\n\t\t\t\t\t\n<div class=\"breadcrumb-wrap\" role=\"navigation\">\n\t<nav>\n\t\t<ol class=\"breadcrumb\"><li class=\"breadcrumb-item breadcrumb-item-home\"><i class=\"houzez-icon icon-house\"><\/i><a href=\"https:\/\/www.mallorcaguru.es\/de\/\/\">Heim<\/a><\/li><li class=\"breadcrumb-item active\">Seiten<\/li><\/ol>\t<\/nav>\n<\/div><!-- breadcrumb-wrap --> \n        <div class=\"d-flex align-items-center\">\n            <div class=\"page-title flex-grow-1\" role=\"heading\" aria-level=\"1\">\n\t<h1>Login Registrieren<\/h1>\n<\/div><!-- page-title -->\n \n        <\/div><!-- d-flex -->  \n        \t\t\t\t<\/div>\n\t\t\t\t<\/div>\n\t\t\t\t<div class=\"elementor-element elementor-element-e7ba98d elementor-widget elementor-widget-text-editor\" data-id=\"e7ba98d\" data-element_type=\"widget\" data-e-type=\"widget\" data-widget_type=\"text-editor.default\">\n\t\t\t\t\t\t\t\t\t<h2 style=\"padding-left: 40px;\"><strong><span style=\"font-size: 12pt;\">Erstellen Sie ein Benutzerkonto bei uns<\/span><\/strong><\/h2><p style=\"padding-left: 40px; text-align: center;\">Sie k\u00f6nnen Ihre Suchergebnisse und Ihre bevorzugten Immobilien speichern und diese im Besucher-Tab im Hauptmen\u00fc anzeigen.<\/p><p style=\"padding-left: 40px; text-align: center;\"><strong>Oder nutzen Sie das Besuchermen\u00fc unten.<\/strong><\/p><p style=\"padding-left: 40px;\">Wenn Sie Ihre gespeicherten Suchen beibehalten, merkt sich unsere Website die von Ihnen verwendeten Kriterien und sendet Ihnen eine E-Mail-Benachrichtigung, wenn eine neue Immobilie hinzugef\u00fcgt wird, die Ihren Kriterien entspricht.<\/p><p style=\"padding-left: 40px; text-align: center;\">Nachdem Sie Ihre Suchen gespeichert und Immobilien zu Ihren Favoriten hinzugef\u00fcgt haben, k\u00f6nnen Sie die gespeicherten Immobilien vergleichen. <\/p><p style=\"text-align: center;\"><strong>Klicken Sie einfach auf das Symbol unten, um Ihr Konto zu erstellen.<\/strong><\/p>\t\t\t\t\t\t\t\t<\/div>\n\t\t\t\t\t<\/div>\n\t\t\t\t<\/div>\n\t\t<div class=\"elementor-element elementor-element-a7ff4be e-flex e-con-boxed e-con e-parent\" data-id=\"a7ff4be\" data-element_type=\"container\" data-e-type=\"container\">\n\t\t\t\t\t<div class=\"e-con-inner\">\n\t\t\t\t<div class=\"elementor-element elementor-element-ab16c06 elementor-widget elementor-widget-houzez-login-modal\" data-id=\"ab16c06\" data-element_type=\"widget\" data-e-type=\"widget\" data-widget_type=\"houzez-login-modal.default\">\n\t\t\t\t<div class=\"elementor-widget-container\">\n\t\t\t\t\t\t\t\n\t\t\t\t\t<div class=\"login-register\">\t\n\t\t\t\t\t\t\t\t<div class=\"login-link\">\n\t\t\t\t\t<a class=\"btn btn-icon-login-register dropdown-toggle\" \n\t\t\t\t\t\t   href=\"#\" \n\t\t\t\t\t\t   data-bs-toggle=\"modal\" \n\t\t\t\t\t\t   data-bs-target=\"#login-register-form\"\n\t\t\t\t\t\t   role=\"menuitem\">\n\t\t\t\t\t\t<i class=\"houzez-icon icon-single-neutral-circle\" aria-hidden=\"true\"><\/i>\n\t\t\t\t\t<\/a>\n\t\t\t\t<\/div>\n\t\t\t\t\t\t\t<\/div>\n\t\t\t\t\t\t<\/div>\n\t\t\t\t<\/div>\n\t\t\t\t\t<\/div>\n\t\t\t\t<\/div>\n\t\t\t\t<\/div>\n\t\t","protected":false},"excerpt":{"rendered":"<p>Home Erstellen Sie ein Benutzerkonto bei uns Sie k\u00f6nnen Ihre Suchergebnisse und Ihre bevorzugten Immobilien speichern und diese im Besucher-Tab im Hauptmen\u00fc anzeigen. Oder nutzen Sie das Besuchermen\u00fc unten. Wenn Sie Ihre gespeicherten Suchen beibehalten, merkt sich unsere Website die von Ihnen verwendeten Kriterien und sendet Ihnen eine E-Mail-Benachrichtigung, wenn eine neue Immobilie hinzugef\u00fcgt wird, [&hellip;]<\/p>\n","protected":false},"author":1,"featured_media":128168,"parent":0,"menu_order":0,"comment_status":"closed","ping_status":"closed","template":"elementor_header_footer","meta":{"footnotes":""},"categories":[3919],"tags":[],"class_list":["post-355800","page","type-page","status-publish","has-post-thumbnail","hentry","category-hauptseiten"],"_links":{"self":[{"href":"https:\/\/www.mallorcaguru.es\/de\/wp-json\/wp\/v2\/pages\/355800","targetHints":{"allow":["GET"]}}],"collection":[{"href":"https:\/\/www.mallorcaguru.es\/de\/wp-json\/wp\/v2\/pages"}],"about":[{"href":"https:\/\/www.mallorcaguru.es\/de\/wp-json\/wp\/v2\/types\/page"}],"author":[{"embeddable":true,"href":"https:\/\/www.mallorcaguru.es\/de\/wp-json\/wp\/v2\/users\/1"}],"replies":[{"embeddable":true,"href":"https:\/\/www.mallorcaguru.es\/de\/wp-json\/wp\/v2\/comments?post=355800"}],"version-history":[{"count":0,"href":"https:\/\/www.mallorcaguru.es\/de\/wp-json\/wp\/v2\/pages\/355800\/revisions"}],"wp:featuredmedia":[{"embeddable":true,"href":"https:\/\/www.mallorcaguru.es\/de\/wp-json\/wp\/v2\/media\/128168"}],"wp:attachment":[{"href":"https:\/\/www.mallorcaguru.es\/de\/wp-json\/wp\/v2\/media?parent=355800"}],"wp:term":[{"taxonomy":"category","embeddable":true,"href":"https:\/\/www.mallorcaguru.es\/de\/wp-json\/wp\/v2\/categories?post=355800"},{"taxonomy":"post_tag","embeddable":true,"href":"https:\/\/www.mallorcaguru.es\/de\/wp-json\/wp\/v2\/tags?post=355800"}],"curies":[{"name":"wp","href":"https:\/\/api.w.org\/{rel}","templated":true}]}}