{"id":35949,"date":"2022-07-15T15:22:51","date_gmt":"2022-07-15T13:22:51","guid":{"rendered":"https:\/\/www.mallorcaguru.es\/leitfaden-fuer-immobilienkaeufer-auf-mallorca\/"},"modified":"2026-01-20T12:38:16","modified_gmt":"2026-01-20T11:38:16","slug":"leitfaden-fuer-immobilienkaeufer-auf-mallorca","status":"publish","type":"page","link":"https:\/\/www.mallorcaguru.es\/de\/leitfaden-fuer-immobilienkaeufer-auf-mallorca\/","title":{"rendered":"Leitfaden f\u00fcr Immobilienk\u00e4ufer auf Mallorca"},"content":{"rendered":"\t\t<div data-elementor-type=\"wp-post\" data-elementor-id=\"35949\" class=\"elementor elementor-35949 elementor-30512\" data-elementor-post-type=\"page\">\n\t\t\t\t\t\t<section class=\"elementor-section elementor-top-section elementor-element elementor-element-4873c352 elementor-section-boxed elementor-section-height-default elementor-section-height-default\" data-id=\"4873c352\" data-element_type=\"section\" data-e-type=\"section\">\n\t\t\t\t\t\t<div class=\"elementor-container elementor-column-gap-default\">\n\t\t\t\t\t<div class=\"elementor-column elementor-col-100 elementor-top-column elementor-element elementor-element-3868393e\" data-id=\"3868393e\" data-element_type=\"column\" data-e-type=\"column\">\n\t\t\t<div class=\"elementor-widget-wrap elementor-element-populated\">\n\t\t\t\t\t\t<div class=\"elementor-element elementor-element-4b6aaca6 elementor-widget elementor-widget-text-editor\" data-id=\"4b6aaca6\" data-element_type=\"widget\" data-e-type=\"widget\" data-widget_type=\"text-editor.default\">\n\t\t\t\t<div class=\"elementor-widget-container\">\n\t\t\t\t\t\t\t\t\t<p><strong><span style=\"font-size: 12pt;\">Leitfaden f\u00fcr Immobilienk\u00e4ufer auf Mallorca<\/span><\/strong><\/p>\n<p>Der Kauf einer Immobilie auf Mallorca kann mit vielen verschiedenen Elementen komplex sein, die es zu ber\u00fccksichtigen gilt. Wir sind hier, um Ihnen zu helfen.<\/p>\n<p><strong>Wenn Sie als B\u00fcrger eines EU-Mitgliedsstaates eine Immobilie auf Mallorca\u00a0<\/strong><\/p>\n<p>Kaufen und ein Bankkonto f\u00fcr die Geb\u00fchren f\u00fcr lokale Steuern und Stromrechnungen er\u00f6ffnen m\u00f6chten, ben\u00f6tigen Sie eine <strong>NIE<\/strong>, die formaler als <b>N\u00famero de identidad de extranjero<\/b> bekannt ist.<\/p>\n<p>Die <b>NIE<\/b> ist eine Steueridentifikationsnummer, die verwendet wird, um Sie zu identifizieren und die an die spanischen Steuerbeh\u00f6rden gezahlten Steuern aufzuzeichnen.<\/p>\n<p>Antr\u00e4ge k\u00f6nnen bei den spanischen Konsulaten im Heimatland des K\u00e4ufers, von einem Vertreter in Spanien oder pers\u00f6nlich gestellt werden.<\/p>\n<p>F\u00fcr Benachrichtigungen w\u00e4hrend des Antragszeitraums ist eine Adresse in Spanien erforderlich. Wenn Sie also keine Adresse angeben k\u00f6nnen, ist die Besch\u00e4ftigung eines akkreditierten Vertreters wie eines Anwalts oder eines Unternehmens, das diesen Service anbietet, normalerweise die einfachste Option.<\/p>\n<hr \/>\n<p><strong>Kauf einer Immobilie auf Mallorca als B\u00fcrger eines Nicht-EU-Mitgliedsstaates, wozu auch B\u00fcrger des Vereinigten K\u00f6nigreichs geh\u00f6ren<\/strong>.<\/p>\n<p>Die <strong>NIE<\/strong> ist ebenfalls erforderlich, da der Prozess komplexer sein kann, wird empfohlen, die Dienste eines Anwalts oder eines akkreditierten Vertreters in Anspruch zu nehmen.<\/p>\n<p>Ben\u00f6tigen Sie eine <strong>spanische Milit\u00e4rerlaubnis<\/strong>, um eine Immobilie auf Mallorca zu kaufen?<\/p>\n<p>Die <strong>spanische Milit\u00e4rerlaubnis<\/strong> geht auf ein Gesetz aus dem Jahr 1975 zur\u00fcck, das sich auf Gebiete oder Einrichtungen bezieht, die f\u00fcr die Landesverteidigung von Interesse sind. Dieses Gesetz verpflichtete K\u00e4ufer aus \u00dcbersee, die in einigen Regionen Spaniens eine Immobilie erwerben wollten, eine Genehmigung des Verteidigungsministeriums einzuholen, um alle Transaktionen abzuschlie\u00dfen. Mallorca und alle Balearen sind in der Liste der Regionen enthalten, in denen ein Milit\u00e4r war Genehmigung erforderlich.<\/p>\n<p>Obwohl das Gesetz \u00fcber 45 Jahre alt ist, ist es immer noch in \u00fcber 1.500 Gemeinden in Spanien in Kraft, die sich in den \u201eGebieten mit eingeschr\u00e4nktem Zugang f\u00fcr Ausl\u00e4nder\u201c befinden, die im Gesetz von 1975 festgelegt wurden. Am 1. Januar 2021 verlie\u00df das Vereinigte K\u00f6nigreich offiziell die Europ\u00e4ische Union und seine B\u00fcrger wurden Nicht-EU-B\u00fcrger.<\/p>\n<p>Es ist jedoch wichtig zu betonen, dass diese Genehmigung nur beantragt werden muss, wenn der ausl\u00e4ndische K\u00e4ufer eine Immobilie auf einem l\u00e4ndlichen Grundst\u00fcck erwerben m\u00f6chte, da das Gesetz nicht f\u00fcr den Kauf eines Hauses, einer Wohnung, einer Villa oder eines Grundst\u00fccks auf einem st\u00e4dtischen Grundst\u00fcck gilt Land.<\/p>\n<p>Auch wenn es nicht kompliziert ist, eine <strong>spanische Milit\u00e4rerlaubnis<\/strong> zu erhalten, nachdem alle Unterlagen eingereicht wurden, kann es bis zu vier Monate dauern, bis ein ausl\u00e4ndischer Antragsteller sie erh\u00e4lt. Daher ist es wichtig, den Prozess so schnell wie m\u00f6glich zu beginnen, um rechtzeitig zum Kauf der Immobilie in der erforderlichen Zeit zu sein.<\/p>\n<p>Die <strong>Milit\u00e4rerlaubnis<\/strong> gilt auch f\u00fcr diejenigen, die bereits eine Immobilie in Spanien haben, aber keine EU-B\u00fcrger sind. Wenn Sie ein Haus in Spanien verkaufen, um eine andere Immobilie zu kaufen, und kein B\u00fcrger eines EU-Staates sind, ben\u00f6tigen Sie m\u00f6glicherweise eine <strong>Milit\u00e4rerlaubnis<\/strong> zum Kauf .<\/p>\n<hr \/>\n<h3><strong><span style=\"font-size: 12pt;\">St\u00e4dtisch vs. l\u00e4ndlich <\/span><\/strong><\/h3>\n<p>Sowohl st\u00e4dtische als auch l\u00e4ndliche Immobilien auf Mallorca unterliegen unterschiedlichen Planungsvorschriften, im Allgemeinen sind die Planungsvorschriften, die f\u00fcr l\u00e4ndliche Immobilien gelten, komplexer.<\/p>\n<p>Viele l\u00e4ndliche Besitzt\u00fcmer sind teilweise illegal oder weisen illegale Elemente auf.<\/p>\n<p><strong>Weitere Informationen finden Sie unter<\/strong><\/p>\n<h3><a href=\"https:\/\/www.mallorcaguru.es\/de\/legalisierung-von-laendlichen-immobilien-auf-mallorca\/\" target=\"_blank\" rel=\"noopener\"><span style=\"font-size: 12pt;\">Legalisierung von l\u00e4ndlichen Immobilien auf Mallorca<\/span><\/a><\/h3>\n<p>Dasselbe gilt f\u00fcr st\u00e4dtische Immobilien, aber die L\u00f6sungen sind normalerweise einfacher.<\/p>\n<hr \/>\n<h3><span style=\"font-size: 12pt;\">Die grundlegenden Dokumente, die der K\u00e4ufer und sein Anwalt beim Verkauf einer Immobilie ben\u00f6tigen<\/span><\/h3>\n<p>Die Dokumentation f\u00fcr den Verkauf einiger Immobilien ist weitaus komplexer.<\/p>\n<p>Viele Anw\u00e4lte ben\u00f6tigen die meisten der folgenden Dokumente, bevor eine Verkaufsoption geschrieben und von K\u00e4ufer und Verk\u00e4ufer unterzeichnet wird.<\/p>\n<p>Sie k\u00f6nnen damit einverstanden sein, nur die Eigentumsurkunde und Katasterdokumente f\u00fcr Immobilien mit hohem Alter auszunehmen oder die seit vielen Jahren im Besitz derselben Familie sind und keine erneuten Papiere haben.<\/p>\n<p>Eine Verkaufsoption enth\u00e4lt Details, die zwischen K\u00e4ufer und Verk\u00e4ufer hinsichtlich der f\u00fcr einen Verkauf erforderlichen ausstehenden Dokumente vereinbart wurden, legt einen Zeitrahmen f\u00fcr den Verk\u00e4ufer fest, um diese zu erstellen, und einen Betrag als Anzahlung f\u00fcr den Verkauf, der die Immobilie vom Markt zur\u00fcckzieht. Dies sind ein allgemeiner Leitfaden, detailliertere Erkl\u00e4rungen f\u00fcr l\u00e4ndliche Immobilien, Projekte, Neubauten, kontaktieren Sie uns.<\/p>\n<hr \/>\n<p>&nbsp;<\/p>\n<h3><span style=\"font-size: 12pt;\"><strong>Obligatorisch<\/strong><\/span><\/h3>\n<p>1) Eigentumsurkunden <strong>Escritura<\/strong> und im Falle eines vererbten Eigentums \u00c4nderung der Eigentumsdokumentation.<\/p>\n<p>2) <strong>Katasterregistrierungsdokument<\/strong> der Immobilie <strong>Nota Simple<\/strong>.<\/p>\n<p>3) Letzte Quittung f\u00fcr die<strong>IB\u00b4s<\/strong> der Gemeindesteuer. (St\u00e4dtische Immobilien) <strong>Impuesto sobre Bienes Inmuebles<\/strong>.<\/p>\n<p>4) Letzter Eingang der M\u00fcllgeb\u00fchren. (St\u00e4dtische Immobilien) <strong>Impuesto de Recogida de Basuras<\/strong>.<\/p>\n<p>5) Vertr\u00e4ge im Namen des Eigent\u00fcmers f\u00fcr Wasser, Strom, Gas, Telefon\u2026 Nicht im Namen eines Mieters. 6) Endabrechnungen f\u00fcr alle Dienstleistungen, Wasser, Strom, Gas, Telefon im Namen des Eigent\u00fcmers, nicht im Namen eines Mieters.<\/p>\n<p>7) <a href=\"https:\/\/www.mallorcaguru.es\/de\/cedula-de-habitabilidad\/\" target=\"_blank\" rel=\"noopener\"><strong>Certificado de Habitabilidad <\/strong><\/a>g\u00fcltig ab Ausstellungsdatum das Zertifikat ist zehn Jahre g\u00fcltig es besagt, dass die Immobilie als Wohnraum anerkannt ist, gibt die Anzahl der Personen an, die darin leben d\u00fcrfen. L\u00e4ndlichen Grundst\u00fccken ohne Bescheinigung kann der Anschluss an die Stromversorgung verweigert werden, aber ein l\u00e4ndliches Grundst\u00fcck mit Bescheinigung ber\u00fchrt dessen Rechtm\u00e4\u00dfigkeit nicht ein l\u00e4ndliches Grundst\u00fcck mit Bescheinigung kann dennoch ganz oder teilweise illegal sein. Auch als <strong>Cedula<\/strong>bekannt. \u00c4ltere H\u00e4user, die nie eine <strong>Cedula<\/strong>hatten, die in D\u00f6rfern \u00fcblich ist. Die Formel soll r\u00fcckwirkend f\u00fcr eine \u201e<strong>Cedula Carrencia<\/strong>\u201c gelten \u00d7 Dies erfordert normalerweise die Vorlage eines Architektendokuments beim zust\u00e4ndigen Rathaus und kann einige Zeit dauern.<\/p>\n<p>8) Eficiencia <a href=\"https:\/\/www.mallorcaguru.es\/de\/energieausweis-epc\/\" target=\"_blank\" rel=\"noopener\"><strong>certificado de Energia<\/strong><\/a>, Ein Zertifikat, das den Energieverbrauch einer Immobilie pro Jahr mit einer Bewertung von A bis F berechnet. Im Falle von Geb\u00e4uden zur Reform ist dies nicht obligatorisch, aber die Anw\u00e4lte der meisten K\u00e4ufer m\u00f6chten eine Kopie und ziehen dies in Betracht es obligatorisch. \u00d7<\/p>\n<p>9) <strong>Certificado de no existir infracciones urban\u00edsticas<\/strong>, eine Benachrichtigung oder Bescheinigung des Rathauses, dass keine lokalen Steuern, Bu\u00dfgelder oder ausstehenden Akten wegen Planungsverst\u00f6\u00dfen gegen das Grundst\u00fcck vorliegen. Bei l\u00e4ndlichen Immobilien kann dies ein <strong>Certificado Urban\u00edstica<\/strong> sein eine \u00dcberpr\u00fcfung der Pl\u00e4ne und Antr\u00e4ge auf Baugenehmigungen durch das Rathaus, die zeigt, dass das Grundst\u00fcck wie in den Genehmigungsantr\u00e4gen angegeben gebaut wurde und dass das Rathaus zustimmt, dass die Genehmigung korrekt ausgef\u00fcllt wurde und dass das Grundst\u00fcck in seiner Gegenwart legal ist bilden.<\/p>\n<p>10) <strong>Expediente de Dominio<\/strong>aufgrund einer Gesetzes\u00e4nderung im Jahr 2015. Beim Kauf mit einer Hypothek m\u00fcssen die m2, die im Katasterbuch der Immobilie beschrieben sind, mit den m2 \u00fcbereinstimmen, die im <strong>T\u00edtulo de propiedad<\/strong> (<strong>Escritura<\/strong>) beschrieben sind. Oder der Notar darf die Immobilie nicht legal verkaufen. Um dies zu l\u00f6sen, ist eine topografische Studie erforderlich. Sie gilt jedoch nicht, wenn keine Hypothek erforderlich ist.<\/p>\n<p>11) Ein <strong>Certificado de Antig\u00fcedad<\/strong>, eine Bescheinigung \u00fcber das Alter eines Hauses, ist das gesetzliche und offizielle Dokument, das das Datum angibt, an dem der Bau des Hauses abgeschlossen wurde. Beim Kauf einer Sanierungsimmobilie ist dies besonders wichtig, da Informationen aus Luftbildern ab 1956 gesammelt werden. Das Rathaus kann die Umgestaltung von Grundst\u00fccksteilen einschr\u00e4nken, wenn nicht nachgewiesen werden kann, dass bereits ein Datum vorliegt, an dem sich das Planungsrecht ge\u00e4ndert hat und sich auf st\u00e4dtische und b\u00e4uerliche Grundst\u00fccke auf die zul\u00e4ssige Belegung ausgewirkt hat.<\/p>\n<p><strong>Wohnungen<\/strong><\/p>\n<p>12) Nur f\u00fcr Wohnungen anwendbar Die <strong>ITE<\/strong> ist eine Bestandsaufnahme des Zustands eines ganzen Mehrfamilienhauses. Die Anwohnergemeinschaft ist verpflichtet, die Ergebnisse der Befragung zu beantragen und dann zu handeln, oder sie wird mit einem Bu\u00dfgeld belegt. Sie gilt f\u00fcr Geb\u00e4ude, die \u00e4lter als 50 Jahre sind.<\/p>\n<p>13) Wohnungen in Eigent\u00fcmergemeinschaften, eine Bescheinigung des Pr\u00e4sidenten oder Verwalters der Gemeinschaft, aus der hervorgeht, dass der gegenw\u00e4rtige Eigent\u00fcmer alle bisherigen Zahlungen geleistet hat und keine ausstehenden Geb\u00fchren an die Gemeinschaft zu zahlen hat.<\/p>\n<p>Wenn Sie eine reformierte Immobilie kaufen, muss der Eigent\u00fcmer Ihnen m\u00f6glicherweise auch die f\u00fcr die Reformarbeiten erteilte Lizenz und das <strong>Certificado fin de obra<\/strong> vorlegen.<\/p>\n<p>Wenn Sie eine Immobilie kaufen, die f\u00fcr eine bestimmte Aktivit\u00e4t registriert ist, z. B. als Ferienvermietung <strong>ETV<\/strong> oder als Gesch\u00e4ft, Caf\u00e9 oder Hotel lizenziert ist, muss der Eigent\u00fcmer weitere von Ihrem Anwalt geforderte Unterlagen vorlegen.<\/p>\n<p>\u00d7 Bitte beachten Sie bei 7) &amp; 8) Diese Zertifikate k\u00f6nnen aufgehoben werden, wenn eine Immobilie in schlechtem Zustand ist und kein Bad oder K\u00fcche hat, also keine bewohnbare Wohnung ist, aber dies muss im Kaufoptionsvertrag festgehalten werden.<\/p>\n<p>Aber der Fokus muss dann auf 9 liegen), 10) und 11) Nachweis, dass die Immobilie keine ausstehenden Bu\u00dfgelder oder Planungsprobleme aufweist und die sowohl in den Urkunden als auch im Grundbuch eingetragenen m2 korrekt sind. Und der Nachweis der Rechtm\u00e4\u00dfigkeit aller Bauteile ist unerl\u00e4sslich, wenn Sie eine Baugenehmigung beantragen m\u00f6chten.<\/p>\n<p>Wenn Sie irgendwelche Zweifel haben, ist es jederzeit m\u00f6glich, einen <strong>Informe<\/strong>-Bericht bei dem mit der Immobilie verbundenen Rathaus \u00fcber jedes Projekt, das Sie vielleicht machen m\u00f6chten, zu machen, ein <strong>Informe<\/strong> ist eine Liste von Fragen, die von einem <strong>Technischen Architekten<\/strong> (<strong>Aparejador<\/strong>) im Rathaus gestellt werden.<\/p>\n<p>Das <strong>Informe<\/strong> gibt Ihnen einen Leitfaden zu den M\u00f6glichkeiten und erkl\u00e4rt, was m\u00f6glicherweise nicht m\u00f6glich ist. Abh\u00e4ngig von der Anzahl der Details und der Art der Anfrage beginnen Ihre Kosten f\u00fcr eine Informe bei weniger als 500 \u20ac f\u00fcr eine m\u00fcndliche Beratung, ein relativ geringer Preis f\u00fcr sehr wertvolle Informationen.<\/p>\n<p>Weitere Informationen zu den Kosten f\u00fcr den Kauf von Steuern und Geb\u00fchren sowie zum Kauf von l\u00e4ndlichen Immobilien, Projekten und Immobilien zur Reform<\/p>\n<p>Kontaktieren Sie uns, wenn Sie Fragen zum Kauf einer Immobilie auf Mallorca haben.<\/p>\n\t\t\t\t\t\t\t\t<\/div>\n\t\t\t\t<\/div>\n\t\t\t\t<div class=\"elementor-element elementor-element-ed628bc elementor-share-buttons--shape-circle elementor-share-buttons--view-icon-text elementor-share-buttons--skin-gradient elementor-grid-0 elementor-share-buttons--color-official elementor-widget elementor-widget-share-buttons\" data-id=\"ed628bc\" data-element_type=\"widget\" data-e-type=\"widget\" data-widget_type=\"share-buttons.default\">\n\t\t\t\t<div class=\"elementor-widget-container\">\n\t\t\t\t\t\t\t<div class=\"elementor-grid\" role=\"list\">\n\t\t\t\t\t\t\t\t<div class=\"elementor-grid-item\" role=\"listitem\">\n\t\t\t\t\t\t<div class=\"elementor-share-btn elementor-share-btn_print\" role=\"button\" tabindex=\"0\" aria-label=\"Teilen auf print\">\n\t\t\t\t\t\t\t\t\t\t\t\t\t\t\t<span class=\"elementor-share-btn__icon\">\n\t\t\t\t\t\t\t\t<i class=\"fas fa-print\" aria-hidden=\"true\"><\/i>\t\t\t\t\t\t\t<\/span>\n\t\t\t\t\t\t\t\t\t\t\t\t\t\t\t\t\t\t\t\t\t\t<div class=\"elementor-share-btn__text\">\n\t\t\t\t\t\t\t\t\t\t\t\t\t\t\t\t\t\t\t<span class=\"elementor-share-btn__title\">\n\t\t\t\t\t\t\t\t\t\tPrint\t\t\t\t\t\t\t\t\t<\/span>\n\t\t\t\t\t\t\t\t\t\t\t\t\t\t\t\t\t<\/div>\n\t\t\t\t\t\t\t\t\t\t\t\t\t<\/div>\n\t\t\t\t\t<\/div>\n\t\t\t\t\t\t\t\t\t<div class=\"elementor-grid-item\" role=\"listitem\">\n\t\t\t\t\t\t<div class=\"elementor-share-btn elementor-share-btn_email\" role=\"button\" tabindex=\"0\" aria-label=\"Teilen auf email\">\n\t\t\t\t\t\t\t\t\t\t\t\t\t\t\t<span class=\"elementor-share-btn__icon\">\n\t\t\t\t\t\t\t\t<i class=\"fas fa-envelope\" aria-hidden=\"true\"><\/i>\t\t\t\t\t\t\t<\/span>\n\t\t\t\t\t\t\t\t\t\t\t\t\t\t\t\t\t\t\t\t\t\t<div class=\"elementor-share-btn__text\">\n\t\t\t\t\t\t\t\t\t\t\t\t\t\t\t\t\t\t\t<span class=\"elementor-share-btn__title\">\n\t\t\t\t\t\t\t\t\t\tEmail\t\t\t\t\t\t\t\t\t<\/span>\n\t\t\t\t\t\t\t\t\t\t\t\t\t\t\t\t\t<\/div>\n\t\t\t\t\t\t\t\t\t\t\t\t\t<\/div>\n\t\t\t\t\t<\/div>\n\t\t\t\t\t\t\t\t\t<div class=\"elementor-grid-item\" role=\"listitem\">\n\t\t\t\t\t\t<div class=\"elementor-share-btn elementor-share-btn_whatsapp\" role=\"button\" tabindex=\"0\" aria-label=\"Teilen auf whatsapp\">\n\t\t\t\t\t\t\t\t\t\t\t\t\t\t\t<span class=\"elementor-share-btn__icon\">\n\t\t\t\t\t\t\t\t<i class=\"fab fa-whatsapp\" aria-hidden=\"true\"><\/i>\t\t\t\t\t\t\t<\/span>\n\t\t\t\t\t\t\t\t\t\t\t\t\t\t\t\t\t\t\t\t\t\t<div class=\"elementor-share-btn__text\">\n\t\t\t\t\t\t\t\t\t\t\t\t\t\t\t\t\t\t\t<span class=\"elementor-share-btn__title\">\n\t\t\t\t\t\t\t\t\t\tWhatsApp\t\t\t\t\t\t\t\t\t<\/span>\n\t\t\t\t\t\t\t\t\t\t\t\t\t\t\t\t\t<\/div>\n\t\t\t\t\t\t\t\t\t\t\t\t\t<\/div>\n\t\t\t\t\t<\/div>\n\t\t\t\t\t\t<\/div>\n\t\t\t\t\t\t<\/div>\n\t\t\t\t<\/div>\n\t\t\t\t\t<\/div>\n\t\t<\/div>\n\t\t\t\t\t<\/div>\n\t\t<\/section>\n\t\t\t\t<section class=\"elementor-section elementor-top-section elementor-element elementor-element-5b2b9eb elementor-section-boxed elementor-section-height-default elementor-section-height-default\" data-id=\"5b2b9eb\" data-element_type=\"section\" data-e-type=\"section\">\n\t\t\t\t\t\t<div class=\"elementor-container elementor-column-gap-default\">\n\t\t\t\t\t<div class=\"elementor-column elementor-col-100 elementor-top-column elementor-element elementor-element-d0d110e\" data-id=\"d0d110e\" data-element_type=\"column\" data-e-type=\"column\">\n\t\t\t<div class=\"elementor-widget-wrap\">\n\t\t\t\t\t\t\t<\/div>\n\t\t<\/div>\n\t\t\t\t\t<\/div>\n\t\t<\/section>\n\t\t\t\t<section class=\"elementor-section elementor-top-section elementor-element elementor-element-f84ca2b elementor-section-boxed elementor-section-height-default elementor-section-height-default\" data-id=\"f84ca2b\" data-element_type=\"section\" data-e-type=\"section\">\n\t\t\t\t\t\t<div class=\"elementor-container elementor-column-gap-default\">\n\t\t\t\t\t<div class=\"elementor-column elementor-col-100 elementor-top-column elementor-element elementor-element-776af17\" data-id=\"776af17\" data-element_type=\"column\" data-e-type=\"column\">\n\t\t\t<div class=\"elementor-widget-wrap elementor-element-populated\">\n\t\t\t\t\t\t<div class=\"elementor-element elementor-element-aa1b5e4 elementor-button-align-center elementor-widget elementor-widget-form\" data-id=\"aa1b5e4\" data-element_type=\"widget\" data-e-type=\"widget\" data-settings=\"{&quot;step_next_label&quot;:&quot;N\\u00e4chste&quot;,&quot;step_previous_label&quot;:&quot;Vorherige&quot;,&quot;button_width&quot;:&quot;100&quot;,&quot;step_type&quot;:&quot;number_text&quot;,&quot;step_icon_shape&quot;:&quot;circle&quot;}\" data-widget_type=\"form.default\">\n\t\t\t\t<div class=\"elementor-widget-container\">\n\t\t\t\t\t\t\t<form class=\"elementor-form\" method=\"post\" id=\"buyer_form_id\" name=\"Neue Form\" aria-label=\"Neue Form\">\n\t\t\t<input type=\"hidden\" name=\"post_id\" value=\"35949\"\/>\n\t\t\t<input type=\"hidden\" name=\"form_id\" value=\"aa1b5e4\"\/>\n\t\t\t<input type=\"hidden\" name=\"referer_title\" value=\"Leitfaden f\u00fcr Immobilienk\u00e4ufer auf Mallorca - Mallorca Property Guru\" \/>\n\n\t\t\t\t\t\t\t<input type=\"hidden\" name=\"queried_id\" value=\"35949\"\/>\n\t\t\t\n\t\t\t<div class=\"elementor-form-fields-wrapper elementor-labels-above\">\n\t\t\t\t\t\t\t\t<div class=\"elementor-field-type-text elementor-field-group elementor-column elementor-field-group-name elementor-col-100 elementor-field-required elementor-mark-required\">\n\t\t\t\t\t\t\t\t\t\t\t\t<label for=\"form-field-name\" class=\"elementor-field-label\">\n\t\t\t\t\t\t\t\tVorname\t\t\t\t\t\t\t<\/label>\n\t\t\t\t\t\t\t\t\t\t\t\t\t\t<input size=\"1\" type=\"text\" name=\"form_fields[name]\" id=\"form-field-name\" class=\"elementor-field elementor-size-sm  elementor-field-textual\" placeholder=\"Vorname\" required=\"required\">\n\t\t\t\t\t\t\t\t\t\t\t<\/div>\n\t\t\t\t\t\t\t\t<div class=\"elementor-field-type-email elementor-field-group elementor-column elementor-field-group-email elementor-col-100 elementor-field-required elementor-mark-required\">\n\t\t\t\t\t\t\t\t\t\t\t\t<label for=\"form-field-email\" class=\"elementor-field-label\">\n\t\t\t\t\t\t\t\tEmail\t\t\t\t\t\t\t<\/label>\n\t\t\t\t\t\t\t\t\t\t\t\t\t\t<input size=\"1\" type=\"email\" name=\"form_fields[email]\" id=\"form-field-email\" class=\"elementor-field elementor-size-sm  elementor-field-textual\" placeholder=\"Email\" required=\"required\">\n\t\t\t\t\t\t\t\t\t\t\t<\/div>\n\t\t\t\t\t\t\t\t<div class=\"elementor-field-type-textarea elementor-field-group elementor-column elementor-field-group-message elementor-col-100 elementor-field-required elementor-mark-required\">\n\t\t\t\t\t\t\t\t\t\t\t\t<label for=\"form-field-message\" class=\"elementor-field-label\">\n\t\t\t\t\t\t\t\tNachricht\t\t\t\t\t\t\t<\/label>\n\t\t\t\t\t\t<textarea class=\"elementor-field-textual elementor-field  elementor-size-sm\" name=\"form_fields[message]\" id=\"form-field-message\" rows=\"4\" placeholder=\"Nachricht\" required=\"required\"><\/textarea>\t\t\t\t<\/div>\n\t\t\t\t\t\t\t\t<div class=\"elementor-field-type-recaptcha_v3 elementor-field-group elementor-column elementor-field-group-field_83c936f elementor-col-100 recaptcha_v3-bottomleft\">\n\t\t\t\t\t<div class=\"elementor-field\" id=\"form-field-field_83c936f\"><div class=\"elementor-g-recaptcha\" data-sitekey=\"6LfB2wsrAAAAAKxW-7DAZzyFvPSFGz6YuwjeIhdo\" data-type=\"v3\" data-action=\"Form\" data-badge=\"bottomleft\" data-size=\"invisible\"><\/div><\/div>\t\t\t\t<\/div>\n\t\t\t\t\t\t\t\t<div class=\"elementor-field-group elementor-column elementor-field-type-submit elementor-col-100 e-form__buttons\">\n\t\t\t\t\t<button class=\"elementor-button elementor-size-sm\" type=\"submit\" id=\"Buyers30032025\">\n\t\t\t\t\t\t<span class=\"elementor-button-content-wrapper\">\n\t\t\t\t\t\t\t\t\t\t\t\t\t\t\t\t\t\t\t\t\t\t<span class=\"elementor-button-text\">Senden<\/span>\n\t\t\t\t\t\t\t\t\t\t\t\t\t<\/span>\n\t\t\t\t\t<\/button>\n\t\t\t\t<\/div>\n\t\t\t<\/div>\n\t\t<\/form>\n\t\t\t\t\t\t<\/div>\n\t\t\t\t<\/div>\n\t\t\t\t\t<\/div>\n\t\t<\/div>\n\t\t\t\t\t<\/div>\n\t\t<\/section>\n\t\t\t\t<\/div>\n\t\t","protected":false},"excerpt":{"rendered":"<p>Leitfaden f\u00fcr Immobilienk\u00e4ufer auf Mallorca Der Kauf einer Immobilie auf Mallorca kann mit vielen verschiedenen Elementen komplex sein, die es zu ber\u00fccksichtigen gilt. Wir sind hier, um Ihnen zu helfen. Wenn Sie als B\u00fcrger eines EU-Mitgliedsstaates eine Immobilie auf Mallorca\u00a0 Kaufen und ein Bankkonto f\u00fcr die Geb\u00fchren f\u00fcr lokale Steuern und Stromrechnungen er\u00f6ffnen m\u00f6chten, ben\u00f6tigen [&hellip;]<\/p>\n","protected":false},"author":1,"featured_media":34629,"parent":0,"menu_order":1,"comment_status":"closed","ping_status":"closed","template":"elementor_theme","meta":{"footnotes":""},"categories":[3340],"tags":[],"class_list":["post-35949","page","type-page","status-publish","has-post-thumbnail","hentry","category-allgemeine-beitraege-artikel"],"_links":{"self":[{"href":"https:\/\/www.mallorcaguru.es\/de\/wp-json\/wp\/v2\/pages\/35949","targetHints":{"allow":["GET"]}}],"collection":[{"href":"https:\/\/www.mallorcaguru.es\/de\/wp-json\/wp\/v2\/pages"}],"about":[{"href":"https:\/\/www.mallorcaguru.es\/de\/wp-json\/wp\/v2\/types\/page"}],"author":[{"embeddable":true,"href":"https:\/\/www.mallorcaguru.es\/de\/wp-json\/wp\/v2\/users\/1"}],"replies":[{"embeddable":true,"href":"https:\/\/www.mallorcaguru.es\/de\/wp-json\/wp\/v2\/comments?post=35949"}],"version-history":[{"count":0,"href":"https:\/\/www.mallorcaguru.es\/de\/wp-json\/wp\/v2\/pages\/35949\/revisions"}],"wp:featuredmedia":[{"embeddable":true,"href":"https:\/\/www.mallorcaguru.es\/de\/wp-json\/wp\/v2\/media\/34629"}],"wp:attachment":[{"href":"https:\/\/www.mallorcaguru.es\/de\/wp-json\/wp\/v2\/media?parent=35949"}],"wp:term":[{"taxonomy":"category","embeddable":true,"href":"https:\/\/www.mallorcaguru.es\/de\/wp-json\/wp\/v2\/categories?post=35949"},{"taxonomy":"post_tag","embeddable":true,"href":"https:\/\/www.mallorcaguru.es\/de\/wp-json\/wp\/v2\/tags?post=35949"}],"curies":[{"name":"wp","href":"https:\/\/api.w.org\/{rel}","templated":true}]}}