{"id":4842,"date":"2016-03-10T18:51:46","date_gmt":"2016-03-10T17:51:46","guid":{"rendered":"https:\/\/www.mallorcaguru.es\/allgemeine-geschaeftsbedingungen\/"},"modified":"2025-09-07T16:20:33","modified_gmt":"2025-09-07T14:20:33","slug":"allgemeine-geschaeftsbedingungen","status":"publish","type":"page","link":"https:\/\/www.mallorcaguru.es\/de\/allgemeine-geschaeftsbedingungen\/","title":{"rendered":"Gesch\u00e4ftsbedingungen"},"content":{"rendered":"<div class=\"page-header\">\n<h1><span style=\"font-size: 14pt;\">Haftungsausschluss f\u00fcr Mallorca Property Guru<\/span><\/h1>\n<\/div>\n<div>\n<p>Wenn Sie weitere Informationen ben\u00f6tigen oder Fragen zum Haftungsausschluss unserer Website haben, wenden Sie sich bitte an<span style=\"color: #0000ff;\"><a style=\"color: #0000ff;\" href=\"https:\/\/www.mallorcaguru.es\/de\/kontakt\/\" target=\"_blank\" rel=\"noopener\"> Kontaktieren Sie uns<\/a><\/span><\/p>\n<p><strong>Alle von den Eigent\u00fcmern der Immobilien auf dieser Website bereitgestellten Informationen werden nach bestem Wissen und Gewissen und ausschlie\u00dflich zu allgemeinen Informationszwecken ver\u00f6ffentlicht.<\/strong><\/p>\n<p>Mallorca Property Guru \u00fcbernimmt keine Garantie f\u00fcr die Vollst\u00e4ndigkeit, Zuverl\u00e4ssigkeit und Richtigkeit dieser Informationen.<\/p>\n<p>Alle Ma\u00dfnahmen, die Sie aufgrund der Informationen auf dieser Website (Mallorca Property Guru) ergreifen, erfolgen ausschlie\u00dflich auf Ihr eigenes Risiko. Mallorca Property Guru haftet nicht f\u00fcr Verluste und\/oder Sch\u00e4den im Zusammenhang mit der Nutzung unserer Website.<\/p>\n<p>Von unserer Website aus k\u00f6nnen Sie andere Websites besuchen, indem Sie Hyperlinks zu diesen externen Sites folgen. Obwohl wir bestrebt sind, nur qualitativ hochwertige Links zu n\u00fctzlichen und ethischen Websites bereitzustellen, haben wir keine Kontrolle \u00fcber den Inhalt und die Art dieser Websites. Diese Links zu anderen Websites stellen keine Empfehlung f\u00fcr s\u00e4mtliche Inhalte dieser Websites dar. Websitebesitzer und Inhalte k\u00f6nnen sich ohne Vorank\u00fcndigung \u00e4ndern und dies kann geschehen, bevor wir die M\u00f6glichkeit haben, einen m\u00f6glicherweise \u201eschlechten\u201c Link zu entfernen.<\/p>\n<p>Bitte beachten Sie auch, dass andere Websites andere Datenschutzrichtlinien und -bedingungen haben k\u00f6nnen, wenn Sie unsere Website verlassen. Auf diese haben wir keinen Einfluss. Bitte lesen Sie unbedingt die Datenschutzrichtlinien und die Servicebedingungen dieser Websites, bevor Sie gesch\u00e4ftliche Vorg\u00e4nge abschlie\u00dfen oder Informationen hochladen.<\/p>\n<p>Zustimmung<br \/>\nDurch die Nutzung unserer Website erkl\u00e4ren Sie sich hiermit mit unserem Haftungsausschluss einverstanden und stimmen seinen Bedingungen zu.<\/p>\n<p>Aktualisieren<\/p>\n<p>Sollten wir dieses Dokument aktualisieren, erg\u00e4nzen oder anderweitig \u00e4ndern, werden diese \u00c4nderungen hier deutlich sichtbar ver\u00f6ffentlicht.<\/p>\n<\/div>\n","protected":false},"excerpt":{"rendered":"<p>Haftungsausschluss f\u00fcr Mallorca Property Guru Wenn Sie weitere Informationen ben\u00f6tigen oder Fragen zum Haftungsausschluss unserer Website haben, wenden Sie sich bitte an Kontaktieren Sie uns Alle von den Eigent\u00fcmern der Immobilien auf dieser Website bereitgestellten Informationen werden nach bestem Wissen und Gewissen und ausschlie\u00dflich zu allgemeinen Informationszwecken ver\u00f6ffentlicht. Mallorca Property Guru \u00fcbernimmt keine Garantie f\u00fcr [&hellip;]<\/p>\n","protected":false},"author":1,"featured_media":0,"parent":0,"menu_order":28,"comment_status":"closed","ping_status":"closed","template":"template\/template-page.php","meta":{"footnotes":""},"categories":[3914],"tags":[],"class_list":["post-4842","page","type-page","status-publish","hentry","category-benutzer"],"_links":{"self":[{"href":"https:\/\/www.mallorcaguru.es\/de\/wp-json\/wp\/v2\/pages\/4842","targetHints":{"allow":["GET"]}}],"collection":[{"href":"https:\/\/www.mallorcaguru.es\/de\/wp-json\/wp\/v2\/pages"}],"about":[{"href":"https:\/\/www.mallorcaguru.es\/de\/wp-json\/wp\/v2\/types\/page"}],"author":[{"embeddable":true,"href":"https:\/\/www.mallorcaguru.es\/de\/wp-json\/wp\/v2\/users\/1"}],"replies":[{"embeddable":true,"href":"https:\/\/www.mallorcaguru.es\/de\/wp-json\/wp\/v2\/comments?post=4842"}],"version-history":[{"count":0,"href":"https:\/\/www.mallorcaguru.es\/de\/wp-json\/wp\/v2\/pages\/4842\/revisions"}],"wp:attachment":[{"href":"https:\/\/www.mallorcaguru.es\/de\/wp-json\/wp\/v2\/media?parent=4842"}],"wp:term":[{"taxonomy":"category","embeddable":true,"href":"https:\/\/www.mallorcaguru.es\/de\/wp-json\/wp\/v2\/categories?post=4842"},{"taxonomy":"post_tag","embeddable":true,"href":"https:\/\/www.mallorcaguru.es\/de\/wp-json\/wp\/v2\/tags?post=4842"}],"curies":[{"name":"wp","href":"https:\/\/api.w.org\/{rel}","templated":true}]}}