{"id":4847,"date":"2016-03-10T18:52:12","date_gmt":"2016-03-10T17:52:12","guid":{"rendered":"https:\/\/www.mallorcaguru.es\/haftungsausschluss-fuer-immobilien-mallorca\/"},"modified":"2025-09-07T16:19:05","modified_gmt":"2025-09-07T14:19:05","slug":"haftungsausschluss-fuer-immobilien-mallorca","status":"publish","type":"page","link":"https:\/\/www.mallorcaguru.es\/de\/haftungsausschluss-fuer-immobilien-mallorca\/","title":{"rendered":"Privatsph\u00e4re"},"content":{"rendered":"<h1><span style=\"font-size: 14pt;\"><strong>Datenschutzrichtlinie und Kodex f\u00fcr geistiges Eigentum: <\/strong><\/span><\/h1>\n<h2><span style=\"font-size: 12pt;\"><strong>Mallorca Property Guru<\/strong><\/span><\/h2>\n<p>Mallorca Property Guru besitzt die folgenden Domainnamen:<\/p>\n<p>www.fastighetermallorcaportal.com<\/p>\n<p>www.immobilienmallorcaportal.com<\/p>\n<p>www.mallorcapropertyportal.com<\/p>\n<p>Der textliche und grafische Inhalt (einschlie\u00dflich Logos, Videos und Fotos) der Website ist das ausschlie\u00dfliche Eigentum von Mallorca Property Guru, sofern nicht anders angegeben. Jegliche vollst\u00e4ndige oder teilweise Reproduktion des Inhalts aus den Elementen der Website ohne ausdr\u00fcckliche Genehmigung ist im Sinne des durch den Urheberrechtsvertrag (WCT) der World Intellectual Property Organization (WIPO) ratifizierten Code of Intellectual Property verboten.<\/p>\n<p>Eine unserer Hauptpriorit\u00e4ten bei <strong>Mallorca Property Guru<\/strong>ist die Privatsph\u00e4re unserer Besucher. Diese Datenschutzrichtlinie enth\u00e4lt Arten von Informationen, die von <strong>Mallorca Property Guru<\/strong> gesammelt und aufgezeichnet werden, und wie wir sie verwenden. Wie von den EU-Cookie-Verordnungen gefordert, finden Sie weitere Informationen im <a href=\"https:\/\/ec.europa.eu\/info\/cookies_de\" target=\"_blank\" rel=\"noopener\">EU-Internethandbuch<\/a><\/p>\n<p>Wenn Sie weitere Fragen haben oder weitere Informationen zu unserer Datenschutzrichtlinie ben\u00f6tigen, z\u00f6gern Sie nicht, uns per E-Mail unter zu kontaktieren.<\/p>\n<p><strong>Protokolldateien<\/strong>: <strong>Mallorca Property Guru<\/strong> folgt einem Standardverfahren zur Verwendung von Protokolldateien. Diese Dateien protokollieren Besucher, wenn sie Websites besuchen. Alle Hosting-Unternehmen tun dies und einen Teil der Analyse der Hosting-Dienste. Zu den von Protokolldateien gesammelten Informationen geh\u00f6ren Internetprotokolladressen (IP-Adressen), Browsertyp, Internetdienstanbieter (ISP), Datums- und Zeitstempel, Verweis-\/Ausstiegsseiten und m\u00f6glicherweise die Anzahl der Klicks. Diese werden nicht mit personenbezogenen Daten verkn\u00fcpft. Der Zweck der Informationen besteht darin, Trends zu analysieren, die Website zu verwalten, die Bewegung der Benutzer auf der Website zu verfolgen und demografische Informationen zu sammeln.<\/p>\n<p><strong>Cookies und Web Beacons<\/strong>: Wie jede andere Website verwendet Mallorca Property Guru \u201eCookies\u201c. Diese Cookies werden verwendet, um Informationen zu speichern, einschlie\u00dflich der Pr\u00e4ferenzen der Besucher und der Seiten auf der Website, auf die der Besucher zugegriffen oder die er besucht hat. Die Informationen werden verwendet, um die Benutzererfahrung zu optimieren, indem unsere Webseiteninhalte basierend auf dem Browsertyp der Besucher und\/oder anderen Informationen angepasst werden.<\/p>\n<p><strong>Unsere Werbepartner<\/strong> Einige der Werbetreibenden auf unserer Website verwenden m\u00f6glicherweise Cookies und Web Beacons. Zu unseren Werbepartnern geh\u00f6ren:<\/p>\n<ul>\n<li>Google<\/li>\n<li>Google Adsence<\/li>\n<\/ul>\n<p>Jeder unserer Werbepartner hat seine eigene Datenschutzrichtlinie f\u00fcr seine Website. F\u00fcr einen einfacheren Zugriff wird hier eine aktualisierte und verlinkte Ressource gepflegt:<\/p>\n<p><strong>Datenschutzrichtlinien<\/strong>: Sie k\u00f6nnen diese Liste konsultieren, um die Datenschutzrichtlinien f\u00fcr jeden der Werbepartner von Mallorca Property Guru zu finden.<\/p>\n<p>Werbeserver oder Werbenetzwerke von Drittanbietern verwenden Technologien wie Cookies, JavaScript oder Web Beacons, die in ihren jeweiligen Anzeigen und Links verwendet werden, die auf Mallorca Property Guru erscheinen und direkt an den Browser der Benutzer gesendet werden. Sie erhalten dabei automatisch Ihre IP-Adresse. Diese Technologien werden verwendet, um die Effektivit\u00e4t ihrer Werbekampagnen zu messen und\/oder die Werbeinhalte zu personalisieren, die Sie auf den von Ihnen besuchten Websites sehen.<\/p>\n<p>Beachten Sie, dass Mallorca Property Guru keinen Zugriff auf oder keine Kontrolle \u00fcber diese Cookies hat, die von Drittanbietern verwendet werden.<\/p>\n<p><strong>Datenschutzrichtlinien Dritter<\/strong><\/p>\n<p>Die Datenschutzrichtlinie von Mallorca Property Guru gilt nicht f\u00fcr andere Werbetreibende oder Websites. Daher empfehlen wir Ihnen, die jeweiligen Datenschutzrichtlinien dieser Drittanbieter-Ad-Server f\u00fcr detailliertere Informationen zu konsultieren. Es kann ihre Praktiken und Anweisungen zum Deaktivieren bestimmter Optionen enthalten. Eine vollst\u00e4ndige Liste dieser Datenschutzrichtlinien und ihrer Links finden Sie hier: Datenschutzrichtlinien-Links.<\/p>\n<p>Sie k\u00f6nnen Cookies \u00fcber Ihre individuellen Browseroptionen deaktivieren. Ausf\u00fchrlichere Informationen zur Cookie-Verwaltung mit bestimmten Webbrowsern finden Sie auf den jeweiligen Websites der Browser. Was sind Cookies?<\/p>\n<p><strong>Kinderinfos<\/strong><\/p>\n<p>Ein weiterer Teil unserer Priorit\u00e4t ist der Schutz von Kindern bei der Nutzung des Internets. Wir ermutigen Eltern und Erziehungsberechtigte, ihre Online-Aktivit\u00e4ten zu beobachten, daran teilzunehmen und\/oder sie zu \u00fcberwachen und zu leiten.<\/p>\n<p>Mallorca Property Guru sammelt wissentlich keine personenbezogenen Daten von Kindern unter 13 Jahren. Wenn Sie der Meinung sind, dass Ihr Kind diese Art von Informationen auf unserer Website bereitgestellt hat, empfehlen wir Ihnen dringend, sich umgehend mit uns in Verbindung zu setzen, und wir werden uns nach besten Kr\u00e4ften bem\u00fchen, solche Informationen umgehend aus unseren Aufzeichnungen zu entfernen.<\/p>\n<p><strong>Nur Online-Datenschutzrichtlinie<\/strong><\/p>\n<p>Diese Datenschutzrichtlinie gilt nur f\u00fcr unsere Online-Aktivit\u00e4ten und gilt f\u00fcr Besucher unserer Website in Bezug auf die Informationen, die sie in Mallorca Property Guru geteilt und\/oder gesammelt haben. Diese Richtlinie gilt nicht f\u00fcr Informationen, die offline oder \u00fcber andere Kan\u00e4le als diese Website gesammelt werden.<\/p>\n<p><strong>Zustimmung<\/strong>: Durch die Nutzung unserer Website stimmen Sie hiermit unserer Datenschutzrichtlinie zu und stimmen ihren Allgemeinen Gesch\u00e4ftsbedingungen zu.<\/p>\n<p>Unsere <a href=\"https:\/\/www.mallorcaguru.es\/de\/allgemeine-geschaeftsbedingungen\/\" target=\"_blank\" rel=\"noopener\">Allgemeinen Gesch\u00e4ftsbedingungen<\/a><\/p>\n<p>Unsere <a href=\"https:\/\/www.mallorcaguru.es\/de\/erklaerung-zur-barrierefreiheit\/\" target=\"_blank\" rel=\"noopener\">Erkl\u00e4rung zur Barrierefreiheit<\/a><\/p>\n","protected":false},"excerpt":{"rendered":"<p>Datenschutzrichtlinie und Kodex f\u00fcr geistiges Eigentum: Mallorca Property Guru Mallorca Property Guru besitzt die folgenden Domainnamen: www.fastighetermallorcaportal.com www.immobilienmallorcaportal.com www.mallorcapropertyportal.com Der textliche und grafische Inhalt (einschlie\u00dflich Logos, Videos und Fotos) der Website ist das ausschlie\u00dfliche Eigentum von Mallorca Property Guru, sofern nicht anders angegeben. Jegliche vollst\u00e4ndige oder teilweise Reproduktion des Inhalts aus den Elementen der Website [&hellip;]<\/p>\n","protected":false},"author":1,"featured_media":0,"parent":0,"menu_order":26,"comment_status":"closed","ping_status":"closed","template":"template\/template-page.php","meta":{"footnotes":""},"categories":[3914],"tags":[],"class_list":["post-4847","page","type-page","status-publish","hentry","category-benutzer"],"_links":{"self":[{"href":"https:\/\/www.mallorcaguru.es\/de\/wp-json\/wp\/v2\/pages\/4847","targetHints":{"allow":["GET"]}}],"collection":[{"href":"https:\/\/www.mallorcaguru.es\/de\/wp-json\/wp\/v2\/pages"}],"about":[{"href":"https:\/\/www.mallorcaguru.es\/de\/wp-json\/wp\/v2\/types\/page"}],"author":[{"embeddable":true,"href":"https:\/\/www.mallorcaguru.es\/de\/wp-json\/wp\/v2\/users\/1"}],"replies":[{"embeddable":true,"href":"https:\/\/www.mallorcaguru.es\/de\/wp-json\/wp\/v2\/comments?post=4847"}],"version-history":[{"count":0,"href":"https:\/\/www.mallorcaguru.es\/de\/wp-json\/wp\/v2\/pages\/4847\/revisions"}],"wp:attachment":[{"href":"https:\/\/www.mallorcaguru.es\/de\/wp-json\/wp\/v2\/media?parent=4847"}],"wp:term":[{"taxonomy":"category","embeddable":true,"href":"https:\/\/www.mallorcaguru.es\/de\/wp-json\/wp\/v2\/categories?post=4847"},{"taxonomy":"post_tag","embeddable":true,"href":"https:\/\/www.mallorcaguru.es\/de\/wp-json\/wp\/v2\/tags?post=4847"}],"curies":[{"name":"wp","href":"https:\/\/api.w.org\/{rel}","templated":true}]}}