{"id":145494,"date":"2024-11-29T12:22:38","date_gmt":"2024-11-29T11:22:38","guid":{"rendered":"https:\/\/www.mallorcaguru.es\/regiones-vinicolas-de-mallorca\/"},"modified":"2026-01-20T12:26:18","modified_gmt":"2026-01-20T11:26:18","slug":"regiones-vinicolas-de-mallorca","status":"publish","type":"page","link":"https:\/\/www.mallorcaguru.es\/es\/regiones-vinicolas-de-mallorca\/","title":{"rendered":"Regiones vin\u00edcolas de Mallorca"},"content":{"rendered":"\t\t<div data-elementor-type=\"wp-post\" data-elementor-id=\"145494\" class=\"elementor elementor-145494 elementor-144912\" data-elementor-post-type=\"page\">\n\t\t\t\t\t\t<section class=\"elementor-section elementor-top-section elementor-element elementor-element-7f1a399e elementor-section-boxed elementor-section-height-default elementor-section-height-default\" data-id=\"7f1a399e\" data-element_type=\"section\" data-e-type=\"section\">\n\t\t\t\t\t\t<div class=\"elementor-container elementor-column-gap-default\">\n\t\t\t\t\t<div class=\"elementor-column elementor-col-100 elementor-top-column elementor-element elementor-element-23f53454\" data-id=\"23f53454\" data-element_type=\"column\" data-e-type=\"column\">\n\t\t\t<div class=\"elementor-widget-wrap elementor-element-populated\">\n\t\t\t\t\t\t<div class=\"elementor-element elementor-element-a10b1e elementor-widget elementor-widget-text-editor\" data-id=\"a10b1e\" data-element_type=\"widget\" data-e-type=\"widget\" data-widget_type=\"text-editor.default\">\n\t\t\t\t<div class=\"elementor-widget-container\">\n\t\t\t\t\t\t\t\t\t<h2 style=\"padding-left: 40px;\"><span style=\"font-size: 14pt;\">Regiones vin\u00edcolas de Mallorca<\/span><\/h2>\n<p><\/p>\n<h3 style=\"padding-left: 40px;\">La historia de la elaboraci\u00f3n del vino en Mallorca<\/h3>\n<p><\/p>\n<p style=\"padding-left: 40px;\">La historia de la elaboraci\u00f3n del vino en Mallorca se remonta a la antig\u00fcedad y traza una rica tradici\u00f3n que se entrelaza con la evoluci\u00f3n cultural y agr\u00edcola de la isla. La viticultura probablemente fue introducida por los fenicios y luego expandida por los romanos, quienes reconocieron la tierra f\u00e9rtil y el clima favorable de la isla. A lo largo de los siglos, la elaboraci\u00f3n del vino se arraig\u00f3 profundamente en las pr\u00e1cticas agr\u00edcolas de Mallorca. La influencia morisca dej\u00f3 su huella con t\u00e9cnicas de riego avanzadas que impulsaron el cultivo de la uva, a pesar de las restricciones isl\u00e1micas sobre el consumo de alcohol.<br \/>\nDespu\u00e9s de la reconquista cristiana en el siglo XIII, los vi\u00f1edos florecieron como parte del auge vitivin\u00edcola mediterr\u00e1neo m\u00e1s amplio. Sin embargo, la industria enfrent\u00f3 desaf\u00edos, particularmente durante el brote de filoxera a fines del siglo XIX, que devast\u00f3 las vi\u00f1as en toda Europa, incluida Mallorca. Esto provoc\u00f3 una transformaci\u00f3n significativa y casi llev\u00f3 al colapso de la tradici\u00f3n vitivin\u00edcola en la isla. La recuperaci\u00f3n fue lenta, pero a mediados del siglo XX, los esfuerzos por recuperar las variedades de uva tradicionales y mejorar la calidad comenzaron a dar sus frutos.<br \/>\nHoy en d\u00eda, Mallorca alberga numerosos vi\u00f1edos y bodegas que producen vinos que reflejan el terroir \u00fanico de la isla. El resurgimiento se caracteriza por un enfoque en variedades de uva aut\u00f3ctonas como Manto Negro y Callet, que son famosas por sus perfiles de sabor distintivos. Estos vinos capturan la esencia de Mallorca, uniendo el legado hist\u00f3rico de la isla con la innovaci\u00f3n moderna.<\/p>\n<p><\/p>\n<p style=\"padding-left: 40px;\">Las variedades de uva \u00fanicas de Mallorca nutren un patrimonio vitivin\u00edcola distintivo, caracterizado por sus variedades de uva \u00fanicas que contribuyen a la creciente reputaci\u00f3n de la isla en la comunidad vin\u00edcola internacional. Los diversos microclimas y tipos de suelo de la isla crean un entorno ideal para la viticultura, lo que permite que las variedades de uva aut\u00f3ctonas florezcan e impartan caracter\u00edsticas singulares a los vinos mallorquines. Entre las variedades aut\u00f3ctonas m\u00e1s destacadas se encuentra Manto Negro, una uva tinta que se utiliza a menudo como componente principal en las famosas mezclas de tintos de la isla.<br \/>\nEsta variedad prospera en el suelo predominantemente calc\u00e1reo de Mallorca, ofreciendo vinos con una textura suave, cuerpo medio y sabores que van desde frutos rojos hasta matices terrosos, a menudo acompa\u00f1ados de un toque de especias. Otra uva esencial es Callet, conocida por producir tintos ligeros y arom\u00e1ticos con taninos elegantes. Esta variedad ha experimentado un resurgimiento en los vi\u00f1edos locales y es apreciada por su capacidad para producir vinos con un aut\u00e9ntico sentido del lugar, que encarna el clima c\u00e1lido del Mediterr\u00e1neo. En cuanto a los vinos blancos, la rara uva Moll, tambi\u00e9n conocida como Prensal Blanc, es apreciada por su brillante acidez y sus notas c\u00edtricas, lo que la hace perfecta para blancos frescos y arom\u00e1ticos que reflejan el entorno soleado de Mallorca. Estas variedades aut\u00f3ctonas no solo demuestran la dedicaci\u00f3n de la isla a la preservaci\u00f3n de su identidad vitivin\u00edcola, sino que tambi\u00e9n ofrecen a los entusiastas del vino un viaje sensorial \u00fanico que define la esencia del terroir mallorqu\u00edn.<\/p>\n<p><\/p>\n<p style=\"padding-left: 40px;\"><img decoding=\"async\" class=\"alignleft wp-image-144933 size-thumbnail\" title=\"Regiones vin\u00edcolas de Mallorca\" src=\"https:\/\/www.mallorcaguru.es\/wp-content\/uploads\/2024\/11\/DO-Binissalem-Mallorca--150x150.png\" sizes=\"(max-width: 150px) 100vw, 150px\" srcset=\"https:\/\/www.mallorcaguru.es\/wp-content\/uploads\/2024\/11\/DO-Binissalem-Mallorca--150x150.png 150w, https:\/\/www.mallorcaguru.es\/wp-content\/uploads\/2024\/11\/DO-Binissalem-Mallorca--780x780.png 780w\" alt=\"Regiones vin\u00edcolas de Mallorca\" width=\"150\" height=\"150\" data-src=\"https:\/\/www.mallorcaguru.es\/wp-content\/uploads\/2024\/11\/DO-Binissalem-Mallorca--150x150.png\" data-srcset=\"https:\/\/www.mallorcaguru.es\/wp-content\/uploads\/2024\/11\/DO-Binissalem-Mallorca--150x150.png 150w, https:\/\/www.mallorcaguru.es\/wp-content\/uploads\/2024\/11\/DO-Binissalem-Mallorca--780x780.png 780w\" \/>La\u00a0<strong>DO Binissalem<\/strong>, establecida en 1990 y ubicada en el centro de Mallorca, es quiz\u00e1s la m\u00e1s famosa. Esta regi\u00f3n es conocida por su suelo rico en caliza y sus veranos calurosos y secos, ideales para producir vinos tintos robustos, en particular de la uva aut\u00f3ctona Manto Negro. Binissalem tambi\u00e9n produce excelentes blancos, a menudo utilizando la uva aut\u00f3ctona Moll, Prensal Blanc. Entre las bodegas notables que dinamizan la escena vin\u00edcola de Mallorca se encuentran Bodegas Jos\u00e9 L. Ferrer Binissalem y Maci\u00e0 Batle Santa Maria del Cam\u00ed, ambas profundamente arraigadas en la tradici\u00f3n pero abiertas a las t\u00e9cnicas modernas.<\/p>\n<p><\/p>\n<p style=\"padding-left: 40px;\"><img decoding=\"async\" class=\"alignleft wp-image-144927 size-thumbnail\" title=\"Regiones vin\u00edcolas de Mallorca\" src=\"https:\/\/www.mallorcaguru.es\/wp-content\/uploads\/2024\/11\/DO-Pla-Y-Llevant-Mallorca--150x150.png\" sizes=\"(max-width: 150px) 100vw, 150px\" srcset=\"https:\/\/www.mallorcaguru.es\/wp-content\/uploads\/2024\/11\/DO-Pla-Y-Llevant-Mallorca--150x150.png 150w, https:\/\/www.mallorcaguru.es\/wp-content\/uploads\/2024\/11\/DO-Pla-Y-Llevant-Mallorca--780x780.png 780w\" alt=\"Regiones vin\u00edcolas de Mallorca\" width=\"150\" height=\"150\" data-src=\"https:\/\/www.mallorcaguru.es\/wp-content\/uploads\/2024\/11\/DO-Pla-Y-Llevant-Mallorca--150x150.png\" data-srcset=\"https:\/\/www.mallorcaguru.es\/wp-content\/uploads\/2024\/11\/DO-Pla-Y-Llevant-Mallorca--150x150.png 150w, https:\/\/www.mallorcaguru.es\/wp-content\/uploads\/2024\/11\/DO-Pla-Y-Llevant-Mallorca--780x780.png 780w\" \/>La\u00a0<strong>DO Pla i Llevant<\/strong>, establecida en 1999 en la costa este de la isla y la zona central de la isla, exhibe una mezcla de variedades tradicionales y mezclas innovadoras que reflejan el diverso terroir de la regi\u00f3n. Aqu\u00ed se producen tanto tintos como blancos, destacando entre los tintos el Callet y el Fogoneu, mientras que en los blancos brillan el Moscatel y el Macabeo.<\/p>\n<p><\/p>\n<p style=\"padding-left: 40px;\">Los vinos de Mallorca se producen fuera de las zonas de las dos denominaciones de vino reconocidas, los vinos producidos en cualquiera de estas zonas pueden utilizar la denominaci\u00f3n<strong>\u00a0DO Mallorca<\/strong>, muchos de ellos de mayor calidad, tambi\u00e9n hay vi\u00f1edos dentro de las denominaciones que no son miembros y que tambi\u00e9n producen vinos de mayor calidad que optan por no unirse a la denominaci\u00f3n porque trabajan con variedades de uva menos tradicionales no permitidas por la denominaci\u00f3n.<\/p>\n<p><\/p>\n<p style=\"padding-left: 40px;\"><img fetchpriority=\"high\" decoding=\"async\" class=\"size-full wp-image-144921 aligncenter\" title=\"Regiones vin\u00edcolas de Mallorca\" src=\"https:\/\/www.mallorcaguru.es\/wp-content\/smush-avif\/2024\/11\/images.png.avif\" sizes=\"(max-width: 442px) 100vw, 442px\" srcset=\"https:\/\/www.mallorcaguru.es\/wp-content\/smush-avif\/2024\/11\/images.png.avif 442w, https:\/\/www.mallorcaguru.es\/wp-content\/smush-avif\/2024\/11\/images-300x77.png.avif 300w\" alt=\"Regiones vin\u00edcolas de Mallorca\" width=\"442\" height=\"114\" data-src=\"https:\/\/www.mallorcaguru.es\/wp-content\/smush-avif\/2024\/11\/images.png.avif\" data-srcset=\"https:\/\/www.mallorcaguru.es\/wp-content\/smush-avif\/2024\/11\/images.png.avif 442w, https:\/\/www.mallorcaguru.es\/wp-content\/smush-avif\/2024\/11\/images-300x77.png.avif 300w\" data-smush-avif-fallback=\"{&quot;data-src&quot;:&quot;https:\\\/\\\/www.mallorcaguru.es\\\/wp-content\\\/smush-avif\\\/2024\\\/11\\\/images.png.avif&quot;,&quot;data-srcset&quot;:&quot;https:\\\/\\\/www.mallorcaguru.es\\\/wp-content\\\/smush-avif\\\/2024\\\/11\\\/images.png.avif 442w, https:\\\/\\\/www.mallorcaguru.es\\\/wp-content\\\/smush-avif\\\/2024\\\/11\\\/images-300x77.png.avif 300w&quot;}\" \/><\/p>\n<p><\/p>\n<p style=\"padding-left: 40px;\">La sostenibilidad se ha convertido en una piedra angular de la industria vitivin\u00edcola de Mallorca, ya que los viticultores de la isla adoptan cada vez m\u00e1s pr\u00e1cticas respetuosas con el medio ambiente para preservar el entorno \u00fanico y mejorar la calidad de sus vinos. Los productores de vino son muy conscientes del delicado equilibrio necesario para mantener la rica biodiversidad de la isla y, al mismo tiempo, producir vinos de alta calidad que reflejen el terroir distintivo. Muchos vi\u00f1edos de Mallorca han recurrido a m\u00e9todos de cultivo ecol\u00f3gicos, eliminando el uso de productos qu\u00edmicos sint\u00e9ticos para fomentar un suelo y unas vides m\u00e1s saludables. Al adoptar la viticultura ecol\u00f3gica, garantizan que se respete el ecosistema natural, lo que promueve el crecimiento de insectos y plantas beneficiosos que contribuyen a un entorno de vi\u00f1edo equilibrado.<br \/>\nLa gesti\u00f3n del agua es otro aspecto fundamental, dados los recursos h\u00eddricos limitados de la isla. Las bodegas est\u00e1n invirtiendo en sistemas de riego avanzados que minimizan el desperdicio y optimizan el uso del agua, lo que garantiza que las vides reciban la cantidad justa de hidrataci\u00f3n sin agotar las reservas de agua locales. Adem\u00e1s, el \u00e9nfasis en las fuentes de energ\u00eda renovables, como los paneles solares, ha permitido a algunos vi\u00f1edos reducir significativamente su huella de carbono, alineando sus operaciones con objetivos ambientales m\u00e1s amplios. Adem\u00e1s, existe un creciente compromiso con la reducci\u00f3n de residuos y el fomento del reciclaje, tanto dentro de la producci\u00f3n de vino como en la comunidad en general. Al adoptar estas pr\u00e1cticas sostenibles, la industria vitivin\u00edcola de Mallorca se esfuerza por proteger sus paisajes naturales mientras contin\u00faa produciendo vinos excepcionales que se pueden saborear tanto a nivel local como internacional.<\/p>\n<p><\/p>\n<hr \/>\n<p><\/p>\n<p style=\"padding-left: 40px;\">Si eres un entusiasta de los vinos mallorquines y quieres vivir entre vi\u00f1edos y disfrutar del paisaje \u00fanico que ofrecen las regiones vin\u00edcolas de Mallorca y quiz\u00e1s cultivar tus propias vi\u00f1as en los suelos f\u00e9rtiles y el paisaje favorable de la isla, nuestra selecci\u00f3n de propiedades en venta dentro de las denominaciones se encuentra en los enlaces a las denominaciones a continuaci\u00f3n.<\/p>\n<p><\/p>\n<p style=\"padding-left: 40px;\"><a href=\"https:\/\/www.mallorcaguru.es\/es\/zona\/denominacion-de-origen-binissalem-vino-de-mallorca\/\" target=\"_blank\" rel=\"noopener\"><img loading=\"lazy\" decoding=\"async\" class=\"aligncenter wp-image-144941\" title=\"Regiones vin\u00edcolas de Mallorca\" src=\"https:\/\/www.mallorcaguru.es\/wp-content\/smush-avif\/2024\/11\/1257808-300x104.jpg.avif\" sizes=\"(max-width: 251px) 100vw, 251px\" srcset=\"https:\/\/www.mallorcaguru.es\/wp-content\/smush-avif\/2024\/11\/1257808-300x104.jpg.avif 300w, https:\/\/www.mallorcaguru.es\/wp-content\/smush-avif\/2024\/11\/1257808-592x208.jpg.avif 592w, https:\/\/www.mallorcaguru.es\/wp-content\/smush-avif\/2024\/11\/1257808-496x172.jpg.avif 496w, https:\/\/www.mallorcaguru.es\/wp-content\/smush-avif\/2024\/11\/1257808.jpg.avif 600w\" alt=\"Regiones vin\u00edcolas de Mallorca\" width=\"251\" height=\"87\" data-src=\"https:\/\/www.mallorcaguru.es\/wp-content\/smush-avif\/2024\/11\/1257808-300x104.jpg.avif\" data-srcset=\"https:\/\/www.mallorcaguru.es\/wp-content\/smush-avif\/2024\/11\/1257808-300x104.jpg.avif 300w, https:\/\/www.mallorcaguru.es\/wp-content\/smush-avif\/2024\/11\/1257808-592x208.jpg.avif 592w, https:\/\/www.mallorcaguru.es\/wp-content\/smush-avif\/2024\/11\/1257808-496x172.jpg.avif 496w, https:\/\/www.mallorcaguru.es\/wp-content\/smush-avif\/2024\/11\/1257808.jpg.avif 600w\" data-smush-avif-fallback=\"{&quot;data-src&quot;:&quot;https:\\\/\\\/www.mallorcaguru.es\\\/wp-content\\\/smush-avif\\\/2024\\\/11\\\/1257808-300x104.jpg.avif&quot;,&quot;data-srcset&quot;:&quot;https:\\\/\\\/www.mallorcaguru.es\\\/wp-content\\\/smush-avif\\\/2024\\\/11\\\/1257808-300x104.jpg.avif 300w, https:\\\/\\\/www.mallorcaguru.es\\\/wp-content\\\/smush-avif\\\/2024\\\/11\\\/1257808-592x208.jpg.avif 592w, https:\\\/\\\/www.mallorcaguru.es\\\/wp-content\\\/smush-avif\\\/2024\\\/11\\\/1257808-496x172.jpg.avif 496w, https:\\\/\\\/www.mallorcaguru.es\\\/wp-content\\\/smush-avif\\\/2024\\\/11\\\/1257808.jpg.avif 600w&quot;}\" \/><\/a><\/p>\n<p><\/p>\n<p style=\"padding-left: 40px;\"><a href=\"https:\/\/www.mallorcaguru.es\/es\/zona\/denominacion-de-origen-pla-y-llevant-vino-de-mallorca\/\" target=\"_blank\" rel=\"noopener\"><img loading=\"lazy\" decoding=\"async\" class=\"aligncenter wp-image-144946 size-medium\" title=\"Regiones vin\u00edcolas de Mallorca\" src=\"https:\/\/www.mallorcaguru.es\/wp-content\/smush-avif\/2024\/11\/DO_3-300x233.jpg.avif\" sizes=\"(max-width: 300px) 100vw, 300px\" srcset=\"https:\/\/www.mallorcaguru.es\/wp-content\/smush-avif\/2024\/11\/DO_3-300x233.jpg.avif 300w, https:\/\/www.mallorcaguru.es\/wp-content\/smush-avif\/2024\/11\/DO_3.jpg.avif 470w\" alt=\"Regiones vin\u00edcolas de Mallorca\" width=\"300\" height=\"233\" data-src=\"https:\/\/www.mallorcaguru.es\/wp-content\/smush-avif\/2024\/11\/DO_3-300x233.jpg.avif\" data-srcset=\"https:\/\/www.mallorcaguru.es\/wp-content\/smush-avif\/2024\/11\/DO_3-300x233.jpg.avif 300w, https:\/\/www.mallorcaguru.es\/wp-content\/smush-avif\/2024\/11\/DO_3.jpg.avif 470w\" data-smush-avif-fallback=\"{&quot;data-src&quot;:&quot;https:\\\/\\\/www.mallorcaguru.es\\\/wp-content\\\/smush-avif\\\/2024\\\/11\\\/DO_3-300x233.jpg.avif&quot;,&quot;data-srcset&quot;:&quot;https:\\\/\\\/www.mallorcaguru.es\\\/wp-content\\\/smush-avif\\\/2024\\\/11\\\/DO_3-300x233.jpg.avif 300w, https:\\\/\\\/www.mallorcaguru.es\\\/wp-content\\\/smush-avif\\\/2024\\\/11\\\/DO_3.jpg.avif 470w&quot;}\" \/><\/a><\/p>\n\t\t\t\t\t\t\t\t<\/div>\n\t\t\t\t<\/div>\n\t\t\t\t\t<\/div>\n\t\t<\/div>\n\t\t\t\t\t<\/div>\n\t\t<\/section>\n\t\t\t\t<\/div>\n\t\t","protected":false},"excerpt":{"rendered":"<p>Regiones vin\u00edcolas de Mallorca La historia de la elaboraci\u00f3n del vino en Mallorca La historia de la elaboraci\u00f3n del vino en Mallorca se remonta a la antig\u00fcedad y traza una rica tradici\u00f3n que se entrelaza con la evoluci\u00f3n cultural y agr\u00edcola de la isla. La viticultura probablemente fue introducida por los fenicios y luego expandida [&hellip;]<\/p>\n","protected":false},"author":1,"featured_media":144919,"parent":0,"menu_order":0,"comment_status":"closed","ping_status":"closed","template":"elementor_theme","meta":{"footnotes":""},"categories":[3341],"tags":[],"class_list":["post-145494","page","type-page","status-publish","has-post-thumbnail","hentry","category-articulos-de-publicaciones-generales"],"_links":{"self":[{"href":"https:\/\/www.mallorcaguru.es\/es\/wp-json\/wp\/v2\/pages\/145494","targetHints":{"allow":["GET"]}}],"collection":[{"href":"https:\/\/www.mallorcaguru.es\/es\/wp-json\/wp\/v2\/pages"}],"about":[{"href":"https:\/\/www.mallorcaguru.es\/es\/wp-json\/wp\/v2\/types\/page"}],"author":[{"embeddable":true,"href":"https:\/\/www.mallorcaguru.es\/es\/wp-json\/wp\/v2\/users\/1"}],"replies":[{"embeddable":true,"href":"https:\/\/www.mallorcaguru.es\/es\/wp-json\/wp\/v2\/comments?post=145494"}],"version-history":[{"count":0,"href":"https:\/\/www.mallorcaguru.es\/es\/wp-json\/wp\/v2\/pages\/145494\/revisions"}],"wp:featuredmedia":[{"embeddable":true,"href":"https:\/\/www.mallorcaguru.es\/es\/wp-json\/wp\/v2\/media\/144919"}],"wp:attachment":[{"href":"https:\/\/www.mallorcaguru.es\/es\/wp-json\/wp\/v2\/media?parent=145494"}],"wp:term":[{"taxonomy":"category","embeddable":true,"href":"https:\/\/www.mallorcaguru.es\/es\/wp-json\/wp\/v2\/categories?post=145494"},{"taxonomy":"post_tag","embeddable":true,"href":"https:\/\/www.mallorcaguru.es\/es\/wp-json\/wp\/v2\/tags?post=145494"}],"curies":[{"name":"wp","href":"https:\/\/api.w.org\/{rel}","templated":true}]}}