{"id":175613,"date":"2025-03-27T14:21:36","date_gmt":"2025-03-27T13:21:36","guid":{"rendered":"https:\/\/www.mallorcaguru.es\/declaracion-de-accesibilidad\/"},"modified":"2025-09-07T14:05:51","modified_gmt":"2025-09-07T12:05:51","slug":"declaracion-de-accesibilidad","status":"publish","type":"page","link":"https:\/\/www.mallorcaguru.es\/es\/declaracion-de-accesibilidad\/","title":{"rendered":"Declaraci\u00f3n de accesibilidad"},"content":{"rendered":"\r\n<p>&nbsp;<\/p>\r\n\r\n\r\n\r\n<h2>Declaraci\u00f3n de accesibilidad<\/h2>\r\n<h2>Mallorca Property Guru<\/h2>\r\n<p>Mallorca Property Guru se compromete a garantizar la accesibilidad digital para las personas con discapacidad. Mejoramos continuamente la experiencia del usuario para todos y aplicamos los est\u00e1ndares de accesibilidad pertinentes.<\/p>\r\n<h3><span style=\"font-size: 12pt;\"><strong>Conformance status<\/strong><\/span><\/h3>\r\n<p>Las Pautas de Accesibilidad al Contenido Web (WCAG) definen requisitos para que los dise\u00f1adores y desarrolladores mejoren la accesibilidad para las personas con discapacidades.<\/p>\r\n<p>Define tres niveles de conformidad: Nivel A, Nivel AA y Nivel AAA.<\/p>\r\n<p>Mallorca Property Guru realiza esfuerzos constantes para mejorar la accesibilidad de su sitio y servicios en la creencia de que es nuestra obligaci\u00f3n moral colectiva permitir un uso fluido, accesible y sin obst\u00e1culos para aquellos de nosotros con discapacidades.<\/p>\r\n<p>Nuestro objetivo es que todas las p\u00e1ginas y el contenido de https:\/\/www.mallorcaguru.es\/ sean accesibles, pero es posible que algunos contenidos a\u00fan no cumplan totalmente con los m\u00e1s altos est\u00e1ndares de accesibilidad.<\/p>\r\n<p>Esto podr\u00eda deberse a dificultades para identificar la soluci\u00f3n tecnol\u00f3gica m\u00e1s adecuada.<\/p>\r\n<p>Podemos revisar esta Declaraci\u00f3n peri\u00f3dicamente para reflejar mejoras o cambios en nuestras pr\u00e1cticas de accesibilidad.<\/p>\r\n<h3><span style=\"font-size: 12pt;\"><strong>Feedback<\/strong><\/span><\/h3>\r\n<p>Agradecemos sus comentarios sobre la accesibilidad del sitio web de Mallorca Property Guru. Por favor, h\u00e1ganos saber si encuentra barreras de accesibilidad en nuestro sitio web:<\/p>\r\n<p>Agregue <strong>Declaraci\u00f3n de accesibilidad<\/strong> como asunto de su correo electr\u00f3nico.<\/p>\r\n<p>Correo electr\u00f3nico: info@mallorcaguru.es<\/p>\r\n<p>Intentamos responder a los comentarios en un plazo de 3 a 5 d\u00edas h\u00e1biles.<\/p>\r\n<p>Esta declaraci\u00f3n fue creada el 27\/03\/2025.<\/p>\r\n<p>&nbsp;<\/p>\r\n","protected":false},"excerpt":{"rendered":"<p>&nbsp; Declaraci\u00f3n de accesibilidad Mallorca Property Guru Mallorca Property Guru se compromete a garantizar la accesibilidad digital para las personas con discapacidad. Mejoramos continuamente la experiencia del usuario para todos y aplicamos los est\u00e1ndares de accesibilidad pertinentes. Conformance status Las Pautas de Accesibilidad al Contenido Web (WCAG) definen requisitos para que los dise\u00f1adores y desarrolladores [&hellip;]<\/p>\n","protected":false},"author":1,"featured_media":270242,"parent":0,"menu_order":0,"comment_status":"closed","ping_status":"closed","template":"","meta":{"footnotes":""},"categories":[3915],"tags":[],"class_list":["post-175613","page","type-page","status-publish","has-post-thumbnail","hentry","category-usuario"],"_links":{"self":[{"href":"https:\/\/www.mallorcaguru.es\/es\/wp-json\/wp\/v2\/pages\/175613","targetHints":{"allow":["GET"]}}],"collection":[{"href":"https:\/\/www.mallorcaguru.es\/es\/wp-json\/wp\/v2\/pages"}],"about":[{"href":"https:\/\/www.mallorcaguru.es\/es\/wp-json\/wp\/v2\/types\/page"}],"author":[{"embeddable":true,"href":"https:\/\/www.mallorcaguru.es\/es\/wp-json\/wp\/v2\/users\/1"}],"replies":[{"embeddable":true,"href":"https:\/\/www.mallorcaguru.es\/es\/wp-json\/wp\/v2\/comments?post=175613"}],"version-history":[{"count":0,"href":"https:\/\/www.mallorcaguru.es\/es\/wp-json\/wp\/v2\/pages\/175613\/revisions"}],"wp:featuredmedia":[{"embeddable":true,"href":"https:\/\/www.mallorcaguru.es\/es\/wp-json\/wp\/v2\/media\/270242"}],"wp:attachment":[{"href":"https:\/\/www.mallorcaguru.es\/es\/wp-json\/wp\/v2\/media?parent=175613"}],"wp:term":[{"taxonomy":"category","embeddable":true,"href":"https:\/\/www.mallorcaguru.es\/es\/wp-json\/wp\/v2\/categories?post=175613"},{"taxonomy":"post_tag","embeddable":true,"href":"https:\/\/www.mallorcaguru.es\/es\/wp-json\/wp\/v2\/tags?post=175613"}],"curies":[{"name":"wp","href":"https:\/\/api.w.org\/{rel}","templated":true}]}}