{"id":355802,"date":"2026-05-09T16:47:34","date_gmt":"2026-05-09T14:47:34","guid":{"rendered":"https:\/\/www.mallorcaguru.es\/iniciar-sesion-y-registrarse\/"},"modified":"2026-05-09T17:46:31","modified_gmt":"2026-05-09T15:46:31","slug":"iniciar-sesion-y-registrarse","status":"publish","type":"page","link":"https:\/\/www.mallorcaguru.es\/es\/iniciar-sesion-y-registrarse\/","title":{"rendered":"Iniciar sesi\u00f3n y registrarse"},"content":{"rendered":"\t\t<div data-elementor-type=\"wp-page\" data-elementor-id=\"355802\" class=\"elementor elementor-355802 elementor-355686\" data-elementor-post-type=\"page\">\n\t\t\t\t<div class=\"elementor-element elementor-element-6733de4 e-flex e-con-boxed e-con e-parent\" data-id=\"6733de4\" data-element_type=\"container\" data-e-type=\"container\">\n\t\t\t\t\t<div class=\"e-con-inner\">\n\t\t\t\t<div class=\"elementor-element elementor-element-71b6db7 elementor-widget elementor-widget-houzez_elementor_page_title\" data-id=\"71b6db7\" data-element_type=\"widget\" data-e-type=\"widget\" data-widget_type=\"houzez_elementor_page_title.default\">\n\t\t\t\t<div class=\"elementor-widget-container\">\n\t\t\t\t\t\n<div class=\"breadcrumb-wrap\" role=\"navigation\">\n\t<nav>\n\t\t<ol class=\"breadcrumb\"><li class=\"breadcrumb-item breadcrumb-item-home\"><i class=\"houzez-icon icon-house\"><\/i><a href=\"https:\/\/www.mallorcaguru.es\/es\/\/\">Inicio<\/a><\/li><li class=\"breadcrumb-item active\">P\u00e1ginas<\/li><\/ol>\t<\/nav>\n<\/div><!-- breadcrumb-wrap --> \n        <div class=\"d-flex align-items-center\">\n            <div class=\"page-title flex-grow-1\" role=\"heading\" aria-level=\"1\">\n\t<h1>Iniciar sesi\u00f3n y registrarse<\/h1>\n<\/div><!-- page-title -->\n \n        <\/div><!-- d-flex -->  \n        \t\t\t\t<\/div>\n\t\t\t\t<\/div>\n\t\t\t\t<div class=\"elementor-element elementor-element-e7ba98d elementor-widget elementor-widget-text-editor\" data-id=\"e7ba98d\" data-element_type=\"widget\" data-e-type=\"widget\" data-widget_type=\"text-editor.default\">\n\t\t\t\t\t\t\t\t\t<h2 style=\"padding-left: 40px;\"><strong><span style=\"font-size: 12pt;\">Crear una cuenta de usuario con nosotros<\/span><\/strong><\/h2><p style=\"padding-left: 40px; text-align: center;\">Puede guardar sus resultados de b\u00fasqueda y sus propiedades favoritas, y verlos en la pesta\u00f1a de visitante del men\u00fa principal.<\/p><p style=\"padding-left: 40px; text-align: center;\"><strong>O utilice el men\u00fa de visitante a continuaci\u00f3n.<\/strong><\/p><p style=\"padding-left: 40px;\">Si mantiene sus b\u00fasquedas guardadas, nuestro sitio web recordar\u00e1 los criterios con los que busc\u00f3 y le enviar\u00e1 una alerta por correo electr\u00f3nico cuando se a\u00f1ada una nueva propiedad que cumpla sus criterios.<\/p><p style=\"padding-left: 40px; text-align: center;\">Cuando haya guardado sus b\u00fasquedas y a\u00f1adido propiedades a sus favoritas, podr\u00e1 comparar las propiedades que ha guardado. <\/p><p style=\"text-align: center;\"><strong>Simplemente haga clic en el icono de abajo para crear su cuenta.<\/strong><\/p>\t\t\t\t\t\t\t\t<\/div>\n\t\t\t\t\t<\/div>\n\t\t\t\t<\/div>\n\t\t<div class=\"elementor-element elementor-element-a7ff4be e-flex e-con-boxed e-con e-parent\" data-id=\"a7ff4be\" data-element_type=\"container\" data-e-type=\"container\">\n\t\t\t\t\t<div class=\"e-con-inner\">\n\t\t\t\t<div class=\"elementor-element elementor-element-ab16c06 elementor-widget elementor-widget-houzez-login-modal\" data-id=\"ab16c06\" data-element_type=\"widget\" data-e-type=\"widget\" data-widget_type=\"houzez-login-modal.default\">\n\t\t\t\t<div class=\"elementor-widget-container\">\n\t\t\t\t\t\t\t\n\t\t\t\t\t<div class=\"login-register\">\t\n\t\t\t\t\t\t\t\t<div class=\"login-link\">\n\t\t\t\t\t<a class=\"btn btn-icon-login-register dropdown-toggle\" \n\t\t\t\t\t\t   href=\"#\" \n\t\t\t\t\t\t   data-bs-toggle=\"modal\" \n\t\t\t\t\t\t   data-bs-target=\"#login-register-form\"\n\t\t\t\t\t\t   role=\"menuitem\">\n\t\t\t\t\t\t<i class=\"houzez-icon icon-single-neutral-circle\" aria-hidden=\"true\"><\/i>\n\t\t\t\t\t<\/a>\n\t\t\t\t<\/div>\n\t\t\t\t\t\t\t<\/div>\n\t\t\t\t\t\t<\/div>\n\t\t\t\t<\/div>\n\t\t\t\t\t<\/div>\n\t\t\t\t<\/div>\n\t\t\t\t<\/div>\n\t\t","protected":false},"excerpt":{"rendered":"<p>Home Crear una cuenta de usuario con nosotros Puede guardar sus resultados de b\u00fasqueda y sus propiedades favoritas, y verlos en la pesta\u00f1a de visitante del men\u00fa principal. O utilice el men\u00fa de visitante a continuaci\u00f3n. Si mantiene sus b\u00fasquedas guardadas, nuestro sitio web recordar\u00e1 los criterios con los que busc\u00f3 y le enviar\u00e1 una [&hellip;]<\/p>\n","protected":false},"author":1,"featured_media":128169,"parent":0,"menu_order":0,"comment_status":"closed","ping_status":"closed","template":"elementor_header_footer","meta":{"footnotes":""},"categories":[3920],"tags":[],"class_list":["post-355802","page","type-page","status-publish","has-post-thumbnail","hentry","category-paginas-principales"],"_links":{"self":[{"href":"https:\/\/www.mallorcaguru.es\/es\/wp-json\/wp\/v2\/pages\/355802","targetHints":{"allow":["GET"]}}],"collection":[{"href":"https:\/\/www.mallorcaguru.es\/es\/wp-json\/wp\/v2\/pages"}],"about":[{"href":"https:\/\/www.mallorcaguru.es\/es\/wp-json\/wp\/v2\/types\/page"}],"author":[{"embeddable":true,"href":"https:\/\/www.mallorcaguru.es\/es\/wp-json\/wp\/v2\/users\/1"}],"replies":[{"embeddable":true,"href":"https:\/\/www.mallorcaguru.es\/es\/wp-json\/wp\/v2\/comments?post=355802"}],"version-history":[{"count":0,"href":"https:\/\/www.mallorcaguru.es\/es\/wp-json\/wp\/v2\/pages\/355802\/revisions"}],"wp:featuredmedia":[{"embeddable":true,"href":"https:\/\/www.mallorcaguru.es\/es\/wp-json\/wp\/v2\/media\/128169"}],"wp:attachment":[{"href":"https:\/\/www.mallorcaguru.es\/es\/wp-json\/wp\/v2\/media?parent=355802"}],"wp:term":[{"taxonomy":"category","embeddable":true,"href":"https:\/\/www.mallorcaguru.es\/es\/wp-json\/wp\/v2\/categories?post=355802"},{"taxonomy":"post_tag","embeddable":true,"href":"https:\/\/www.mallorcaguru.es\/es\/wp-json\/wp\/v2\/tags?post=355802"}],"curies":[{"name":"wp","href":"https:\/\/api.w.org\/{rel}","templated":true}]}}