{"id":175614,"date":"2025-03-27T14:21:36","date_gmt":"2025-03-27T13:21:36","guid":{"rendered":"https:\/\/www.mallorcaguru.es\/tillganglighetsforklaring\/"},"modified":"2025-09-07T14:06:05","modified_gmt":"2025-09-07T12:06:05","slug":"tillganglighetsforklaring","status":"publish","type":"page","link":"https:\/\/www.mallorcaguru.es\/sv\/tillganglighetsforklaring\/","title":{"rendered":"Tillg\u00e4nglighetsf\u00f6rklaring"},"content":{"rendered":"\r\n<p>&nbsp;<\/p>\r\n\r\n\r\n\r\n<h2>Tillg\u00e4nglighetsf\u00f6rklaring<\/h2>\r\n<h2>Mallorca Property Guru<\/h2>\r\n<p>Mallorca Property Guru har \u00e5tagit sig att s\u00e4kerst\u00e4lla digital tillg\u00e4nglighet f\u00f6r personer med funktionsneds\u00e4ttning. Vi f\u00f6rb\u00e4ttrar st\u00e4ndigt anv\u00e4ndarupplevelsen f\u00f6r alla och till\u00e4mpar relevanta tillg\u00e4nglighetsstandarder.<\/p>\r\n<h3><span style=\"font-size: 12pt;\"><strong>Conformance status<\/strong><\/span><\/h3>\r\n<p>Web Content Accessibility Guidelines (WCAG) definierar krav p\u00e5 designers och utvecklare f\u00f6r att f\u00f6rb\u00e4ttra tillg\u00e4ngligheten f\u00f6r personer med funktionsneds\u00e4ttning.<\/p>\r\n<p>Den definierar tre niv\u00e5er av \u00f6verensst\u00e4mmelse: niv\u00e5 A, niv\u00e5 AA och niv\u00e5 AAA.<\/p>\r\n<p>Mallorca Property Guru g\u00f6r st\u00e4ndiga anstr\u00e4ngningar f\u00f6r att f\u00f6rb\u00e4ttra tillg\u00e4ngligheten f\u00f6r sin webbplats och tj\u00e4nster i tron \u200b\u200batt det \u00e4r v\u00e5r kollektiva moraliska skyldighet att till\u00e5ta s\u00f6ml\u00f6s, tillg\u00e4nglig och obehindrad anv\u00e4ndning f\u00f6r de av oss med funktionshinder.<\/p>\r\n<p>Vi str\u00e4var efter att g\u00f6ra alla sidor och inneh\u00e5ll p\u00e5 https:\/\/www.mallorcaguru.es\/ tillg\u00e4ngligt, men visst inneh\u00e5ll kanske \u00e4nnu inte helt uppfyller de h\u00f6gsta tillg\u00e4nglighetsstandarderna.<\/p>\r\n<p>Detta kan bero p\u00e5 utmaningar med att hitta den mest l\u00e4mpliga tekniska l\u00f6sningen.<\/p>\r\n<p>Vi kan komma att revidera denna policy regelbundet f\u00f6r att \u00e5terspegla f\u00f6rb\u00e4ttringar eller \u00e4ndringar i v\u00e5ra tillg\u00e4nglighetsrutiner.<\/p>\r\n<h3><span style=\"font-size: 12pt;\"><strong>Feedback<\/strong><\/span><\/h3>\r\n<p>Vi v\u00e4lkomnar din feedback om tillg\u00e4ngligheten p\u00e5 Mallorca Property Gurus webbplats. Meddela oss om du st\u00f6ter p\u00e5 tillg\u00e4nglighetshinder p\u00e5 v\u00e5r webbplats:<\/p>\r\n<p>V\u00e4nligen l\u00e4gg till <strong>Tillg\u00e4nglighetsf\u00f6rklaring<\/strong> som \u00e4mnesrad i ditt e-postmeddelande.<\/p>\r\n<p>E-post: info@mallorcaguru.es<\/p>\r\n<p>Vi f\u00f6rs\u00f6ker svara p\u00e5 feedback inom 3\u20135 arbetsdagar.<\/p>\r\n<p>Detta uttalande skapades den 27\/03\/2025.<\/p>\r\n<p>&nbsp;<\/p>\r\n","protected":false},"excerpt":{"rendered":"<p>&nbsp; Tillg\u00e4nglighetsf\u00f6rklaring Mallorca Property Guru Mallorca Property Guru har \u00e5tagit sig att s\u00e4kerst\u00e4lla digital tillg\u00e4nglighet f\u00f6r personer med funktionsneds\u00e4ttning. Vi f\u00f6rb\u00e4ttrar st\u00e4ndigt anv\u00e4ndarupplevelsen f\u00f6r alla och till\u00e4mpar relevanta tillg\u00e4nglighetsstandarder. Conformance status Web Content Accessibility Guidelines (WCAG) definierar krav p\u00e5 designers och utvecklare f\u00f6r att f\u00f6rb\u00e4ttra tillg\u00e4ngligheten f\u00f6r personer med funktionsneds\u00e4ttning. Den definierar tre niv\u00e5er av [&hellip;]<\/p>\n","protected":false},"author":1,"featured_media":270243,"parent":0,"menu_order":0,"comment_status":"closed","ping_status":"closed","template":"","meta":{"footnotes":""},"categories":[3916],"tags":[],"class_list":["post-175614","page","type-page","status-publish","has-post-thumbnail","hentry","category-anvandare"],"_links":{"self":[{"href":"https:\/\/www.mallorcaguru.es\/sv\/wp-json\/wp\/v2\/pages\/175614","targetHints":{"allow":["GET"]}}],"collection":[{"href":"https:\/\/www.mallorcaguru.es\/sv\/wp-json\/wp\/v2\/pages"}],"about":[{"href":"https:\/\/www.mallorcaguru.es\/sv\/wp-json\/wp\/v2\/types\/page"}],"author":[{"embeddable":true,"href":"https:\/\/www.mallorcaguru.es\/sv\/wp-json\/wp\/v2\/users\/1"}],"replies":[{"embeddable":true,"href":"https:\/\/www.mallorcaguru.es\/sv\/wp-json\/wp\/v2\/comments?post=175614"}],"version-history":[{"count":0,"href":"https:\/\/www.mallorcaguru.es\/sv\/wp-json\/wp\/v2\/pages\/175614\/revisions"}],"wp:featuredmedia":[{"embeddable":true,"href":"https:\/\/www.mallorcaguru.es\/sv\/wp-json\/wp\/v2\/media\/270243"}],"wp:attachment":[{"href":"https:\/\/www.mallorcaguru.es\/sv\/wp-json\/wp\/v2\/media?parent=175614"}],"wp:term":[{"taxonomy":"category","embeddable":true,"href":"https:\/\/www.mallorcaguru.es\/sv\/wp-json\/wp\/v2\/categories?post=175614"},{"taxonomy":"post_tag","embeddable":true,"href":"https:\/\/www.mallorcaguru.es\/sv\/wp-json\/wp\/v2\/tags?post=175614"}],"curies":[{"name":"wp","href":"https:\/\/api.w.org\/{rel}","templated":true}]}}