{"id":355804,"date":"2026-05-09T16:47:34","date_gmt":"2026-05-09T14:47:34","guid":{"rendered":"https:\/\/www.mallorcaguru.es\/logga-in-registrera\/"},"modified":"2026-05-09T17:47:37","modified_gmt":"2026-05-09T15:47:37","slug":"logga-in-registrera","status":"publish","type":"page","link":"https:\/\/www.mallorcaguru.es\/sv\/logga-in-registrera\/","title":{"rendered":"Logga in; registrera"},"content":{"rendered":"\t\t<div data-elementor-type=\"wp-page\" data-elementor-id=\"355804\" class=\"elementor elementor-355804 elementor-355686\" data-elementor-post-type=\"page\">\n\t\t\t\t<div class=\"elementor-element elementor-element-6733de4 e-flex e-con-boxed e-con e-parent\" data-id=\"6733de4\" data-element_type=\"container\" data-e-type=\"container\">\n\t\t\t\t\t<div class=\"e-con-inner\">\n\t\t\t\t<div class=\"elementor-element elementor-element-71b6db7 elementor-widget elementor-widget-houzez_elementor_page_title\" data-id=\"71b6db7\" data-element_type=\"widget\" data-e-type=\"widget\" data-widget_type=\"houzez_elementor_page_title.default\">\n\t\t\t\t<div class=\"elementor-widget-container\">\n\t\t\t\t\t\n<div class=\"breadcrumb-wrap\" role=\"navigation\">\n\t<nav>\n\t\t<ol class=\"breadcrumb\"><li class=\"breadcrumb-item breadcrumb-item-home\"><i class=\"houzez-icon icon-house\"><\/i><a href=\"https:\/\/www.mallorcaguru.es\/sv\/\/\">Hem<\/a><\/li><li class=\"breadcrumb-item active\">Sidor<\/li><\/ol>\t<\/nav>\n<\/div><!-- breadcrumb-wrap --> \n        <div class=\"d-flex align-items-center\">\n            <div class=\"page-title flex-grow-1\" role=\"heading\" aria-level=\"1\">\n\t<h1>Logga in; registrera<\/h1>\n<\/div><!-- page-title -->\n \n        <\/div><!-- d-flex -->  \n        \t\t\t\t<\/div>\n\t\t\t\t<\/div>\n\t\t\t\t<div class=\"elementor-element elementor-element-e7ba98d elementor-widget elementor-widget-text-editor\" data-id=\"e7ba98d\" data-element_type=\"widget\" data-e-type=\"widget\" data-widget_type=\"text-editor.default\">\n\t\t\t\t\t\t\t\t\t<h2 style=\"padding-left: 40px;\"><strong><span style=\"font-size: 12pt;\">Skapa ett anv\u00e4ndarkonto hos oss<\/span><\/strong><\/h2><p style=\"padding-left: 40px; text-align: center;\">Ni kan spara era s\u00f6kresultat och era favoritfastigheter och se dem under bes\u00f6karfliken i huvudmenyn.<\/p><p style=\"padding-left: 40px; text-align: center;\"><strong>Eller anv\u00e4nd bes\u00f6karmenyn nedan.<\/strong><\/p><p style=\"padding-left: 40px;\">Om ni sparar era s\u00f6kningar kommer v\u00e5r webbplats att komma ih\u00e5g de kriterier ni s\u00f6kte med och skicka er en e-postavisering n\u00e4r en ny fastighet l\u00e4ggs till som uppfyller era kriterier.<\/p><p style=\"padding-left: 40px; text-align: center;\">N\u00e4r ni har sparat era s\u00f6kningar och lagt till fastigheter bland era favoritfastigheter kan ni j\u00e4mf\u00f6ra de fastigheter ni har sparat. <\/p><p style=\"text-align: center;\"><strong>Klicka bara p\u00e5 ikonen nedan f\u00f6r att skapa ert konto.<\/strong><\/p>\t\t\t\t\t\t\t\t<\/div>\n\t\t\t\t\t<\/div>\n\t\t\t\t<\/div>\n\t\t<div class=\"elementor-element elementor-element-a7ff4be e-flex e-con-boxed e-con e-parent\" data-id=\"a7ff4be\" data-element_type=\"container\" data-e-type=\"container\">\n\t\t\t\t\t<div class=\"e-con-inner\">\n\t\t\t\t<div class=\"elementor-element elementor-element-ab16c06 elementor-widget elementor-widget-houzez-login-modal\" data-id=\"ab16c06\" data-element_type=\"widget\" data-e-type=\"widget\" data-widget_type=\"houzez-login-modal.default\">\n\t\t\t\t<div class=\"elementor-widget-container\">\n\t\t\t\t\t\t\t\n\t\t\t\t\t<div class=\"login-register\">\t\n\t\t\t\t\t\t\t\t<div class=\"login-link\">\n\t\t\t\t\t<a class=\"btn btn-icon-login-register dropdown-toggle\" \n\t\t\t\t\t\t   href=\"#\" \n\t\t\t\t\t\t   data-bs-toggle=\"modal\" \n\t\t\t\t\t\t   data-bs-target=\"#login-register-form\"\n\t\t\t\t\t\t   role=\"menuitem\">\n\t\t\t\t\t\t<i class=\"houzez-icon icon-single-neutral-circle\" aria-hidden=\"true\"><\/i>\n\t\t\t\t\t<\/a>\n\t\t\t\t<\/div>\n\t\t\t\t\t\t\t<\/div>\n\t\t\t\t\t\t<\/div>\n\t\t\t\t<\/div>\n\t\t\t\t\t<\/div>\n\t\t\t\t<\/div>\n\t\t\t\t<\/div>\n\t\t","protected":false},"excerpt":{"rendered":"<p>Home Skapa ett anv\u00e4ndarkonto hos oss Ni kan spara era s\u00f6kresultat och era favoritfastigheter och se dem under bes\u00f6karfliken i huvudmenyn. Eller anv\u00e4nd bes\u00f6karmenyn nedan. Om ni sparar era s\u00f6kningar kommer v\u00e5r webbplats att komma ih\u00e5g de kriterier ni s\u00f6kte med och skicka er en e-postavisering n\u00e4r en ny fastighet l\u00e4ggs till som uppfyller era [&hellip;]<\/p>\n","protected":false},"author":1,"featured_media":128170,"parent":0,"menu_order":0,"comment_status":"closed","ping_status":"closed","template":"elementor_header_footer","meta":{"footnotes":""},"categories":[3921],"tags":[],"class_list":["post-355804","page","type-page","status-publish","has-post-thumbnail","hentry","category-huvudsidor"],"_links":{"self":[{"href":"https:\/\/www.mallorcaguru.es\/sv\/wp-json\/wp\/v2\/pages\/355804","targetHints":{"allow":["GET"]}}],"collection":[{"href":"https:\/\/www.mallorcaguru.es\/sv\/wp-json\/wp\/v2\/pages"}],"about":[{"href":"https:\/\/www.mallorcaguru.es\/sv\/wp-json\/wp\/v2\/types\/page"}],"author":[{"embeddable":true,"href":"https:\/\/www.mallorcaguru.es\/sv\/wp-json\/wp\/v2\/users\/1"}],"replies":[{"embeddable":true,"href":"https:\/\/www.mallorcaguru.es\/sv\/wp-json\/wp\/v2\/comments?post=355804"}],"version-history":[{"count":0,"href":"https:\/\/www.mallorcaguru.es\/sv\/wp-json\/wp\/v2\/pages\/355804\/revisions"}],"wp:featuredmedia":[{"embeddable":true,"href":"https:\/\/www.mallorcaguru.es\/sv\/wp-json\/wp\/v2\/media\/128170"}],"wp:attachment":[{"href":"https:\/\/www.mallorcaguru.es\/sv\/wp-json\/wp\/v2\/media?parent=355804"}],"wp:term":[{"taxonomy":"category","embeddable":true,"href":"https:\/\/www.mallorcaguru.es\/sv\/wp-json\/wp\/v2\/categories?post=355804"},{"taxonomy":"post_tag","embeddable":true,"href":"https:\/\/www.mallorcaguru.es\/sv\/wp-json\/wp\/v2\/tags?post=355804"}],"curies":[{"name":"wp","href":"https:\/\/api.w.org\/{rel}","templated":true}]}}