{"id":4844,"date":"2016-03-10T18:51:46","date_gmt":"2016-03-10T17:51:46","guid":{"rendered":"https:\/\/www.mallorcaguru.es\/villkor\/"},"modified":"2025-09-07T16:20:59","modified_gmt":"2025-09-07T14:20:59","slug":"villkor","status":"publish","type":"page","link":"https:\/\/www.mallorcaguru.es\/sv\/villkor\/","title":{"rendered":"Regler och villkor"},"content":{"rendered":"<div class=\"page-header\">\n<h1><span style=\"font-size: 14pt;\">Ansvarsfriskrivning f\u00f6r Mallorca Property Guru<\/span><\/h1>\n<\/div>\n<div>\n<p>Om du beh\u00f6ver mer information eller har n\u00e5gra fr\u00e5gor om v\u00e5r sajts ansvarsfriskrivning \u00e4r du v\u00e4lkommen att g\u00f6ra det<span style=\"color: #0000ff;\"><a style=\"color: #0000ff;\" href=\"https:\/\/www.mallorcaguru.es\/sv\/kontakt\/\" target=\"_blank\" rel=\"noopener\"> kontakta oss<\/a><\/span><\/p>\n<p><strong>All information som tillhandah\u00e5lls av fastighets\u00e4garna p\u00e5 denna webbplats publiceras i god tro och endast i allm\u00e4nt informationssyfte.<\/strong><\/p>\n<p>Mallorca Property Guru l\u00e4mnar inga garantier om fullst\u00e4ndigheten, tillf\u00f6rlitligheten och riktigheten av denna information.<\/p>\n<p>Alla \u00e5tg\u00e4rder du vidtar med avseende p\u00e5 informationen du hittar p\u00e5 denna webbplats (Mallorca Property Guru), sker helt p\u00e5 din egen risk. Mallorca Property Guru kommer inte att h\u00e5llas ansvarigt f\u00f6r eventuella f\u00f6rluster och\/eller skador i samband med anv\u00e4ndningen av v\u00e5r webbplats.<\/p>\n<p>Fr\u00e5n v\u00e5r webbplats kan du bes\u00f6ka andra webbplatser genom att f\u00f6lja hyperl\u00e4nkar till s\u00e5dana externa webbplatser. \u00c4ven om vi str\u00e4var efter att endast tillhandah\u00e5lla kvalitetsl\u00e4nkar till anv\u00e4ndbara och etiska webbplatser, har vi ingen kontroll \u00f6ver inneh\u00e5llet och karakt\u00e4ren p\u00e5 dessa webbplatser. Dessa l\u00e4nkar till andra webbplatser inneb\u00e4r inte en rekommendation f\u00f6r allt inneh\u00e5ll som finns p\u00e5 dessa webbplatser. Webbplats\u00e4gare och inneh\u00e5ll kan \u00e4ndras utan f\u00f6reg\u00e5ende meddelande och kan intr\u00e4ffa innan vi har m\u00f6jlighet att ta bort en l\u00e4nk som kan ha blivit &#8220;d\u00e5lig&#8221;.<\/p>\n<p>Var ocks\u00e5 medveten om att n\u00e4r du l\u00e4mnar v\u00e5r webbplats kan andra webbplatser ha andra integritetspolicyer och villkor som ligger utanf\u00f6r v\u00e5r kontroll. Se till att kontrollera integritetspolicyn f\u00f6r dessa webbplatser samt deras &#8220;Anv\u00e4ndarvillkor&#8221; innan du engagerar dig i n\u00e5gon verksamhet eller laddar upp information.<\/p>\n<p>Samtycke<br \/>\nGenom att anv\u00e4nda v\u00e5r webbplats samtycker du h\u00e4rmed till v\u00e5r ansvarsfriskrivning och godk\u00e4nner dess villkor.<\/p>\n<p>Uppdatera<\/p>\n<p>Om vi \u200b\u200buppdaterar, \u00e4ndrar eller g\u00f6r n\u00e5gra \u00e4ndringar i detta dokument kommer dessa \u00e4ndringar att publiceras tydligt h\u00e4r.<\/p>\n<\/div>\n","protected":false},"excerpt":{"rendered":"<p>Ansvarsfriskrivning f\u00f6r Mallorca Property Guru Om du beh\u00f6ver mer information eller har n\u00e5gra fr\u00e5gor om v\u00e5r sajts ansvarsfriskrivning \u00e4r du v\u00e4lkommen att g\u00f6ra det kontakta oss All information som tillhandah\u00e5lls av fastighets\u00e4garna p\u00e5 denna webbplats publiceras i god tro och endast i allm\u00e4nt informationssyfte. Mallorca Property Guru l\u00e4mnar inga garantier om fullst\u00e4ndigheten, tillf\u00f6rlitligheten och riktigheten [&hellip;]<\/p>\n","protected":false},"author":1,"featured_media":0,"parent":0,"menu_order":28,"comment_status":"closed","ping_status":"closed","template":"template\/template-page.php","meta":{"footnotes":""},"categories":[3916],"tags":[],"class_list":["post-4844","page","type-page","status-publish","hentry","category-anvandare"],"_links":{"self":[{"href":"https:\/\/www.mallorcaguru.es\/sv\/wp-json\/wp\/v2\/pages\/4844","targetHints":{"allow":["GET"]}}],"collection":[{"href":"https:\/\/www.mallorcaguru.es\/sv\/wp-json\/wp\/v2\/pages"}],"about":[{"href":"https:\/\/www.mallorcaguru.es\/sv\/wp-json\/wp\/v2\/types\/page"}],"author":[{"embeddable":true,"href":"https:\/\/www.mallorcaguru.es\/sv\/wp-json\/wp\/v2\/users\/1"}],"replies":[{"embeddable":true,"href":"https:\/\/www.mallorcaguru.es\/sv\/wp-json\/wp\/v2\/comments?post=4844"}],"version-history":[{"count":0,"href":"https:\/\/www.mallorcaguru.es\/sv\/wp-json\/wp\/v2\/pages\/4844\/revisions"}],"wp:attachment":[{"href":"https:\/\/www.mallorcaguru.es\/sv\/wp-json\/wp\/v2\/media?parent=4844"}],"wp:term":[{"taxonomy":"category","embeddable":true,"href":"https:\/\/www.mallorcaguru.es\/sv\/wp-json\/wp\/v2\/categories?post=4844"},{"taxonomy":"post_tag","embeddable":true,"href":"https:\/\/www.mallorcaguru.es\/sv\/wp-json\/wp\/v2\/tags?post=4844"}],"curies":[{"name":"wp","href":"https:\/\/api.w.org\/{rel}","templated":true}]}}